{"id":21068,"date":"2025-09-23T14:15:47","date_gmt":"2025-09-23T12:15:47","guid":{"rendered":"https:\/\/handbag-sense.com\/?post_type=product&#038;p=21068"},"modified":"2025-09-23T15:25:54","modified_gmt":"2025-09-23T13:25:54","slug":"hermes-evelyne-iii-33-clemence-negro","status":"publish","type":"product","link":"https:\/\/handbag-sense.com\/es\/producto\/hermes-evelyne-iii-33-clemence-negro\/","title":{"rendered":"Evelyne III 33 Clemence Negro"},"content":{"rendered":"<div class=\"c-columns-m-1 c-columns-2 c-columns-gap-s\">\n<div><strong>Material:<\/strong> Taurillon Clemence Cuero<br \/>\n<strong>Color:<\/strong> Negro<br \/>\n<strong>Elementos met\u00e1licos:<\/strong> Herrajes de paladio<\/div>\n<div><strong>Material interior:<\/strong> Piel natural<\/div>\n<div><strong>Grado: <\/strong>2\u00a0<img decoding=\"async\" class=\"info_box alignnone size-medium wp-image-885\" title=\"Informaci\u00f3n\" role=\"img\" src=\"https:\/\/handbag-sense.com\/wp-content\/uploads\/2023\/05\/info_icon.svg\" alt=\"Cuadro de informaci\u00f3n\" width=\"15\" height=\"15\" \/><br \/>\n<strong>A\u00f1o de producci\u00f3n\/Sello:<\/strong> 2025 \/ W<br \/>\n<strong>Tama\u00f1o:<\/strong> 33 x 33 x 11 cm<br \/>\n<strong>Naviero:<\/strong> Mundial<\/div>\n<\/div>\n<p><strong>Incluye:<\/strong> Recibo original, bolsa guardapolvo, correa, folleto, caja<\/p>\n","protected":false},"excerpt":{"rendered":"<p data-start=\"3132\" data-end=\"3217\"><strong data-start=\"3132\" data-end=\"3215\">Herm\u00e8s Evelyne III 33 Clemence Negro con Herrajes de Paladio \u2013 Como nueva, 2025<\/strong><\/p>\n<p data-start=\"3219\" data-end=\"3689\">Este <strong data-start=\"3224\" data-end=\"3249\">Herm\u00e8s Evelyne 33<\/strong> est\u00e1 confeccionado en suave piel Taurillon Clemence en el cl\u00e1sico color negro y realzado con herrajes de paladio. Probado solo una vez, se encuentra en estado como nuevo, sin signos visibles de uso. Presenta el ic\u00f3nico \u00f3valo perforado con la \u201cH\u201d de Herm\u00e8s, costuras tono sobre tono y un pr\u00e1ctico cierre de correa. Se entrega con correa desmontable, bolsa guardapolvo, caja Herm\u00e8s y la factura original de 2025 (datos personales ocultos).<\/p>\n<p data-start=\"3691\" data-end=\"4080\">El <strong data-start=\"3694\" data-end=\"3718\">Herm\u00e8s Evelyne Negro<\/strong> representa la elegancia discreta y un dise\u00f1o vers\u00e1til. Su espacioso compartimento principal y el bolsillo trasero exterior lo convierten en el bolso de lujo perfecto para el d\u00eda a d\u00eda: funcional y sofisticado a la vez. La piel Clemence, de grano suave pero resistente, aporta durabilidad, mientras que el negro atemporal a\u00f1ade distinci\u00f3n a cualquier conjunto.<\/p>\n<p data-start=\"4082\" data-end=\"4346\">La correa desmontable de lona y cuero, en tonos a juego, permite llevarlo al hombro o cruzado, ideal tanto para salidas casuales de d\u00eda como para un estilo urbano refinado. Cada detalle refleja la tradici\u00f3n artesanal de Herm\u00e8s, ejecutada con precisi\u00f3n impecable.<\/p>\n<p data-start=\"4348\" data-end=\"4534\">M\u00e1s que un simple bolso mensajero, el Evelyne III 33 combina practicidad con valor de inversi\u00f3n. Muy apreciado por coleccionistas y conocedores, es un icono refinado del legado Herm\u00e8s.<\/p>\n","protected":false},"featured_media":21065,"template":"","meta":[],"product_brand":[2433],"product_cat":[1860,1813,1820],"product_tag":[2038],"class_list":{"0":"post-21068","1":"product","2":"type-product","3":"status-publish","4":"has-post-thumbnail","6":"product_brand-hermes-es","7":"product_cat-bandolera","8":"product_cat-bolso","9":"product_cat-bolso-cruzado","10":"product_tag-hermes-evelyne-iii-33-es","11":"pa_brand-hermes-es","12":"pa_color-negro","13":"pa_grade-grado-2","14":"pa_hermes-models-evelyne-es","15":"pa_material-cuero","17":"first","18":"outofstock","19":"shipping-taxable","20":"product-type-simple"},"_links":{"self":[{"href":"https:\/\/handbag-sense.com\/es\/wp-json\/wp\/v2\/product\/21068","targetHints":{"allow":["GET"]}}],"collection":[{"href":"https:\/\/handbag-sense.com\/es\/wp-json\/wp\/v2\/product"}],"about":[{"href":"https:\/\/handbag-sense.com\/es\/wp-json\/wp\/v2\/types\/product"}],"wp:featuredmedia":[{"embeddable":true,"href":"https:\/\/handbag-sense.com\/es\/wp-json\/wp\/v2\/media\/21065"}],"wp:attachment":[{"href":"https:\/\/handbag-sense.com\/es\/wp-json\/wp\/v2\/media?parent=21068"}],"wp:term":[{"taxonomy":"product_brand","embeddable":true,"href":"https:\/\/handbag-sense.com\/es\/wp-json\/wp\/v2\/product_brand?post=21068"},{"taxonomy":"product_cat","embeddable":true,"href":"https:\/\/handbag-sense.com\/es\/wp-json\/wp\/v2\/product_cat?post=21068"},{"taxonomy":"product_tag","embeddable":true,"href":"https:\/\/handbag-sense.com\/es\/wp-json\/wp\/v2\/product_tag?post=21068"}],"curies":[{"name":"wp","href":"https:\/\/api.w.org\/{rel}","templated":true}]}}