{"id":20939,"date":"2025-09-17T13:58:23","date_gmt":"2025-09-17T11:58:23","guid":{"rendered":"https:\/\/handbag-sense.com\/?post_type=product&#038;p=20939"},"modified":"2025-09-17T17:37:37","modified_gmt":"2025-09-17T15:37:37","slug":"chanel-medium-classic-double-flap-bag-negra","status":"publish","type":"product","link":"https:\/\/handbag-sense.com\/es\/producto\/chanel-medium-classic-double-flap-bag-negra\/","title":{"rendered":"Medium Classic Double Flap Negra"},"content":{"rendered":"<div class=\"c-columns-m-1 c-columns-2 c-columns-gap-s\">\n<div><strong>Material:<\/strong> Piel de cordero<br \/>\n<strong>Color:<\/strong> Negro<br \/>\n<strong>Elementos met\u00e1licos:<\/strong> Herrajes dorados<br \/>\n<strong>Material interior:<\/strong> Cuero<\/div>\n<div><strong>Grado: <\/strong>3\/4 <img decoding=\"async\" class=\"info_box alignnone size-medium wp-image-885\" title=\"Informaci\u00f3n\" role=\"img\" src=\"https:\/\/handbag-sense.com\/wp-content\/uploads\/2023\/05\/info_icon.svg\" alt=\"Cuadro de informaci\u00f3n\" width=\"15\" height=\"15\" \/><br \/>\n<strong>A\u00f1o de producci\u00f3n\/c\u00f3digo de serie:<\/strong> 2019, a partir de 282...<br \/>\n<strong>Medidas:<\/strong> 25,5 x 15,5 x 6,5 cm<\/div>\n<\/div>\n<p><strong>Incluye:<\/strong> Tarjeta de autenticidad, bolsa guardapolvo<\/p>\n","protected":false},"excerpt":{"rendered":"<p data-start=\"3707\" data-end=\"3814\"><strong data-start=\"3707\" data-end=\"3812\">Chanel Medium Classic Double Flap Bag Negra con Herrajes Dorados \u2013 Muy buen estado<\/strong><\/p>\n<p data-start=\"3816\" data-end=\"4196\">Este <strong data-start=\"3821\" data-end=\"3862\">Chanel Medium Classic Double Flap Bag<\/strong> est\u00e1 confeccionado en piel de cordero negra y acabado con herrajes dorados caracter\u00edsticos de la maison. Se encuentra en muy buen estado, cuidadosamente usado, y se entrega con tarjeta de autenticidad y bolsa guardapolvo original de Chanel. Su interior est\u00e1 forrado en cuero rojo vino, un sello distintivo de la Classic Flap.<\/p>\n<p data-start=\"4198\" data-end=\"4734\">Reconocido como uno de los bolsos m\u00e1s ic\u00f3nicos de la l\u00ednea <strong data-start=\"4257\" data-end=\"4280\">Chanel Classic Bags<\/strong>, el Medium Double Flap encarna la elegancia parisina atemporal. La construcci\u00f3n de doble solapa ofrece mayor seguridad y estructura, mientras que la delicada piel de cordero refleja la excelencia artesanal de la casa. Su dise\u00f1o vers\u00e1til incluye un compartimento principal, bolsillo con cremallera, bolsillos interiores y un pr\u00e1ctico bolsillo exterior. La cadena entrelazada permite llevarlo al hombro o cruzado, combinando comodidad con sofisticaci\u00f3n.<\/p>\n<p data-start=\"4736\" data-end=\"5108\">Los coleccionistas valoran este modelo por su legado y atractivo perdurable. Con el cierre CC dorado y el inconfundible forro rojo, el <strong data-start=\"4871\" data-end=\"4908\">Chanel Medium Double Flap<\/strong> es f\u00e1cilmente reconocible y s\u00edmbolo de lujo y prestigio. M\u00e1s que un accesorio de moda, es una <strong data-start=\"5003\" data-end=\"5025\">pieza de colecci\u00f3n<\/strong> con gran <strong data-start=\"5035\" data-end=\"5057\">valor de inversi\u00f3n<\/strong>, asegurando su relevancia a lo largo del tiempo. Este bolso representa lo mejor del dise\u00f1o de Chanel: vers\u00e1til, elegante y codiciado en todo el mundo.<\/p>\n","protected":false},"featured_media":20932,"template":"","meta":[],"product_brand":[2418],"product_cat":[1813,1860,1838],"product_tag":[1945,2348,2349],"class_list":{"0":"post-20939","1":"product","2":"type-product","3":"status-publish","4":"has-post-thumbnail","6":"product_brand-chanel-es","7":"product_cat-bolso","8":"product_cat-bandolera","9":"product_cat-bolso-de-noche","10":"product_tag-chanel-clasico-medio","11":"product_tag-chanel-clasico-negro","12":"product_tag-chanel-negro-medio","13":"pa_brand-chanel-es","14":"pa_chanel-models-timeless-classique-es","15":"pa_color-negro","16":"pa_grade-grado-4","17":"pa_material-cuero","19":"first","20":"outofstock","21":"sold-individually","22":"shipping-taxable","23":"product-type-simple"},"_links":{"self":[{"href":"https:\/\/handbag-sense.com\/es\/wp-json\/wp\/v2\/product\/20939","targetHints":{"allow":["GET"]}}],"collection":[{"href":"https:\/\/handbag-sense.com\/es\/wp-json\/wp\/v2\/product"}],"about":[{"href":"https:\/\/handbag-sense.com\/es\/wp-json\/wp\/v2\/types\/product"}],"wp:featuredmedia":[{"embeddable":true,"href":"https:\/\/handbag-sense.com\/es\/wp-json\/wp\/v2\/media\/20932"}],"wp:attachment":[{"href":"https:\/\/handbag-sense.com\/es\/wp-json\/wp\/v2\/media?parent=20939"}],"wp:term":[{"taxonomy":"product_brand","embeddable":true,"href":"https:\/\/handbag-sense.com\/es\/wp-json\/wp\/v2\/product_brand?post=20939"},{"taxonomy":"product_cat","embeddable":true,"href":"https:\/\/handbag-sense.com\/es\/wp-json\/wp\/v2\/product_cat?post=20939"},{"taxonomy":"product_tag","embeddable":true,"href":"https:\/\/handbag-sense.com\/es\/wp-json\/wp\/v2\/product_tag?post=20939"}],"curies":[{"name":"wp","href":"https:\/\/api.w.org\/{rel}","templated":true}]}}