{"id":20880,"date":"2025-09-15T16:23:19","date_gmt":"2025-09-15T14:23:19","guid":{"rendered":"https:\/\/handbag-sense.com\/?post_type=product&#038;p=20880"},"modified":"2025-12-06T23:06:13","modified_gmt":"2025-12-06T22:06:13","slug":"hermes-kelly-32-negro-togo-retourne","status":"publish","type":"product","link":"https:\/\/handbag-sense.com\/es\/producto\/hermes-kelly-32-negro-togo-retourne\/","title":{"rendered":"Kelly 32 Negro Togo Retourne"},"content":{"rendered":"<div class=\"c-columns-m-1 c-columns-2 c-columns-gap-s\">\n<div><strong>Material:<\/strong> Cuero Togo<br \/>\n<strong>Color:<\/strong> Negro<br \/>\n<strong>Elementos met\u00e1licos:<\/strong> Herrajes paladios<br \/>\n<strong>Material interior:<\/strong> Cuero<\/div>\n<div><strong>Grado: <\/strong>2 <img decoding=\"async\" class=\"info_box alignnone size-medium wp-image-885\" title=\"Informaci\u00f3n\" role=\"img\" src=\"https:\/\/handbag-sense.com\/wp-content\/uploads\/2023\/05\/info_icon.svg\" alt=\"Cuadro de informaci\u00f3n\" width=\"15\" height=\"15\" \/><br \/>\n<strong>A\u00f1o de producci\u00f3n \/ Sello:<\/strong> 2019 \/ D<br \/>\n<strong>Tama\u00f1o:<\/strong> 32 x 23 x 10,5 cm<br \/>\n<strong>Env\u00edo:<\/strong> A todo el mundo<\/div>\n<\/div>\n<p><strong>Incluye:<\/strong> Recibo original, bolsa guardapolvo, correa, clochette, cerradura, llaves, impermeable, folleto, caja<\/p>\n","protected":false},"excerpt":{"rendered":"<p><strong>Herm\u00e8s Kelly 32 Negro Togo Retourne con Herrajes de Paladio - 2019.<\/strong><\/p>\n<p data-start=\"1940\" data-end=\"2555\">El <em data-start=\"1943\" data-end=\"1960\">Herm\u00e8s Kelly 32<\/em> est\u00e1 confeccionado en piel Togo negra granulada, combinando elegancia cl\u00e1sica con practicidad diaria. Su construcci\u00f3n Retourne ofrece una silueta m\u00e1s suave, realzada por el contraste del negro profundo con el brillo fr\u00edo de los <em data-start=\"2189\" data-end=\"2210\">herrajes de paladio<\/em>. Incluye la factura original de 2019, clochette, candado con dos llaves, correa de hombro (opci\u00f3n crossbody), funda protectora Herm\u00e8s y la ic\u00f3nica caja Herm\u00e8s. Usado \u00fanicamente tres veces, el bolso se mantiene en excelente estado, como nuevo; todos los herrajes a\u00fan con pel\u00edcula protectora y m\u00ednimas se\u00f1ales de uso en el interior.<\/p>\n<p data-start=\"2596\" data-end=\"2984\">Este <em data-start=\"2601\" data-end=\"2624\">luxury investment bag<\/em> combina una artesan\u00eda magistral con una sofisticaci\u00f3n atemporal. El <strong>Herm\u00e8s Kelly Togo Black<\/strong> no es solo un s\u00edmbolo de distinci\u00f3n, sino tambi\u00e9n un accesorio dise\u00f1ado para conservar su belleza y valor con el tiempo. Su estilo Retourne suaviza la silueta y equilibra estructura y fluidez, mientras que los herrajes de paladio aportan un brillo elegante.<\/p>\n<p data-start=\"2986\" data-end=\"3321\">Con unas medidas de aproximadamente 32\u00d723\u00d712 cm, ofrece espacio generoso para lo esencial sin perder refinamiento. Puede llevarse en la mano o como crossbody gracias a la correa desmontable. La piel est\u00e1 pr\u00e1cticamente impecable y la confecci\u00f3n con costuras precisas refleja la excelencia de Herm\u00e8s \u2014 un aut\u00e9ntico <em data-start=\"3299\" data-end=\"3318\">collector\u2019s piece<\/em>.<\/p>\n<p data-start=\"3323\" data-end=\"3475\">Un <em data-start=\"3326\" data-end=\"3344\">timeless classic<\/em> que entusiasma tanto a coleccionistas como a amantes del estilo, y que se mantiene como un icono de lujo a lo largo de los a\u00f1os.<\/p>\n","protected":false},"featured_media":20914,"template":"","meta":[],"product_brand":[2433],"product_cat":[1813],"product_tag":[1919],"class_list":{"0":"post-20880","1":"product","2":"type-product","3":"status-publish","4":"has-post-thumbnail","6":"product_brand-hermes-es","7":"product_cat-bolso","8":"product_tag-hermes-kelly-32-es","9":"pa_brand-hermes-es","10":"pa_grade-grado-3","11":"pa_hermes-models-kelly-es","12":"pa_material-cuero","14":"first","15":"outofstock","16":"shipping-taxable","17":"product-type-simple"},"_links":{"self":[{"href":"https:\/\/handbag-sense.com\/es\/wp-json\/wp\/v2\/product\/20880","targetHints":{"allow":["GET"]}}],"collection":[{"href":"https:\/\/handbag-sense.com\/es\/wp-json\/wp\/v2\/product"}],"about":[{"href":"https:\/\/handbag-sense.com\/es\/wp-json\/wp\/v2\/types\/product"}],"wp:featuredmedia":[{"embeddable":true,"href":"https:\/\/handbag-sense.com\/es\/wp-json\/wp\/v2\/media\/20914"}],"wp:attachment":[{"href":"https:\/\/handbag-sense.com\/es\/wp-json\/wp\/v2\/media?parent=20880"}],"wp:term":[{"taxonomy":"product_brand","embeddable":true,"href":"https:\/\/handbag-sense.com\/es\/wp-json\/wp\/v2\/product_brand?post=20880"},{"taxonomy":"product_cat","embeddable":true,"href":"https:\/\/handbag-sense.com\/es\/wp-json\/wp\/v2\/product_cat?post=20880"},{"taxonomy":"product_tag","embeddable":true,"href":"https:\/\/handbag-sense.com\/es\/wp-json\/wp\/v2\/product_tag?post=20880"}],"curies":[{"name":"wp","href":"https:\/\/api.w.org\/{rel}","templated":true}]}}