{"id":20806,"date":"2025-09-10T16:29:05","date_gmt":"2025-09-10T14:29:05","guid":{"rendered":"https:\/\/handbag-sense.com\/?post_type=product&#038;p=20806"},"modified":"2025-09-10T16:51:54","modified_gmt":"2025-09-10T14:51:54","slug":"lady-dior-grande-azul-oscuro-copy","status":"publish","type":"product","link":"https:\/\/handbag-sense.com\/es\/producto\/lady-dior-grande-azul-oscuro-copy\/","title":{"rendered":"Lady Dior Grande Gris Azul"},"content":{"rendered":"<div class=\"c-columns-m-1 c-columns-2 c-columns-gap-s\">\n<div><strong>Material:<\/strong> piel de cordero<br \/>\n<strong>Color:<\/strong> Gris Azul<br \/>\n<strong>Elementos met\u00e1licos:<\/strong> herrajes dorados<br \/>\n<strong>Material interior:<\/strong> forro textil<\/div>\n<div><strong>Calificaci\u00f3n:<\/strong> 4 <img decoding=\"async\" class=\"info_box alignnone size-medium wp-image-885\" title=\"Informaci\u00f3n\" role=\"img\" src=\"https:\/\/handbag-sense.com\/wp-content\/uploads\/2023\/05\/info_icon.svg\" alt=\"Cuadro de informaci\u00f3n\" width=\"15\" height=\"15\" \/><br \/>\n<strong>N\u00famero de serie:<\/strong> OOXMA-1029<br \/>\n<strong>Tama\u00f1o:<\/strong> 32 x 25 x 12 cm<\/div>\n<\/div>\n<p><strong>Incluye:<\/strong>\u00a0 bolsa para el polvo<\/p>\n","protected":false},"excerpt":{"rendered":"<p><strong>Lady Dior Large Gris Azul.<\/strong> Este bolso grande Dior est\u00e1 confeccionado en piel de cordero en color azul oscuro, tiene una bandolera de piel recta y desmontable, por lo que se puede llevar en la mano o como bandolera. El interior del bolso est\u00e1 hecho de tela y est\u00e1 dividido en un compartimento principal con un bolsillo con cremallera. Las etiquetas met\u00e1licas D.I.O.R. con acabado dorado le dan un toque moderno y est\u00e1n construidas con piezas met\u00e1licas, desde las ic\u00f3nicas etiquetas con el logotipo hasta los pies y los ojales. La bolsa viene en muy buen estado y bien cuidado. Hay algunos ara\u00f1azos en el cuero. El hardware tambi\u00e9n tiene ara\u00f1azos superficiales. La bolsa para el polvo y la correa est\u00e1n incluidas.<\/p>\n","protected":false},"featured_media":20655,"template":"","meta":[],"product_brand":[2424],"product_cat":[1813,1815],"product_tag":[],"class_list":{"0":"post-20806","1":"product","2":"type-product","3":"status-publish","4":"has-post-thumbnail","6":"product_brand-dior-es","7":"product_cat-bolso","8":"product_cat-comprador","9":"pa_brand-dior-es","10":"pa_color-rosa-es","11":"pa_grade-grado-3","12":"pa_material-cuero","14":"first","15":"outofstock","16":"shipping-taxable","17":"product-type-simple"},"_links":{"self":[{"href":"https:\/\/handbag-sense.com\/es\/wp-json\/wp\/v2\/product\/20806","targetHints":{"allow":["GET"]}}],"collection":[{"href":"https:\/\/handbag-sense.com\/es\/wp-json\/wp\/v2\/product"}],"about":[{"href":"https:\/\/handbag-sense.com\/es\/wp-json\/wp\/v2\/types\/product"}],"wp:featuredmedia":[{"embeddable":true,"href":"https:\/\/handbag-sense.com\/es\/wp-json\/wp\/v2\/media\/20655"}],"wp:attachment":[{"href":"https:\/\/handbag-sense.com\/es\/wp-json\/wp\/v2\/media?parent=20806"}],"wp:term":[{"taxonomy":"product_brand","embeddable":true,"href":"https:\/\/handbag-sense.com\/es\/wp-json\/wp\/v2\/product_brand?post=20806"},{"taxonomy":"product_cat","embeddable":true,"href":"https:\/\/handbag-sense.com\/es\/wp-json\/wp\/v2\/product_cat?post=20806"},{"taxonomy":"product_tag","embeddable":true,"href":"https:\/\/handbag-sense.com\/es\/wp-json\/wp\/v2\/product_tag?post=20806"}],"curies":[{"name":"wp","href":"https:\/\/api.w.org\/{rel}","templated":true}]}}