{"id":20700,"date":"2025-08-29T12:59:11","date_gmt":"2025-08-29T10:59:11","guid":{"rendered":"https:\/\/handbag-sense.com\/?post_type=product&#038;p=20700"},"modified":"2025-08-29T14:44:32","modified_gmt":"2025-08-29T12:44:32","slug":"hermes-birkin-35-togo-gold-3","status":"publish","type":"product","link":"https:\/\/handbag-sense.com\/es\/producto\/hermes-birkin-35-togo-gold-3\/","title":{"rendered":"Birkin 35 Togo Gold"},"content":{"rendered":"<div class=\"c-columns-m-1 c-columns-2 c-columns-gap-s\">\n<div><strong>Material:<\/strong> Cuero Togo<br \/>\n<strong>Color:<\/strong> Gold<br \/>\n<strong>Elementos met\u00e1licos:<\/strong> Herrajes de Paladio<br \/>\n<strong>Material interior:<\/strong> Cuero<\/div>\n<div><strong>Grado: <\/strong>1 <img decoding=\"async\" class=\"info_box alignnone size-medium wp-image-885\" title=\"Informaci\u00f3n\" role=\"img\" src=\"https:\/\/handbag-sense.com\/wp-content\/uploads\/2023\/05\/info_icon.svg\" alt=\"Cuadro de informaci\u00f3n\" width=\"15\" height=\"15\" \/><br \/>\n<strong>A\u00f1o de producci\u00f3n \/ Sello:<\/strong> 2025 \/ K<br \/>\n<strong>Tama\u00f1o: <\/strong>35 x 25 x 18 cm<br \/>\n<strong>Env\u00edo:<\/strong> A todo el mundo<\/div>\n<\/div>\n<p><strong>Incluye:<\/strong> Factura, bolsa guardapolvo, clochette, llaves, cerradura, fieltro, cuadernillo, caja<\/p>\n","protected":false},"excerpt":{"rendered":"<p data-start=\"1575\" data-end=\"1661\"><strong data-start=\"1584\" data-end=\"1661\">Herm\u00e8s Birkin 35 Togo Gold con herrajes de paladio \u2013 Nueva, 2025<\/strong><\/p>\n<p data-start=\"1663\" data-end=\"2057\">Descubre el lujo con este <strong data-start=\"1689\" data-end=\"1709\">Herm\u00e8s Birkin 35<\/strong>, elaborado a mano con piel <strong data-start=\"1737\" data-end=\"1757\">Togo <\/strong>en color <strong data-start=\"1767\" data-end=\"1784\">Gold (dorado)<\/strong>, complementado con elegantes <strong data-start=\"1814\" data-end=\"1837\">herrajes de paladio<\/strong>. Esta pieza cl\u00e1sica est\u00e1 completamente nueva y sin uso, con sello K (2025), y se entrega con la factura original, clochette, candado con dos llaves, bolsa guardapolvo y la ic\u00f3nica caja naranja de Herm\u00e8s.<\/p>\n<p data-start=\"2059\" data-end=\"2526\">La <strong data-start=\"2062\" data-end=\"2075\">Birkin 35<\/strong> representa la elegancia atemporal por excelencia. Su piel Togo combina ligereza y durabilidad, manteniendo su estructura impecable. El tono Gold irradia confianza y sofisticaci\u00f3n, mientras que los herrajes de paladio aportan un contraste moderno y refinado. Considerada la <strong data-start=\"2349\" data-end=\"2377\">bolsa de lujo definitiva<\/strong>, esta Birkin es tanto una declaraci\u00f3n de estilo como una inversi\u00f3n duradera. Gracias a sus 35 cm, ofrece gran capacidad sin perder su elegancia.<\/p>\n<p data-start=\"2528\" data-end=\"2723\">Coleccionistas y compradores exigentes valoran esta pieza por su autenticidad, excelente estado y procedencia. El conjunto completo aumenta su <strong data-start=\"2671\" data-end=\"2703\">valor de colecci\u00f3n y reventa<\/strong> significativamente.<\/p>\n<p data-start=\"2725\" data-end=\"2949\">La Herm\u00e8s Birkin 35 Gold es sin\u00f3nimo de artesan\u00eda de \u00e9lite y dise\u00f1o ic\u00f3nico. Ideal para elevar tu estilo diario o como una pieza de inversi\u00f3n de alto nivel, esta bolsa combina funcionalidad de lujo y atractivo atemporal.<\/p>\n<p>&nbsp;<\/p>\n","protected":false},"featured_media":20691,"template":"","meta":[],"product_brand":[2433],"product_cat":[1813],"product_tag":[1892,1895,1893],"class_list":{"0":"post-20700","1":"product","2":"type-product","3":"status-publish","4":"has-post-thumbnail","6":"product_brand-hermes-es","7":"product_cat-bolso","8":"product_tag-birkin-35-togo-es","9":"product_tag-bolso-birkin-hermes","10":"product_tag-hermes-birkin-35-es","11":"pa_brand-hermes-es","12":"pa_color-oro","13":"pa_grade-grado-1","14":"pa_hermes-models-birkin-es","15":"pa_material-cuero","17":"first","18":"outofstock","19":"sold-individually","20":"purchasable","21":"product-type-simple"},"_links":{"self":[{"href":"https:\/\/handbag-sense.com\/es\/wp-json\/wp\/v2\/product\/20700","targetHints":{"allow":["GET"]}}],"collection":[{"href":"https:\/\/handbag-sense.com\/es\/wp-json\/wp\/v2\/product"}],"about":[{"href":"https:\/\/handbag-sense.com\/es\/wp-json\/wp\/v2\/types\/product"}],"wp:featuredmedia":[{"embeddable":true,"href":"https:\/\/handbag-sense.com\/es\/wp-json\/wp\/v2\/media\/20691"}],"wp:attachment":[{"href":"https:\/\/handbag-sense.com\/es\/wp-json\/wp\/v2\/media?parent=20700"}],"wp:term":[{"taxonomy":"product_brand","embeddable":true,"href":"https:\/\/handbag-sense.com\/es\/wp-json\/wp\/v2\/product_brand?post=20700"},{"taxonomy":"product_cat","embeddable":true,"href":"https:\/\/handbag-sense.com\/es\/wp-json\/wp\/v2\/product_cat?post=20700"},{"taxonomy":"product_tag","embeddable":true,"href":"https:\/\/handbag-sense.com\/es\/wp-json\/wp\/v2\/product_tag?post=20700"}],"curies":[{"name":"wp","href":"https:\/\/api.w.org\/{rel}","templated":true}]}}