{"id":20667,"date":"2025-08-28T14:04:48","date_gmt":"2025-08-28T12:04:48","guid":{"rendered":"https:\/\/handbag-sense.com\/?post_type=product&#038;p=20667"},"modified":"2025-08-28T18:37:14","modified_gmt":"2025-08-28T16:37:14","slug":"hermes-birkin-30-togo-negro-paladio","status":"publish","type":"product","link":"https:\/\/handbag-sense.com\/es\/producto\/hermes-birkin-30-togo-negro-paladio\/","title":{"rendered":"Birkin 30 Togo Negro"},"content":{"rendered":"<div class=\"c-columns-m-1 c-columns-2 c-columns-gap-s\">\n<div><strong>Material:<\/strong> Cuero Togo<br \/>\n<strong>Color:<\/strong> Negro<br \/>\n<strong>Elementos met\u00e1licos:<\/strong> Herrajes de Paladio<br \/>\n<strong>Material interior:<\/strong> Cuero<\/div>\n<div><strong>Grado: <\/strong> 1 <img decoding=\"async\" class=\"info_box alignnone size-medium wp-image-885\" title=\"Informaci\u00f3n\" role=\"img\" src=\"https:\/\/handbag-sense.com\/wp-content\/uploads\/2023\/05\/info_icon.svg\" alt=\"Cuadro de informaci\u00f3n\" width=\"15\" height=\"15\" \/><br \/>\n<strong>A\u00f1o de producci\u00f3n \/ Sello:<\/strong> 2025 \/ K<br \/>\n<strong>Tama\u00f1o:<\/strong> 30 x 22 x 16 cm<br \/>\n<strong>Env\u00edo: <\/strong>A todo el mundo<\/div>\n<\/div>\n<p><strong>Incluye:<\/strong> Recibo original, bolsa guardapolvo, clochette, cerradura, llaves, fieltro, folleto, caja<\/p>\n","protected":false},"excerpt":{"rendered":"<p data-start=\"1724\" data-end=\"1824\"><strong data-start=\"1733\" data-end=\"1824\">Herm\u00e8s Birkin 30 Togo Negra con Herrajes de Paladio \u2013 Nueva, Nunca Usada (Factura 2025)<\/strong><\/p>\n<p data-start=\"1826\" data-end=\"2233\">Descubre el ic\u00f3nico bolso <strong data-start=\"1852\" data-end=\"1872\">Herm\u00e8s Birkin 30<\/strong>, elaborado artesanalmente en resistente <strong data-start=\"1913\" data-end=\"1927\">cuero Togo<\/strong> en color <strong data-start=\"1937\" data-end=\"1954\">negro cl\u00e1sico<\/strong>, complementado con elegantes <strong data-start=\"1984\" data-end=\"2007\">herrajes de paladio<\/strong>. Esta pieza impecable incluye clochette, candado con dos llaves, funda protectora Herm\u00e8s y la caja naranja original. Est\u00e1 nueva, sin uso, y se entrega con la factura original de Herm\u00e8s fechada en 2025.<\/p>\n<p data-start=\"2235\" data-end=\"2668\">La <strong data-start=\"2238\" data-end=\"2251\">Birkin 30<\/strong>\u00a0encarna la combinaci\u00f3n perfecta de lujo y funcionalidad, siendo una pieza muy deseada por <strong data-start=\"2342\" data-end=\"2378\">coleccionistas de bolsos de lujo<\/strong> y amantes de la alta moda. El cuero Togo mantiene su estructura y resiste los ara\u00f1azos, mientras que los herrajes de paladio aportan un toque moderno y sofisticado. Su tama\u00f1o compacto de 30\u202fcm es ideal para llevar lo esencial diario como m\u00f3vil, cartera y m\u00e1s, sin renunciar a la elegancia.<\/p>\n<p data-start=\"2670\" data-end=\"2939\">Como uno de los modelos m\u00e1s ic\u00f3nicos de Herm\u00e8s, la Birkin 30 destaca por su artesan\u00eda impecable, est\u00e9tica atemporal y valor de inversi\u00f3n. Su rareza y condici\u00f3n impecable la convierten en una bolsa de inversi\u00f3n de alto nivel, ideal para coleccionistas exigentes.<\/p>\n<p data-start=\"2941\" data-end=\"3176\">Perfecta para looks ejecutivos o estilismos de noche, la Birkin 30 Negra ofrece versatilidad inigualable y un aire de sofisticaci\u00f3n. No es solo un bolso, sino una declaraci\u00f3n de estilo y una inversi\u00f3n duradera en moda y legado.<\/p>\n","protected":false},"featured_media":20664,"template":"","meta":[],"product_brand":[2433],"product_cat":[1813],"product_tag":[1899,1897,2288],"class_list":{"0":"post-20667","1":"product","2":"type-product","3":"status-publish","4":"has-post-thumbnail","6":"product_brand-hermes-es","7":"product_cat-bolso","8":"product_tag-birkin-30-negro","9":"product_tag-hermes-birkin-30-es","10":"product_tag-hermes-birkin-negro","11":"pa_brand-hermes-es","12":"pa_color-negro","13":"pa_grade-grado-1","14":"pa_hermes-models-birkin-es","15":"pa_material-cuero","17":"first","18":"outofstock","19":"shipping-taxable","20":"product-type-simple"},"_links":{"self":[{"href":"https:\/\/handbag-sense.com\/es\/wp-json\/wp\/v2\/product\/20667","targetHints":{"allow":["GET"]}}],"collection":[{"href":"https:\/\/handbag-sense.com\/es\/wp-json\/wp\/v2\/product"}],"about":[{"href":"https:\/\/handbag-sense.com\/es\/wp-json\/wp\/v2\/types\/product"}],"wp:featuredmedia":[{"embeddable":true,"href":"https:\/\/handbag-sense.com\/es\/wp-json\/wp\/v2\/media\/20664"}],"wp:attachment":[{"href":"https:\/\/handbag-sense.com\/es\/wp-json\/wp\/v2\/media?parent=20667"}],"wp:term":[{"taxonomy":"product_brand","embeddable":true,"href":"https:\/\/handbag-sense.com\/es\/wp-json\/wp\/v2\/product_brand?post=20667"},{"taxonomy":"product_cat","embeddable":true,"href":"https:\/\/handbag-sense.com\/es\/wp-json\/wp\/v2\/product_cat?post=20667"},{"taxonomy":"product_tag","embeddable":true,"href":"https:\/\/handbag-sense.com\/es\/wp-json\/wp\/v2\/product_tag?post=20667"}],"curies":[{"name":"wp","href":"https:\/\/api.w.org\/{rel}","templated":true}]}}