{"id":20586,"date":"2025-08-20T17:07:19","date_gmt":"2025-08-20T15:07:19","guid":{"rendered":"https:\/\/handbag-sense.com\/?post_type=product&#038;p=20586"},"modified":"2025-08-20T17:23:30","modified_gmt":"2025-08-20T15:23:30","slug":"hermes-kelly-25-togo-etoupe-herrajes-de-paladio","status":"publish","type":"product","link":"https:\/\/handbag-sense.com\/es\/producto\/hermes-kelly-25-togo-etoupe-herrajes-de-paladio\/","title":{"rendered":"Kelly 25 Togo Etoupe Herrajes de Paladio"},"content":{"rendered":"<div class=\"c-columns-m-1 c-columns-2 c-columns-gap-s\">\n<div><strong>Material:<\/strong> Cuero Togo<\/div>\n<div><strong>Color:<\/strong> Etoupe<br \/>\n<strong>Elementos met\u00e1licos:<\/strong> Herrajes\u00a0de paladio<br \/>\n<strong>Material interior:<\/strong> Cuero<\/div>\n<div><strong>Grado: <\/strong> 1 <img decoding=\"async\" class=\"info_box alignnone size-medium wp-image-885\" title=\"Informaci\u00f3n\" role=\"img\" src=\"https:\/\/handbag-sense.com\/wp-content\/uploads\/2023\/05\/info_icon.svg\" alt=\"Cuadro de informaci\u00f3n\" width=\"15\" height=\"15\" \/><br \/>\n<strong>A\u00f1o de producci\u00f3n \/ Sello:<\/strong> 2025 \/ W<br \/>\n<strong>Tama\u00f1o:<\/strong> 25 x 19 x 9 cm<br \/>\n<strong>Env\u00edo:<\/strong> A todo el mundo<\/div>\n<\/div>\n<p><strong>Incluye:<\/strong> Recibo original, bolsa guardapolvo, correa, clochette, cerradura, llaves, fieltro, folleto, caja<\/p>\n","protected":false},"excerpt":{"rendered":"<p><strong>Herm\u00e8s Kelly 25 Togo Etoupe con herrajes de paladio - nueva, 2025.<\/strong><\/p>\n<p>El <strong>Herm\u00e8s Kelly 25 Retourne<\/strong> en Togo Etoupe con herrajes de paladio es una obra maestra atemporal. Confeccionado a mano con lujosa piel de Togo en el ic\u00f3nico tono Etoupe, este bolso se acent\u00faa con elegantes herrajes de paladio.<\/p>\n<p>Incluye todos los accesorios originales: clochette, cerradura, dos llaves, la bandolera original, caja y la factura de compra de 2025. Su dise\u00f1o vers\u00e1til permite llevarlo con estilo como bandolera, lo que lo hace perfecto para diversas ocasiones. El Kelly est\u00e1 en condiciones nuevas y sin usar, con el sello del a\u00f1o W. El <strong>Kelly 25 Etoupe<\/strong> es m\u00e1s que un accesorio, es una inversi\u00f3n de por vida en elegancia y estilo.<\/p>\n","protected":false},"featured_media":20473,"template":"","meta":[],"product_brand":[2433],"product_cat":[1813],"product_tag":[2005,2328],"class_list":{"0":"post-20586","1":"product","2":"type-product","3":"status-publish","4":"has-post-thumbnail","6":"product_brand-hermes-es","7":"product_cat-bolso","8":"product_tag-hermes-kelly-25-es","9":"product_tag-kelly-25-etoupe-es","10":"pa_brand-hermes-es","11":"pa_color-taupe-es","12":"pa_grade-grado-1","13":"pa_hermes-models-kelly-es","14":"pa_material-cuero","16":"first","17":"outofstock","18":"shipping-taxable","19":"product-type-simple"},"_links":{"self":[{"href":"https:\/\/handbag-sense.com\/es\/wp-json\/wp\/v2\/product\/20586","targetHints":{"allow":["GET"]}}],"collection":[{"href":"https:\/\/handbag-sense.com\/es\/wp-json\/wp\/v2\/product"}],"about":[{"href":"https:\/\/handbag-sense.com\/es\/wp-json\/wp\/v2\/types\/product"}],"wp:featuredmedia":[{"embeddable":true,"href":"https:\/\/handbag-sense.com\/es\/wp-json\/wp\/v2\/media\/20473"}],"wp:attachment":[{"href":"https:\/\/handbag-sense.com\/es\/wp-json\/wp\/v2\/media?parent=20586"}],"wp:term":[{"taxonomy":"product_brand","embeddable":true,"href":"https:\/\/handbag-sense.com\/es\/wp-json\/wp\/v2\/product_brand?post=20586"},{"taxonomy":"product_cat","embeddable":true,"href":"https:\/\/handbag-sense.com\/es\/wp-json\/wp\/v2\/product_cat?post=20586"},{"taxonomy":"product_tag","embeddable":true,"href":"https:\/\/handbag-sense.com\/es\/wp-json\/wp\/v2\/product_tag?post=20586"}],"curies":[{"name":"wp","href":"https:\/\/api.w.org\/{rel}","templated":true}]}}