{"id":20388,"date":"2025-08-01T17:03:10","date_gmt":"2025-08-01T15:03:10","guid":{"rendered":"https:\/\/handbag-sense.com\/?post_type=product&#038;p=20388"},"modified":"2025-12-07T13:32:44","modified_gmt":"2025-12-07T12:32:44","slug":"hermes-kelly-28-crocodile-porosus","status":"publish","type":"product","link":"https:\/\/handbag-sense.com\/es\/producto\/hermes-kelly-28-crocodile-porosus\/","title":{"rendered":"Kelly 28 Crocodile Porosus Vert D\u2019Eau"},"content":{"rendered":"<div class=\"c-columns-m-1 c-columns-2 c-columns-gap-s\">\n<div><strong>Material:<\/strong> Cocodrilo Porosus<\/div>\n<div><strong>Color:<\/strong> Vert D\u2019Eau<br \/>\n<strong>Elementos met\u00e1licos:<\/strong> Herrajes de Oro<br \/>\n<strong>Material interior:<\/strong> Piel<\/div>\n<div><strong>Grado:<\/strong> 1 <img decoding=\"async\" class=\"info_box alignnone size-medium wp-image-885\" title=\"Informaci\u00f3n\" role=\"img\" src=\"https:\/\/handbag-sense.com\/wp-content\/uploads\/2023\/05\/info_icon.svg\" alt=\"Cuadro de informaci\u00f3n\" width=\"15\" height=\"15\" \/><br \/>\n<strong>A\u00f1o de producci\u00f3n \/ Sello:<\/strong> 2022 \/ U<br \/>\n<strong>Tama\u00f1o:<\/strong> 28 x 20 x 10 cm<br \/>\n<strong>Env\u00edo:<\/strong> A todo el mundo<\/div>\n<\/div>\n<p><strong>Incluye:<\/strong> Recibo original, certificado Cites, bolsa guardapolvo, correa, clochette, cerradura, llaves, impermeable, fieltro, folleto, caja<\/p>\n","protected":false},"excerpt":{"rendered":"<p data-start=\"1664\" data-end=\"1792\"><strong data-start=\"1673\" data-end=\"1792\">Herm\u00e8s Kelly 28 Crocodile Porosus Vert D\u2019Eau con herrajes dorados \u2013 Nueva y sin usar<\/strong><\/p>\n<p data-start=\"1794\" data-end=\"2226\">Esta excepcional <strong data-start=\"1811\" data-end=\"1840\">Herm\u00e8s Kelly 28<\/strong>\u00a0confeccionada a mano en <strong data-start=\"1866\" data-end=\"1901\">cuero de cocodrilo Porosus mate<\/strong> en tono <strong data-start=\"1910\" data-end=\"1924\">Vert D\u2019Eau<\/strong> (estilo Retourne), fue producida en <strong data-start=\"1961\" data-end=\"1969\">2022<\/strong> y se encuentra en estado completamente nuevo y sin estrenar. Incluye factura original, certificado CITES, correa de hombro, clochette, candado con dos llaves, funda Herm\u00e8s y la emblem\u00e1tica caja naranja.<\/p>\n<p data-start=\"2228\" data-end=\"2559\">Sum\u00e9rgete en el mundo del lujo con este raro ejemplar de la <strong data-start=\"2288\" data-end=\"2320\">Herm\u00e8s Kelly 28 de cocodrilo<\/strong>, una pieza de colecci\u00f3n sin igual. El exclusivo <strong data-start=\"2369\" data-end=\"2399\">cuero de cocodrilo Porosus<\/strong> en el elegante tono <strong data-start=\"2420\" data-end=\"2434\">Vert D\u2019Eau<\/strong> irradia frescura y distinci\u00f3n. Los <strong data-start=\"2470\" data-end=\"2490\">herrajes dorados<\/strong> aportan un brillo sutil y sofisticado, elevando su est\u00e9tica a\u00fan m\u00e1s.<\/p>\n<p data-start=\"2561\" data-end=\"2807\">La estructura Retourne proporciona una silueta suave y flexible, sin perder firmeza. Gracias a su correa desmontable, esta Kelly 28 Vert D\u2019Eau se puede llevar al hombro o cruzada, ideal tanto para eventos especiales como para looks elegantes del d\u00eda a d\u00eda.<\/p>\n<p data-start=\"2809\" data-end=\"3025\">Este raro bolso de colecci\u00f3n de Herm\u00e8s representa la m\u00e1xima expresi\u00f3n de artesan\u00eda, lujo y exclusividad. Un verdadero s\u00edmbolo de estilo atemporal y una valiosa inversi\u00f3n para los amantes de la alta marroquiner\u00eda.<\/p>\n","protected":false},"featured_media":20426,"template":"","meta":[],"product_brand":[2433],"product_cat":[1813,1818,1838],"product_tag":[2500],"class_list":{"0":"post-20388","1":"product","2":"type-product","3":"status-publish","4":"has-post-thumbnail","6":"product_brand-hermes-es","7":"product_cat-bolso","8":"product_cat-bolso-pequeno","9":"product_cat-bolso-de-noche","10":"product_tag-kelly-28-vert-deau-es","11":"pa_brand-hermes-es","12":"pa_color-verde","13":"pa_grade-grado-1","14":"pa_hermes-models-kelly-es","15":"pa_material-cuero","16":"pa_material-cuero-exotico","18":"first","19":"instock","20":"shipping-taxable","21":"purchasable","22":"product-type-simple"},"_links":{"self":[{"href":"https:\/\/handbag-sense.com\/es\/wp-json\/wp\/v2\/product\/20388","targetHints":{"allow":["GET"]}}],"collection":[{"href":"https:\/\/handbag-sense.com\/es\/wp-json\/wp\/v2\/product"}],"about":[{"href":"https:\/\/handbag-sense.com\/es\/wp-json\/wp\/v2\/types\/product"}],"wp:featuredmedia":[{"embeddable":true,"href":"https:\/\/handbag-sense.com\/es\/wp-json\/wp\/v2\/media\/20426"}],"wp:attachment":[{"href":"https:\/\/handbag-sense.com\/es\/wp-json\/wp\/v2\/media?parent=20388"}],"wp:term":[{"taxonomy":"product_brand","embeddable":true,"href":"https:\/\/handbag-sense.com\/es\/wp-json\/wp\/v2\/product_brand?post=20388"},{"taxonomy":"product_cat","embeddable":true,"href":"https:\/\/handbag-sense.com\/es\/wp-json\/wp\/v2\/product_cat?post=20388"},{"taxonomy":"product_tag","embeddable":true,"href":"https:\/\/handbag-sense.com\/es\/wp-json\/wp\/v2\/product_tag?post=20388"}],"curies":[{"name":"wp","href":"https:\/\/api.w.org\/{rel}","templated":true}]}}