{"id":20214,"date":"2025-07-24T14:08:06","date_gmt":"2025-07-24T12:08:06","guid":{"rendered":"https:\/\/handbag-sense.com\/?post_type=product&#038;p=20214"},"modified":"2025-07-24T17:03:37","modified_gmt":"2025-07-24T15:03:37","slug":"hermes-kelly-25-sellier-epsom-gold","status":"publish","type":"product","link":"https:\/\/handbag-sense.com\/es\/producto\/hermes-kelly-25-sellier-epsom-gold\/","title":{"rendered":"Kelly 25 Sellier Epsom Gold"},"content":{"rendered":"<div class=\"c-columns-m-1 c-columns-2 c-columns-gap-s\">\n<div><strong>Material:<\/strong> Cuero Epsom<br \/>\n<strong>Color:<\/strong> Gold<br \/>\n<strong>Elementos met\u00e1licos:<\/strong> Herrajes de oro<br \/>\n<strong>Material interior:<\/strong> Cuero<\/div>\n<div><strong>Grado:<\/strong> 1 <img decoding=\"async\" class=\"info_box alignnone size-medium wp-image-885\" title=\"Informaci\u00f3n\" role=\"img\" src=\"https:\/\/handbag-sense.com\/wp-content\/uploads\/2023\/05\/info_icon.svg\" alt=\"Cuadro de informaci\u00f3n\" width=\"15\" height=\"15\" \/><br \/>\n<strong>A\u00f1o de producci\u00f3n\/Sello:<\/strong> 2025 \/W<br \/>\n<strong>Tama\u00f1o:<\/strong> 25 x 19 x 9 cm<br \/>\n<strong>Naviero:<\/strong> Mundial<\/div>\n<\/div>\n<p><strong>Incluye:<\/strong> Recibo original, bolsa guardapolvo, correa, clochette, cerradura, llaves, impermeable, fieltro, folleto, caja<\/p>\n","protected":false},"excerpt":{"rendered":"<p data-start=\"1735\" data-end=\"1827\"><strong data-start=\"1744\" data-end=\"1827\">Herm\u00e8s Kelly\u202f25 Sellier Epsom Gold con herrajes dorados \u2013 Nueva (Sello W, 2025)<\/strong><\/p>\n<p data-start=\"1735\" data-end=\"1827\">Este modelo <strong data-start=\"1841\" data-end=\"1868\">Herm\u00e8s Kelly\u202f25 Sellier<\/strong> ha sido elaborado artesanalmente en cuero Epsom estructurado en el sofisticado tono Gold, combinado con elegantes herrajes dorados. La bolsa est\u00e1 completamente nueva y nunca usada, e incluye candado con dos llaves, clochette, correa para el hombro, funda guardapolvo, la caja Herm\u00e8s y la factura original de 2025 (datos personales ocultos).<\/p>\n<p data-start=\"2251\" data-end=\"2761\">La <strong data-start=\"2254\" data-end=\"2278\">Herm\u00e8s Kelly 25 Gold<\/strong> es sin\u00f3nimo de elegancia atemporal y es una de las <strong data-start=\"2330\" data-end=\"2363\">bolsas de lujo m\u00e1s codiciadas<\/strong> a nivel mundial. Su estructura Sellier proporciona una silueta definida y refinada, mientras que el cuero Epsom garantiza durabilidad y resistencia a los ara\u00f1azos. El acabado monocrom\u00e1tico en Gold ofrece sofisticaci\u00f3n absoluta, perfecta tanto para eventos formales como para looks casuales. Gracias a su correa desmontable, tambi\u00e9n se puede llevar como bandolera, ofreciendo gran versatilidad.<\/p>\n<p data-start=\"2763\" data-end=\"3036\">Esta Kelly\u202f25 Epsom Gold destaca por su <strong data-start=\"2790\" data-end=\"2800\">rareza<\/strong>: una combinaci\u00f3n poco habitual de Gold sobre Gold, muy buscada por coleccionistas y expertas en moda. Su artesan\u00eda impecable y estado impecable la convierten en una pieza ideal para quienes buscan una bolsa Herm\u00e8s de colecci\u00f3n.<\/p>\n<p data-start=\"3038\" data-end=\"3269\">Se entrega con candado, llaves, clochette, correa, funda guardapolvo, caja Herm\u00e8s y la factura original, lo que subraya su autenticidad y exclusividad. Una verdadera inversi\u00f3n en lujo atemporal con funcionalidad diaria.<\/p>\n","protected":false},"featured_media":20274,"template":"","meta":[],"product_brand":[2433],"product_cat":[1813],"product_tag":[1990,2330],"class_list":{"0":"post-20214","1":"product","2":"type-product","3":"status-publish","4":"has-post-thumbnail","6":"product_brand-hermes-es","7":"product_cat-bolso","8":"product_tag-hermes-kelly-oro","9":"product_tag-kelly-25-oro","10":"pa_brand-hermes-es","11":"pa_color-oro","12":"pa_grade-grado-1","13":"pa_hermes-models-kelly-es","14":"pa_material-cuero","16":"first","17":"outofstock","18":"shipping-taxable","19":"product-type-simple"},"_links":{"self":[{"href":"https:\/\/handbag-sense.com\/es\/wp-json\/wp\/v2\/product\/20214","targetHints":{"allow":["GET"]}}],"collection":[{"href":"https:\/\/handbag-sense.com\/es\/wp-json\/wp\/v2\/product"}],"about":[{"href":"https:\/\/handbag-sense.com\/es\/wp-json\/wp\/v2\/types\/product"}],"wp:featuredmedia":[{"embeddable":true,"href":"https:\/\/handbag-sense.com\/es\/wp-json\/wp\/v2\/media\/20274"}],"wp:attachment":[{"href":"https:\/\/handbag-sense.com\/es\/wp-json\/wp\/v2\/media?parent=20214"}],"wp:term":[{"taxonomy":"product_brand","embeddable":true,"href":"https:\/\/handbag-sense.com\/es\/wp-json\/wp\/v2\/product_brand?post=20214"},{"taxonomy":"product_cat","embeddable":true,"href":"https:\/\/handbag-sense.com\/es\/wp-json\/wp\/v2\/product_cat?post=20214"},{"taxonomy":"product_tag","embeddable":true,"href":"https:\/\/handbag-sense.com\/es\/wp-json\/wp\/v2\/product_tag?post=20214"}],"curies":[{"name":"wp","href":"https:\/\/api.w.org\/{rel}","templated":true}]}}