{"id":20162,"date":"2025-07-22T16:24:44","date_gmt":"2025-07-22T14:24:44","guid":{"rendered":"https:\/\/handbag-sense.com\/?post_type=product&#038;p=20162"},"modified":"2025-07-22T17:12:03","modified_gmt":"2025-07-22T15:12:03","slug":"hermes-birkin-30-himalaya","status":"publish","type":"product","link":"https:\/\/handbag-sense.com\/es\/producto\/hermes-birkin-30-himalaya\/","title":{"rendered":"Birkin 30 Himalaya"},"content":{"rendered":"<div class=\"c-columns-m-1 c-columns-2 c-columns-gap-s\">\n<div><strong>Material:<\/strong> Cocodrilo Niloticus<\/div>\n<div><strong>Color:<\/strong> Himalaya Blanc<br \/>\n<strong>Elementos met\u00e1licos:<\/strong> Herrajes de paladio<br \/>\n<strong>Material interior:<\/strong> Cuero<\/div>\n<div><strong>Grado: <\/strong>3 <img decoding=\"async\" class=\"info_box alignnone size-medium wp-image-885\" title=\"Informaci\u00f3n\" role=\"img\" src=\"https:\/\/handbag-sense.com\/wp-content\/uploads\/2023\/05\/info_icon.svg\" alt=\"Cuadro de informaci\u00f3n\" width=\"15\" height=\"15\" \/><br \/>\n<strong>A\u00f1o de producci\u00f3n \/ Sello:<\/strong> 2008 \/ L<br \/>\n<strong>Tama\u00f1o:<\/strong> 30 x 22 x 16 cm<br \/>\n<strong>Naviero:<\/strong> Mundial<\/div>\n<\/div>\n<p><strong>Incluye:<\/strong> Recibo original, bolsa guardapolvo, clochette, cerradura, llaves, fieltro, folleto, caja<\/p>\n","protected":false},"excerpt":{"rendered":"<p data-start=\"1900\" data-end=\"2015\"><strong data-start=\"1909\" data-end=\"2015\">Herm\u00e8s Birkin 30 Himalaya Blanc con herrajes de paladio \u2013 Excelente estado (Sello L en cuadrado, 2008)<\/strong><\/p>\n<p data-start=\"2017\" data-end=\"2562\">Este exclusivo bolso <strong data-start=\"2038\" data-end=\"2067\">Herm\u00e8s Birkin 30 Himalaya<\/strong> est\u00e1 elaborado a mano en cuero de cocodrilo <strong data-start=\"2112\" data-end=\"2125\">Niloticus<\/strong> en el emblem\u00e1tico degradado <strong data-start=\"2154\" data-end=\"2163\">Blanc<\/strong>, complementado con sofisticados herrajes de paladio. Fabricado en 2008, con el sello L en cuadrado, el bolso se encuentra en excelente estado. Incluye clochette, candado con dos llaves, bolsa guardapolvo original de Herm\u00e8s, caja naranja ic\u00f3nica y la factura original de Herm\u00e8s. Importante: El permiso CITES ya no est\u00e1 disponible.<\/p>\n<p data-start=\"2569\" data-end=\"2882\">El <strong data-start=\"2572\" data-end=\"2591\">Birkin Himalaya<\/strong> es considerado un s\u00edmbolo absoluto del lujo y la artesan\u00eda m\u00e1s refinada. Su transici\u00f3n de color, que recuerda las nieves del Himalaya, es \u00fanica en el mundo de los bolsos de dise\u00f1ador. El cuero de cocodrilo <strong data-start=\"2798\" data-end=\"2811\">Niloticus <\/strong>proporciona una textura extraordinaria y una durabilidad incomparable.<\/p>\n<p data-start=\"2884\" data-end=\"3123\">El tama\u00f1o de 30\u202fcm lo convierte en una pieza vers\u00e1til para el d\u00eda a d\u00eda o eventos especiales. Las asas redondeadas, el cierre cl\u00e1sico con correa y los acabados met\u00e1licos en paladio hacen de este bolso una obra de arte funcional y elegante.<\/p>\n<p data-start=\"3125\" data-end=\"3399\">Esta <strong data-start=\"3130\" data-end=\"3162\">joya coleccionable de Herm\u00e8s<\/strong> es altamente valorada por conocedores y entusiastas de la moda. M\u00e1s que un accesorio, representa una inversi\u00f3n duradera en el mundo del lujo exclusivo. Adquirir un Herm\u00e8s Birkin Himalaya es una oportunidad excepcional que rara vez se presenta.<\/p>\n","protected":false},"featured_media":20205,"template":"","meta":[],"product_brand":[2433],"product_cat":[1813],"product_tag":[2484,2483],"class_list":{"0":"post-20162","1":"product","2":"type-product","3":"status-publish","4":"has-post-thumbnail","6":"product_brand-hermes-es","7":"product_cat-bolso","8":"product_tag-birkin-30-himalaya-es","9":"product_tag-hermes-birkin-himalaya-es","10":"pa_brand-hermes-es","11":"pa_color-blanco","12":"pa_grade-grado-3","13":"pa_hermes-models-birkin-es","14":"pa_material-cuero-exotico","16":"first","17":"outofstock","18":"shipping-taxable","19":"purchasable","20":"product-type-simple"},"_links":{"self":[{"href":"https:\/\/handbag-sense.com\/es\/wp-json\/wp\/v2\/product\/20162","targetHints":{"allow":["GET"]}}],"collection":[{"href":"https:\/\/handbag-sense.com\/es\/wp-json\/wp\/v2\/product"}],"about":[{"href":"https:\/\/handbag-sense.com\/es\/wp-json\/wp\/v2\/types\/product"}],"wp:featuredmedia":[{"embeddable":true,"href":"https:\/\/handbag-sense.com\/es\/wp-json\/wp\/v2\/media\/20205"}],"wp:attachment":[{"href":"https:\/\/handbag-sense.com\/es\/wp-json\/wp\/v2\/media?parent=20162"}],"wp:term":[{"taxonomy":"product_brand","embeddable":true,"href":"https:\/\/handbag-sense.com\/es\/wp-json\/wp\/v2\/product_brand?post=20162"},{"taxonomy":"product_cat","embeddable":true,"href":"https:\/\/handbag-sense.com\/es\/wp-json\/wp\/v2\/product_cat?post=20162"},{"taxonomy":"product_tag","embeddable":true,"href":"https:\/\/handbag-sense.com\/es\/wp-json\/wp\/v2\/product_tag?post=20162"}],"curies":[{"name":"wp","href":"https:\/\/api.w.org\/{rel}","templated":true}]}}