{"id":20153,"date":"2025-07-18T17:17:01","date_gmt":"2025-07-18T15:17:01","guid":{"rendered":"https:\/\/handbag-sense.com\/?post_type=product&#038;p=20153"},"modified":"2025-07-18T18:19:38","modified_gmt":"2025-07-18T16:19:38","slug":"hermes-bride-a-brac-neceser-grande","status":"publish","type":"product","link":"https:\/\/handbag-sense.com\/es\/producto\/hermes-bride-a-brac-neceser-grande\/","title":{"rendered":"Bride \u00e0 Brac Neceser Grande \u2013 Orange Feu"},"content":{"rendered":"<div class=\"c-columns-m-1 c-columns-2 c-columns-gap-s\">\n<div><strong>Material:<\/strong> Tejido de algod\u00f3n<br \/>\n<strong>Color:<\/strong> Naranja Feu<br \/>\n<strong>Elementos met\u00e1licos:<\/strong> Paladio Herrajes<br \/>\n<strong>Material interior:<\/strong> Tela<\/div>\n<div><strong>Grado:<\/strong> 1 <img decoding=\"async\" class=\"info_box alignnone size-medium wp-image-885\" title=\"Informaci\u00f3n\" role=\"img\" src=\"https:\/\/handbag-sense.com\/wp-content\/uploads\/2023\/05\/info_icon.svg\" alt=\"Cuadro de informaci\u00f3n\" width=\"15\" height=\"15\" \/><br \/>\n<strong>A\u00f1o de producci\u00f3n \/ Sello:<\/strong> 2025<br \/>\n<strong>Tama\u00f1o:<\/strong> 25 x 16 x 14 cm<br \/>\n<strong>Env\u00edo: <\/strong>A\u00a0todo el mundo<\/div>\n<\/div>\n","protected":false},"excerpt":{"rendered":"<p data-start=\"1654\" data-end=\"1744\"><strong data-start=\"1663\" data-end=\"1744\">Herm\u00e8s Bride \u00e0 Brac Neceser Grande \u2013 Orange Feu, Nuevo<\/strong><\/p>\n<p data-start=\"1746\" data-end=\"2115\">El <strong data-start=\"1749\" data-end=\"1787\">neceser grande Herm\u00e8s Bride \u00e0 Brac<\/strong> en color <strong data-start=\"1797\" data-end=\"1811\">Orange Feu<\/strong> combina estilo y funcionalidad. Confeccionado en <strong data-start=\"1861\" data-end=\"1882\">tejido de algod\u00f3n<\/strong> con el ic\u00f3nico bordado \u201cH\u201d, forro interior resistente a la suciedad con patr\u00f3n espiga, y tres bolsillos interiores. Incluye asa vers\u00e1til para colgarlo en el ba\u00f1o o llevarlo en viajes. Nuevo, con factura original de 2025.<\/p>\n<p data-start=\"2122\" data-end=\"2443\">Este elegante <strong data-start=\"2136\" data-end=\"2154\">neceser Herm\u00e8s Bride \u00e0 Brac Orange Feu<\/strong> es ideal para quienes valoran el lujo pr\u00e1ctico. Su tejido duradero, detalles refinados y dise\u00f1o funcional lo convierten en un accesorio imprescindible. El forro interior con dise\u00f1o espiga es f\u00e1cil de limpiar y protege perfectamente tus cosm\u00e9ticos, brochas o productos de cuidado personal.<\/p>\n<p data-start=\"2445\" data-end=\"2663\">Con tres bolsillos interiores, todo se mantiene organizado. El asa ajustable permite colgarlo c\u00f3modamente en el ba\u00f1o, en la maleta o en el gimnasio. Perfecto tanto como bolso de maquillaje de lujo como para viajes.<\/p>\n<p data-start=\"2665\" data-end=\"2932\">Gracias a su dise\u00f1o vers\u00e1til y materiales premium, el Herm\u00e8s Bride \u00e0 Brac no es solo un accesorio bonito, sino tambi\u00e9n una pieza coleccionable para los amantes del dise\u00f1o franc\u00e9s. Incluye factura original Herm\u00e8s del a\u00f1o 2025 como garant\u00eda de autenticidad.<\/p>\n","protected":false},"featured_media":20156,"template":"","meta":[],"product_brand":[2433],"product_cat":[1818,1840,1822,1849],"product_tag":[2092],"class_list":{"0":"post-20153","1":"product","2":"type-product","3":"status-publish","4":"has-post-thumbnail","6":"product_brand-hermes-es","7":"product_cat-bolso-pequeno","8":"product_cat-clutch-pochette","9":"product_cat-accesorio","10":"product_cat-otras-categorias","11":"product_tag-hermes-novia-a-brac","12":"pa_brand-hermes-es","13":"pa_color-naranja","14":"pa_grade-grado-1","15":"pa_hermes-models-otros-modelos","16":"pa_material-tejido","18":"first","19":"outofstock","20":"sold-individually","21":"product-type-simple"},"_links":{"self":[{"href":"https:\/\/handbag-sense.com\/es\/wp-json\/wp\/v2\/product\/20153","targetHints":{"allow":["GET"]}}],"collection":[{"href":"https:\/\/handbag-sense.com\/es\/wp-json\/wp\/v2\/product"}],"about":[{"href":"https:\/\/handbag-sense.com\/es\/wp-json\/wp\/v2\/types\/product"}],"wp:featuredmedia":[{"embeddable":true,"href":"https:\/\/handbag-sense.com\/es\/wp-json\/wp\/v2\/media\/20156"}],"wp:attachment":[{"href":"https:\/\/handbag-sense.com\/es\/wp-json\/wp\/v2\/media?parent=20153"}],"wp:term":[{"taxonomy":"product_brand","embeddable":true,"href":"https:\/\/handbag-sense.com\/es\/wp-json\/wp\/v2\/product_brand?post=20153"},{"taxonomy":"product_cat","embeddable":true,"href":"https:\/\/handbag-sense.com\/es\/wp-json\/wp\/v2\/product_cat?post=20153"},{"taxonomy":"product_tag","embeddable":true,"href":"https:\/\/handbag-sense.com\/es\/wp-json\/wp\/v2\/product_tag?post=20153"}],"curies":[{"name":"wp","href":"https:\/\/api.w.org\/{rel}","templated":true}]}}