{"id":20149,"date":"2025-07-15T18:31:07","date_gmt":"2025-07-15T16:31:07","guid":{"rendered":"https:\/\/handbag-sense.com\/?post_type=product&#038;p=20149"},"modified":"2025-12-08T15:33:31","modified_gmt":"2025-12-08T14:33:31","slug":"hermes-birkin-30-epsom-vert-amande","status":"publish","type":"product","link":"https:\/\/handbag-sense.com\/es\/producto\/hermes-birkin-30-epsom-vert-amande\/","title":{"rendered":"Birkin 30 Epsom Vert Amande"},"content":{"rendered":"<div class=\"c-columns-m-1 c-columns-2 c-columns-gap-s\">\n<div><strong>Material:<\/strong> Cuero Epsom<br \/>\n<strong>Color:<\/strong> Vert Amande<br \/>\n<strong>Elementos met\u00e1licos:<\/strong> Herrajes de oro<br \/>\n<strong>Material interior:<\/strong> Cuero<\/div>\n<div><strong>Grado: <\/strong> 1 <img decoding=\"async\" class=\"info_box alignnone size-medium wp-image-885\" title=\"Informaci\u00f3n\" role=\"img\" src=\"https:\/\/handbag-sense.com\/wp-content\/uploads\/2023\/05\/info_icon.svg\" alt=\"Cuadro de informaci\u00f3n\" width=\"15\" height=\"15\" \/><br \/>\n<strong>A\u00f1o de producci\u00f3n \/ Sello:<\/strong> 2021 \/ Z<br \/>\n<strong>Tama\u00f1o:<\/strong> 25 x 20 x 13 cm<br \/>\n<strong>Env\u00edo: <\/strong>A todo el mundo<\/div>\n<\/div>\n<p><strong>Incluye:<\/strong> Recibo original, bolsa guardapolvo, clochette, cerradura, llaves, fieltro, folleto, protector de lluvia, caja<\/p>\n","protected":false},"excerpt":{"rendered":"<p data-start=\"1751\" data-end=\"1843\"><strong>Herm\u00e8s Birkin 30 Epsom Vert Amande con herrajes dorados \u2013 Nueva (Stamp Z, 2021)<\/strong><\/p>\n<p data-start=\"1845\" data-end=\"2314\">Este bolso <strong data-start=\"1869\" data-end=\"1889\">Herm\u00e8s Birkin 30<\/strong> est\u00e1 confeccionado a mano en resistente <strong data-start=\"1930\" data-end=\"1945\">cuero Epsom<\/strong> en el raro tono <strong data-start=\"1967\" data-end=\"1982\">Vert Amande<\/strong>, realzado con elegantes herrajes dorados. Este modelo de 30\u202fcm lleva el sello Z del a\u00f1o 2021 y se encuentra en estado completamente nuevo y sin usar. Se entrega con clochette, candado con dos llaves, funda antipolvo Herm\u00e8s, protector de lluvia, la ic\u00f3nica caja naranja y la factura original.<\/p>\n<p data-start=\"2316\" data-end=\"2686\">La <strong data-start=\"2319\" data-end=\"2344\">Birkin 30 Vert Amande<\/strong> representa la elegancia atemporal y es muy valorada entre los coleccionistas de bolsos de lujo por su fusi\u00f3n perfecta entre dise\u00f1o funcional y artesan\u00eda exquisita. El cuero Epsom mantiene su estructura con el tiempo y ofrece una textura refinada. El raro color Vert Amande aporta un aire fresco y femenino que destaca en cualquier colecci\u00f3n.<\/p>\n<p data-start=\"2688\" data-end=\"2939\">Los herrajes dorados pulidos realzan su tono suave con un brillo sofisticado. Su interior espacioso es ideal para llevar objetos esenciales como una tablet o agenda, lo que la convierte en una compa\u00f1era vers\u00e1til para el d\u00eda a d\u00eda o eventos especiales.<\/p>\n<p data-start=\"2941\" data-end=\"3211\">Su estado impecable y el set completo la convierten en una pieza de colecci\u00f3n altamente deseada. La Herm\u00e8s Birkin Vert Amande no es solo un bolso, sino una inversi\u00f3n duradera y una declaraci\u00f3n de estilo para mujeres exigentes con gusto por lo excepcional.<\/p>\n","protected":false},"featured_media":20330,"template":"","meta":[],"product_brand":[2433],"product_cat":[1813],"product_tag":[2480,1897],"class_list":{"0":"post-20149","1":"product","2":"type-product","3":"status-publish","4":"has-post-thumbnail","6":"product_brand-hermes-es","7":"product_cat-bolso","8":"product_tag-birkin-30-vert-amande-es","9":"product_tag-hermes-birkin-30-es","10":"pa_brand-hermes-es","11":"pa_color-verde","12":"pa_color-gris","13":"pa_grade-grado-1","14":"pa_hermes-models-birkin-es","15":"pa_material-cuero","17":"first","18":"outofstock","19":"shipping-taxable","20":"product-type-simple"},"_links":{"self":[{"href":"https:\/\/handbag-sense.com\/es\/wp-json\/wp\/v2\/product\/20149","targetHints":{"allow":["GET"]}}],"collection":[{"href":"https:\/\/handbag-sense.com\/es\/wp-json\/wp\/v2\/product"}],"about":[{"href":"https:\/\/handbag-sense.com\/es\/wp-json\/wp\/v2\/types\/product"}],"wp:featuredmedia":[{"embeddable":true,"href":"https:\/\/handbag-sense.com\/es\/wp-json\/wp\/v2\/media\/20330"}],"wp:attachment":[{"href":"https:\/\/handbag-sense.com\/es\/wp-json\/wp\/v2\/media?parent=20149"}],"wp:term":[{"taxonomy":"product_brand","embeddable":true,"href":"https:\/\/handbag-sense.com\/es\/wp-json\/wp\/v2\/product_brand?post=20149"},{"taxonomy":"product_cat","embeddable":true,"href":"https:\/\/handbag-sense.com\/es\/wp-json\/wp\/v2\/product_cat?post=20149"},{"taxonomy":"product_tag","embeddable":true,"href":"https:\/\/handbag-sense.com\/es\/wp-json\/wp\/v2\/product_tag?post=20149"}],"curies":[{"name":"wp","href":"https:\/\/api.w.org\/{rel}","templated":true}]}}