{"id":20114,"date":"2025-07-12T19:09:51","date_gmt":"2025-07-12T17:09:51","guid":{"rendered":"https:\/\/handbag-sense.com\/?post_type=product&#038;p=20114"},"modified":"2025-12-07T13:22:42","modified_gmt":"2025-12-07T12:22:42","slug":"hermes-birkin-30-togo-blue-de-galice","status":"publish","type":"product","link":"https:\/\/handbag-sense.com\/es\/producto\/hermes-birkin-30-togo-blue-de-galice\/","title":{"rendered":"Birkin 30 Togo Blue de Galice"},"content":{"rendered":"<div class=\"c-columns-m-1 c-columns-2 c-columns-gap-s\">\n<div><strong>Material:<\/strong> Togo Cuero<br \/>\n<strong>Color:<\/strong> Blue de Galice<br \/>\n<strong>Elementos met\u00e1licos:<\/strong> Herrajes de Oro<br \/>\n<strong>Material interior:<\/strong> Cuero<\/div>\n<div><strong>Grado: <\/strong>3 <img decoding=\"async\" class=\"info_box alignnone size-medium wp-image-885\" title=\"Informaci\u00f3n\" role=\"img\" src=\"https:\/\/handbag-sense.com\/wp-content\/uploads\/2023\/05\/info_icon.svg\" alt=\"Cuadro de informaci\u00f3n\" width=\"15\" height=\"15\" \/><br \/>\n<strong>A\u00f1o de producci\u00f3n \/ Sello:<\/strong> 2016 \/ X<br \/>\n<strong>Tama\u00f1o:<\/strong> 30 x 22 x 16 cm<br \/>\n<strong>Env\u00edo:<\/strong> A todo el mundo<\/div>\n<\/div>\n<p><strong>Incluye:<\/strong> Bolsa guardapolvo, clochette, llaves, cerradura, fieltro, chubasquero<\/p>\n","protected":false},"excerpt":{"rendered":"<p data-start=\"1698\" data-end=\"1809\"><strong data-start=\"1707\" data-end=\"1809\">Herm\u00e8s Birkin 30 Togo Blue de Galice con herrajes dorados \u2013 A\u00f1o 2016, Sello X, en excelente estado<\/strong><\/p>\n<p data-start=\"1811\" data-end=\"2348\">Descubre este refinado bolso <strong data-start=\"1840\" data-end=\"1860\">Herm\u00e8s Birkin 30<\/strong>, elaborado artesanalmente en resistente <strong data-start=\"1901\" data-end=\"1915\">cuero Togo<\/strong> en el elegante tono <strong data-start=\"1936\" data-end=\"1954\">Blue de Galice<\/strong>, embellecido con herrajes dorados. Producido en el a\u00f1o 2016 y marcado con el sello X, este Birkin de 30\u202fcm se encuentra en excelente estado, con solo leves marcas superficiales en los herrajes. Se entrega con la clochette de cuero, el juego de llaves y la bolsa guardapolvo Herm\u00e8s \u2014 una combinaci\u00f3n perfecta de lujo, funcionalidad y valor de colecci\u00f3n.<\/p>\n<p data-start=\"2350\" data-end=\"2740\">El <strong data-start=\"2353\" data-end=\"2373\">Herm\u00e8s Birkin 30<\/strong> es uno de los bolsos de <strong data-start=\"2398\" data-end=\"2419\">l<\/strong>ujo m\u00e1s ic\u00f3nicos, apreciado por su estructura elegante y su versatilidad. El cuero Togo ofrece una textura suave pero estructurada, asegurando que el bolso conserve su forma con el uso. El color Blue de Galice aporta un toque fresco y moderno, f\u00e1cilmente combinable, mientras que los herrajes dorados elevan su sofisticaci\u00f3n.<\/p>\n<p data-start=\"2742\" data-end=\"2970\">Dise\u00f1ado para amantes del lujo y coleccionistas exigentes, este <strong data-start=\"2806\" data-end=\"2828\">bolso de colecci\u00f3n<\/strong> ofrece estilo y funcionalidad. Su interior amplio lo convierte en un accesorio ideal tanto para el uso diario como para ocasiones especiales.<\/p>\n<p data-start=\"2972\" data-end=\"3207\">Tener en tus manos este <strong data-start=\"2996\" data-end=\"3031\">Herm\u00e8s Birkin 30 Blue de Galice<\/strong> es m\u00e1s que una declaraci\u00f3n de moda: es una inversi\u00f3n en elegancia atemporal, un legado de calidad artesanal y una pieza estrella en cualquier colecci\u00f3n de bolsos de alta gama.<\/p>\n","protected":false},"featured_media":20038,"template":"","meta":[],"product_brand":[2433],"product_cat":[1813],"product_tag":[1905,1895,1897],"class_list":{"0":"post-20114","1":"product","2":"type-product","3":"status-publish","4":"has-post-thumbnail","6":"product_brand-hermes-es","7":"product_cat-bolso","8":"product_tag-birkin-30-togo-es","9":"product_tag-bolso-birkin-hermes","10":"product_tag-hermes-birkin-30-es","11":"pa_brand-hermes-es","12":"pa_color-azul","13":"pa_grade-grado-4","14":"pa_hermes-models-birkin-es","15":"pa_material-cuero","17":"first","18":"instock","19":"sold-individually","20":"purchasable","21":"product-type-simple"},"_links":{"self":[{"href":"https:\/\/handbag-sense.com\/es\/wp-json\/wp\/v2\/product\/20114","targetHints":{"allow":["GET"]}}],"collection":[{"href":"https:\/\/handbag-sense.com\/es\/wp-json\/wp\/v2\/product"}],"about":[{"href":"https:\/\/handbag-sense.com\/es\/wp-json\/wp\/v2\/types\/product"}],"wp:featuredmedia":[{"embeddable":true,"href":"https:\/\/handbag-sense.com\/es\/wp-json\/wp\/v2\/media\/20038"}],"wp:attachment":[{"href":"https:\/\/handbag-sense.com\/es\/wp-json\/wp\/v2\/media?parent=20114"}],"wp:term":[{"taxonomy":"product_brand","embeddable":true,"href":"https:\/\/handbag-sense.com\/es\/wp-json\/wp\/v2\/product_brand?post=20114"},{"taxonomy":"product_cat","embeddable":true,"href":"https:\/\/handbag-sense.com\/es\/wp-json\/wp\/v2\/product_cat?post=20114"},{"taxonomy":"product_tag","embeddable":true,"href":"https:\/\/handbag-sense.com\/es\/wp-json\/wp\/v2\/product_tag?post=20114"}],"curies":[{"name":"wp","href":"https:\/\/api.w.org\/{rel}","templated":true}]}}