{"id":20003,"date":"2025-07-04T18:07:57","date_gmt":"2025-07-04T16:07:57","guid":{"rendered":"https:\/\/handbag-sense.com\/?post_type=product&#038;p=20003"},"modified":"2025-07-23T09:02:14","modified_gmt":"2025-07-23T07:02:14","slug":"hermes-evelyne-iii-33-clemence-bleu-nuit","status":"publish","type":"product","link":"https:\/\/handbag-sense.com\/es\/producto\/hermes-evelyne-iii-33-clemence-bleu-nuit\/","title":{"rendered":"Evelyne III 33 Clemence Bleu Nuit"},"content":{"rendered":"<div class=\"c-columns-m-1 c-columns-2 c-columns-gap-s\">\n<div><strong>Material:<\/strong> Taurillon Clemence Cuero<br \/>\n<strong>Color:<\/strong> Bleu Nuit<br \/>\n<strong>Elementos met\u00e1licos:<\/strong> Herrajes de oro<\/div>\n<div><strong>Material interior:<\/strong> Piel natural<\/div>\n<div><strong>Grado: 3<\/strong> <img decoding=\"async\" class=\"info_box alignnone size-medium wp-image-885\" title=\"Informaci\u00f3n\" role=\"img\" src=\"https:\/\/handbag-sense.com\/wp-content\/uploads\/2023\/05\/info_icon.svg\" alt=\"Cuadro de informaci\u00f3n\" width=\"15\" height=\"15\" \/><br \/>\n<strong>A\u00f1o de producci\u00f3n\/Sello:<\/strong> 2020 \/ Y<br \/>\n<strong>Tama\u00f1o:<\/strong> 33 x 33 x 11 cm<br \/>\n<strong>Naviero:<\/strong> Mundial<\/div>\n<\/div>\n<p><strong>Incluye:<\/strong> Bolsa guardapolvo, correa<\/p>\n","protected":false},"excerpt":{"rendered":"<p data-start=\"1713\" data-end=\"1819\"><strong data-start=\"1722\" data-end=\"1819\">Herm\u00e8s Evelyne III 33 Cl\u00e9mence Bleu Nuit con herrajes dorados \u2013 En excelente estado<\/strong><\/p>\n<p data-start=\"1821\" data-end=\"2254\">El modelo <strong data-start=\"1831\" data-end=\"1856\">Herm\u00e8s Evelyne 33<\/strong>, confeccionado en el a\u00f1o <strong data-start=\"1882\" data-end=\"1890\">2020<\/strong>, est\u00e1 elaborado en <strong data-start=\"1910\" data-end=\"1938\">cuero Taurillon Cl\u00e9mence<\/strong> color <strong data-start=\"1945\" data-end=\"1958\">Bleu Nuit<\/strong> y acabado con elegantes <strong data-start=\"1983\" data-end=\"2003\">herrajes dorados<\/strong>. En <strong data-start=\"2008\" data-end=\"2028\">excelente estado<\/strong>, esta pieza no muestra signos visibles de uso. Su dise\u00f1o incluye un compartimento principal amplio, un bolsillo trasero externo, costuras a tono, cierre con leng\u00fceta de cuero y el emblem\u00e1tico logo \u201cH\u201d perforado en el frontal.<\/p>\n<p data-start=\"2256\" data-end=\"2632\">La <strong>Herm\u00e8s Evelyne Bleu Nuit<\/strong>\u00a0destaca por su funcionalidad y elegancia atemporal. Gracias a su tama\u00f1o generoso, es ideal como <strong data-start=\"2374\" data-end=\"2409\">bolso de lujo para el d\u00eda a d\u00eda<\/strong>, permitiendo llevar todo lo esencial sin renunciar al estilo. El cuero Cl\u00e9mence le aporta una textura suave y resistente, mientras que el tono profundo Bleu Nuit y los herrajes dorados ofrecen un contraste sofisticado.<\/p>\n<p data-start=\"2634\" data-end=\"2875\">Su correa desmontable en lona y cuero, en color Bleu Nuit, permite llevarla c\u00f3modamente cruzada al cuerpo o al hombro, perfecta para un uso urbano o diario. Esta creaci\u00f3n de Herm\u00e8s es sin\u00f3nimo de tradici\u00f3n, calidad y dise\u00f1o refinado.<\/p>\n<p data-start=\"2877\" data-end=\"3129\">Con su origen en 2020, esta pieza no solo es funcional, sino tambi\u00e9n muy buscada por los coleccionistas exigentes. Se entrega con <strong data-start=\"3007\" data-end=\"3029\">correa desmontable<\/strong> y <strong data-start=\"3032\" data-end=\"3060\">funda guardapolvo Herm\u00e8s<\/strong> \u2013 ideal para lucir de inmediato o conservar como pieza de colecci\u00f3n.<\/p>\n","protected":false},"featured_media":20056,"template":"","meta":[],"product_brand":[2433],"product_cat":[1860,1813,1820],"product_tag":[2038],"class_list":{"0":"post-20003","1":"product","2":"type-product","3":"status-publish","4":"has-post-thumbnail","6":"product_brand-hermes-es","7":"product_cat-bandolera","8":"product_cat-bolso","9":"product_cat-bolso-cruzado","10":"product_tag-hermes-evelyne-iii-33-es","11":"pa_brand-hermes-es","12":"pa_color-azul","13":"pa_grade-grado-1","14":"pa_hermes-models-evelyne-es","15":"pa_material-cuero","17":"first","18":"outofstock","19":"shipping-taxable","20":"product-type-simple"},"_links":{"self":[{"href":"https:\/\/handbag-sense.com\/es\/wp-json\/wp\/v2\/product\/20003","targetHints":{"allow":["GET"]}}],"collection":[{"href":"https:\/\/handbag-sense.com\/es\/wp-json\/wp\/v2\/product"}],"about":[{"href":"https:\/\/handbag-sense.com\/es\/wp-json\/wp\/v2\/types\/product"}],"wp:featuredmedia":[{"embeddable":true,"href":"https:\/\/handbag-sense.com\/es\/wp-json\/wp\/v2\/media\/20056"}],"wp:attachment":[{"href":"https:\/\/handbag-sense.com\/es\/wp-json\/wp\/v2\/media?parent=20003"}],"wp:term":[{"taxonomy":"product_brand","embeddable":true,"href":"https:\/\/handbag-sense.com\/es\/wp-json\/wp\/v2\/product_brand?post=20003"},{"taxonomy":"product_cat","embeddable":true,"href":"https:\/\/handbag-sense.com\/es\/wp-json\/wp\/v2\/product_cat?post=20003"},{"taxonomy":"product_tag","embeddable":true,"href":"https:\/\/handbag-sense.com\/es\/wp-json\/wp\/v2\/product_tag?post=20003"}],"curies":[{"name":"wp","href":"https:\/\/api.w.org\/{rel}","templated":true}]}}