{"id":19855,"date":"2025-06-13T13:53:44","date_gmt":"2025-06-13T11:53:44","guid":{"rendered":"https:\/\/handbag-sense.com\/?post_type=product&#038;p=19855"},"modified":"2025-06-20T12:53:17","modified_gmt":"2025-06-20T10:53:17","slug":"hermes-kelly-28-retourne-bleu-pale","status":"publish","type":"product","link":"https:\/\/handbag-sense.com\/es\/producto\/hermes-kelly-28-retourne-bleu-pale\/","title":{"rendered":"Kelly 28 Retourne Bleu Pale Clemence"},"content":{"rendered":"<div class=\"c-columns-m-1 c-columns-2 c-columns-gap-s\">\n<div><strong>Material:<\/strong> Cuero Clemence<br \/>\n<strong>Color:<\/strong> Bleu Pale<br \/>\n<strong>Elementos met\u00e1licos:<\/strong> Herrajes de oro<br \/>\n<strong>Material interior:<\/strong> Cuero<\/div>\n<div><strong>Grado: <\/strong>3 <img decoding=\"async\" class=\"info_box alignnone size-medium wp-image-885\" title=\"Informaci\u00f3n\" role=\"img\" src=\"https:\/\/handbag-sense.com\/wp-content\/uploads\/2023\/05\/info_icon.svg\" alt=\"Cuadro de informaci\u00f3n\" width=\"15\" height=\"15\" \/><br \/>\n<strong>A\u00f1o de producci\u00f3n \/ Sello:<\/strong> 2020 \/ Y<br \/>\n<strong>Tama\u00f1o:<\/strong> 28 x 20 x 10 cm<br \/>\n<strong>Env\u00edo:<\/strong> A todo el mundo<\/div>\n<\/div>\n<p><strong>Incluye:<\/strong> Bolsa guardapolvo, correa, clochette, cerradura, llaves<\/p>\n","protected":false},"excerpt":{"rendered":"<p data-start=\"3355\" data-end=\"3445\"><strong>Herm\u00e8s Kelly 28 Retourne Bleu Pale Clemence con herrajes dorados \u2013 En excelente estado<\/strong><\/p>\n<p data-start=\"3447\" data-end=\"3994\">Descubre este bolso <strong data-start=\"3467\" data-end=\"3495\">Herm\u00e8s Kelly 28 Retourne<\/strong>, elaborado a mano en <strong data-start=\"3517\" data-end=\"3535\">cuero Clemence<\/strong> suave en el delicado tono <strong data-start=\"3562\" data-end=\"3575\">Bleu Pale<\/strong> y acabado con elegantes <strong data-start=\"3600\" data-end=\"3620\">herrajes dorados<\/strong>. Esta Kelly de 28\u202fcm incluye una clochette, candado con dos llaves, correa original y una segunda correa ancha sin marca, a juego en color, ideal para llevar como bandolera. El bolso se encuentra en excelente estado, con las protecciones a\u00fan en los herrajes \u2013 solo se observan se\u00f1ales m\u00ednimas de uso y peque\u00f1os ara\u00f1azos en las partes met\u00e1licas de la correa.<\/p>\n<p data-start=\"3996\" data-end=\"4348\">El <strong data-start=\"3999\" data-end=\"4018\">Herm\u00e8s Kelly 28<\/strong> representa una combinaci\u00f3n perfecta entre dise\u00f1o ic\u00f3nico y versatilidad contempor\u00e1nea. La forma Retourne, junto con el cuero Clemence flexible, crea una silueta suave y elegante con gran comodidad de uso. El tono <strong data-start=\"4232\" data-end=\"4245\">Bleu Pale<\/strong> aporta un aire fresco y femenino, mientras que los herrajes dorados a\u00f1aden un toque de lujo atemporal.<\/p>\n<p data-start=\"4350\" data-end=\"4532\">Gracias a sus dos opciones de uso \u2013 asa superior cl\u00e1sica y correa desmontable \u2013, este bolso se adapta con facilidad a cualquier ocasi\u00f3n: desde el trabajo hasta un look casual diario.<\/p>\n<p data-start=\"4534\" data-end=\"4833\">Esta <strong>Kelly 28 Bleu Pale<\/strong>\u00a0destaca por su excepcional artesan\u00eda y su estado casi impecable. Se entrega con clochette, candado, llaves, correa original, correa ancha adicional y bolsa guardapolvo Herm\u00e8s \u2013 ideal para lucirla de inmediato o como joya de tu colecci\u00f3n de lujo.<\/p>\n","protected":false},"featured_media":19858,"template":"","meta":[],"product_brand":[2433],"product_cat":[1813],"product_tag":[1919,1990,1989],"class_list":{"0":"post-19855","1":"product","2":"type-product","3":"status-publish","4":"has-post-thumbnail","6":"product_brand-hermes-es","7":"product_cat-bolso","8":"product_tag-hermes-kelly-32-es","9":"product_tag-hermes-kelly-oro","10":"product_tag-kelly-32-oro","11":"pa_brand-hermes-es","12":"pa_color-azul","13":"pa_color-gris","14":"pa_grade-grado-3","15":"pa_hermes-models-kelly-es","16":"pa_material-cuero","18":"first","19":"outofstock","20":"shipping-taxable","21":"product-type-simple"},"_links":{"self":[{"href":"https:\/\/handbag-sense.com\/es\/wp-json\/wp\/v2\/product\/19855","targetHints":{"allow":["GET"]}}],"collection":[{"href":"https:\/\/handbag-sense.com\/es\/wp-json\/wp\/v2\/product"}],"about":[{"href":"https:\/\/handbag-sense.com\/es\/wp-json\/wp\/v2\/types\/product"}],"wp:featuredmedia":[{"embeddable":true,"href":"https:\/\/handbag-sense.com\/es\/wp-json\/wp\/v2\/media\/19858"}],"wp:attachment":[{"href":"https:\/\/handbag-sense.com\/es\/wp-json\/wp\/v2\/media?parent=19855"}],"wp:term":[{"taxonomy":"product_brand","embeddable":true,"href":"https:\/\/handbag-sense.com\/es\/wp-json\/wp\/v2\/product_brand?post=19855"},{"taxonomy":"product_cat","embeddable":true,"href":"https:\/\/handbag-sense.com\/es\/wp-json\/wp\/v2\/product_cat?post=19855"},{"taxonomy":"product_tag","embeddable":true,"href":"https:\/\/handbag-sense.com\/es\/wp-json\/wp\/v2\/product_tag?post=19855"}],"curies":[{"name":"wp","href":"https:\/\/api.w.org\/{rel}","templated":true}]}}