{"id":19666,"date":"2025-05-27T18:03:41","date_gmt":"2025-05-27T16:03:41","guid":{"rendered":"https:\/\/handbag-sense.com\/?post_type=product&#038;p=19666"},"modified":"2025-06-26T13:02:05","modified_gmt":"2025-06-26T11:02:05","slug":"hermes-birkin-35-togo-blue-jean-2","status":"publish","type":"product","link":"https:\/\/handbag-sense.com\/es\/producto\/hermes-birkin-35-togo-blue-jean-2\/","title":{"rendered":"Birkin 35 Togo Blue Jean(On Hold)"},"content":{"rendered":"<div class=\"c-columns-m-1 c-columns-2 c-columns-gap-s\">\n<div><strong>Material:<\/strong> Piel Togo<br \/>\n<strong>Color:<\/strong> Blue Jean<br \/>\n<strong>Elementos met\u00e1licos:<\/strong> Paladio Herrajes<br \/>\n<strong>Material interior:<\/strong> Piel<\/div>\n<div><strong>Grado: <\/strong> 4 <img decoding=\"async\" class=\"info_box alignnone size-medium wp-image-885\" title=\"Informaci\u00f3n\" role=\"img\" src=\"https:\/\/handbag-sense.com\/wp-content\/uploads\/2023\/05\/info_icon.svg\" alt=\"Cuadro de informaci\u00f3n\" width=\"15\" height=\"15\" \/><br \/>\n<strong>A\u00f1o de producci\u00f3n \/ Sello:<\/strong> 2004 \/ H<br \/>\n<strong>Tama\u00f1o:<\/strong> 35 x 25 x 18 cm<br \/>\n<strong>Env\u00edo:<\/strong> A todo el mundo<\/div>\n<\/div>\n<p><strong>Incluye:<\/strong> Clochette, cerradura, llaves<\/p>\n","protected":false},"excerpt":{"rendered":"<p data-start=\"1476\" data-end=\"1589\"><strong data-start=\"1485\" data-end=\"1589\">Herm\u00e8s Birkin 35 Togo Blue Jean con herrajes de paladio \u2013 A\u00f1o 2004, sello H en cuadrado<\/strong><\/p>\n<p data-start=\"1591\" data-end=\"1963\">Este ic\u00f3nico <strong data-start=\"1604\" data-end=\"1624\">Herm\u00e8s Birkin 35<\/strong> fue fabricado en el a\u00f1o 2004 y lleva el sello H en cuadrado. Est\u00e1 confeccionado en resistente <strong data-start=\"1727\" data-end=\"1741\">cuero Togo<\/strong> en el cl\u00e1sico tono <strong data-start=\"1761\" data-end=\"1774\">Blue Jean<\/strong>, con elegantes <strong data-start=\"1790\" data-end=\"1813\">herrajes de paladio<\/strong>. El bolso se encuentra en muy buen estado, con ligeras se\u00f1ales de uso en el cuero. Se incluye la clochette de cuero y el juego de llaves.<\/p>\n<p data-start=\"1965\" data-end=\"2360\">El Birkin 35 es conocido por su equilibrio perfecto entre funcionalidad y elegancia, siendo una elecci\u00f3n muy codiciada entre los coleccionistas de bolsos de lujo. El cuero Togo destaca por su textura fina y su capacidad de mantener la forma con el tiempo, mientras que el tono Blue Jean aporta un toque atemporal. Los herrajes de paladio crean un contraste moderno y sofisticado.<\/p>\n<p data-start=\"2362\" data-end=\"2584\">Este modelo de 2004 resulta especialmente atractivo para quienes aprecian la artesan\u00eda cl\u00e1sica de Herm\u00e8s. Su estado refleja tanto la calidad perdurable de la marca como el cuidado meticuloso de su propietaria anterior.<\/p>\n<p data-start=\"2586\" data-end=\"2880\">Poseer este Herm\u00e8s Birkin 35 Blue Jean no solo representa un gusto refinado, sino tambi\u00e9n una inversi\u00f3n duradera en una de las piezas m\u00e1s emblem\u00e1ticas de la historia de la moda. Su versatilidad lo convierte en el acompa\u00f1ante ideal tanto para el d\u00eda a d\u00eda como para ocasiones especiales.<\/p>\n","protected":false},"featured_media":19725,"template":"","meta":[],"product_brand":[2433],"product_cat":[1813],"product_tag":[1892,1893],"class_list":{"0":"post-19666","1":"product","2":"type-product","3":"status-publish","4":"has-post-thumbnail","6":"product_brand-hermes-es","7":"product_cat-bolso","8":"product_tag-birkin-35-togo-es","9":"product_tag-hermes-birkin-35-es","10":"pa_brand-hermes-es","11":"pa_color-azul","12":"pa_grade-grado-4","13":"pa_hermes-models-birkin-es","14":"pa_material-cuero","16":"first","17":"outofstock","18":"shipping-taxable","19":"product-type-simple"},"_links":{"self":[{"href":"https:\/\/handbag-sense.com\/es\/wp-json\/wp\/v2\/product\/19666","targetHints":{"allow":["GET"]}}],"collection":[{"href":"https:\/\/handbag-sense.com\/es\/wp-json\/wp\/v2\/product"}],"about":[{"href":"https:\/\/handbag-sense.com\/es\/wp-json\/wp\/v2\/types\/product"}],"wp:featuredmedia":[{"embeddable":true,"href":"https:\/\/handbag-sense.com\/es\/wp-json\/wp\/v2\/media\/19725"}],"wp:attachment":[{"href":"https:\/\/handbag-sense.com\/es\/wp-json\/wp\/v2\/media?parent=19666"}],"wp:term":[{"taxonomy":"product_brand","embeddable":true,"href":"https:\/\/handbag-sense.com\/es\/wp-json\/wp\/v2\/product_brand?post=19666"},{"taxonomy":"product_cat","embeddable":true,"href":"https:\/\/handbag-sense.com\/es\/wp-json\/wp\/v2\/product_cat?post=19666"},{"taxonomy":"product_tag","embeddable":true,"href":"https:\/\/handbag-sense.com\/es\/wp-json\/wp\/v2\/product_tag?post=19666"}],"curies":[{"name":"wp","href":"https:\/\/api.w.org\/{rel}","templated":true}]}}