{"id":19663,"date":"2025-05-27T16:05:28","date_gmt":"2025-05-27T14:05:28","guid":{"rendered":"https:\/\/handbag-sense.com\/?post_type=product&#038;p=19663"},"modified":"2025-07-01T17:08:03","modified_gmt":"2025-07-01T15:08:03","slug":"hermes-birkin-30-epsom-blanco","status":"publish","type":"product","link":"https:\/\/handbag-sense.com\/es\/producto\/hermes-birkin-30-epsom-blanco\/","title":{"rendered":"Birkin 30 Epsom Blanco"},"content":{"rendered":"<div class=\"c-columns-m-1 c-columns-2 c-columns-gap-s\">\n<div><strong>Material:<\/strong> Epsom Cuero<br \/>\n<strong>Color:<\/strong> blanco<br \/>\n<strong>Elementos met\u00e1licos:<\/strong> Herrajes de paladio<br \/>\n<strong>Material interior:<\/strong> Cuero<\/div>\n<div><strong>Grado: <\/strong>4 <img decoding=\"async\" class=\"info_box alignnone size-medium wp-image-885\" title=\"Informaci\u00f3n\" role=\"img\" src=\"https:\/\/handbag-sense.com\/wp-content\/uploads\/2023\/05\/info_icon.svg\" alt=\"Cuadro de informaci\u00f3n\" width=\"15\" height=\"15\" \/><br \/>\n<strong>A\u00f1o de producci\u00f3n \/ Sello:<\/strong> 2010 \/ N<br \/>\n<strong>Tama\u00f1o:<\/strong> 30 x 22 x 16 cm<br \/>\n<strong>Env\u00edo:<\/strong> A todo el mundo<\/div>\n<\/div>\n<p><strong>Incluye:<\/strong> Bolsa guardapolvo, clochette, llaves, cerradura<\/p>\n","protected":false},"excerpt":{"rendered":"<p data-start=\"1874\" data-end=\"2011\"><strong data-start=\"1883\" data-end=\"2011\">Herm\u00e8s Birkin 30 Epsom blanco con herrajes de paladio \u2013 A\u00f1o 2010, sello N en cuadrado<\/strong><\/p>\n<p data-start=\"2013\" data-end=\"2509\">Este cl\u00e1sico <strong data-start=\"2026\" data-end=\"2046\">Herm\u00e8s Birkin 30<\/strong> ha sido meticulosamente confeccionado en resistente cuero Epsom de color blanco, acentuado con elegantes herrajes de paladio. Producido en el a\u00f1o 2010, este ic\u00f3nico modelo de 30 cm lleva el sello N en cuadrado y se encuentra en muy buen estado, con leves se\u00f1ales de uso en el cuero y peque\u00f1as marcas superficiales en el metal. Se entrega con la clochette de cuero, el juego de llaves y la bolsa guardapolvo original de Herm\u00e8s.<\/p>\n<p data-start=\"2511\" data-end=\"2928\">El <strong data-start=\"2514\" data-end=\"2527\">Birkin 30<\/strong> es reconocido por su equilibrio perfecto entre funcionalidad y elegancia, lo que lo convierte en una pieza muy codiciada entre los amantes de bolsos de lujo. El cuero <strong data-start=\"2695\" data-end=\"2704\">Epsom<\/strong> no solo aporta una textura refinada, sino que tambi\u00e9n ayuda a que el bolso conserve su estructura con el paso del tiempo. El tono blanco aporta sofisticaci\u00f3n, mientras que los herrajes de paladio crean un contraste moderno.<\/p>\n<p data-start=\"2930\" data-end=\"3263\">El a\u00f1o de producci\u00f3n 2010 y el sello identifican claramente su estatus vintage, lo que lo convierte en una pieza de colecci\u00f3n para quienes valoran los cl\u00e1sicos atemporales. A pesar de los a\u00f1os, el bolso se mantiene en excelente estado, reflejo del inigualable saber hacer de Herm\u00e8s y del cuidado meticuloso de su propietaria.<\/p>\n<p data-start=\"3265\" data-end=\"3498\">Poseer este <strong data-start=\"3277\" data-end=\"3297\">Herm\u00e8s Birkin 30<\/strong> no solo refleja un gusto exquisito por el lujo, sino que tambi\u00e9n representa una inversi\u00f3n duradera en una pieza que trasciende las modas pasajeras y se adapta tanto a estilos formales como informales.<\/p>\n","protected":false},"featured_media":19771,"template":"","meta":[],"product_brand":[2433],"product_cat":[1813],"product_tag":[1895,1897],"class_list":{"0":"post-19663","1":"product","2":"type-product","3":"status-publish","4":"has-post-thumbnail","6":"product_brand-hermes-es","7":"product_cat-bolso","8":"product_tag-bolso-birkin-hermes","9":"product_tag-hermes-birkin-30-es","10":"pa_brand-hermes-es","11":"pa_color-blanco","12":"pa_grade-grado-4","13":"pa_hermes-models-birkin-es","14":"pa_material-cuero","16":"first","17":"outofstock","18":"sold-individually","19":"shipping-taxable","20":"product-type-simple"},"_links":{"self":[{"href":"https:\/\/handbag-sense.com\/es\/wp-json\/wp\/v2\/product\/19663","targetHints":{"allow":["GET"]}}],"collection":[{"href":"https:\/\/handbag-sense.com\/es\/wp-json\/wp\/v2\/product"}],"about":[{"href":"https:\/\/handbag-sense.com\/es\/wp-json\/wp\/v2\/types\/product"}],"wp:featuredmedia":[{"embeddable":true,"href":"https:\/\/handbag-sense.com\/es\/wp-json\/wp\/v2\/media\/19771"}],"wp:attachment":[{"href":"https:\/\/handbag-sense.com\/es\/wp-json\/wp\/v2\/media?parent=19663"}],"wp:term":[{"taxonomy":"product_brand","embeddable":true,"href":"https:\/\/handbag-sense.com\/es\/wp-json\/wp\/v2\/product_brand?post=19663"},{"taxonomy":"product_cat","embeddable":true,"href":"https:\/\/handbag-sense.com\/es\/wp-json\/wp\/v2\/product_cat?post=19663"},{"taxonomy":"product_tag","embeddable":true,"href":"https:\/\/handbag-sense.com\/es\/wp-json\/wp\/v2\/product_tag?post=19663"}],"curies":[{"name":"wp","href":"https:\/\/api.w.org\/{rel}","templated":true}]}}