{"id":19297,"date":"2025-04-28T18:04:30","date_gmt":"2025-04-28T16:04:30","guid":{"rendered":"https:\/\/handbag-sense.com\/?post_type=product&#038;p=19297"},"modified":"2025-06-20T15:11:10","modified_gmt":"2025-06-20T13:11:10","slug":"hermes-constance-slim-wallet-epsom-negro","status":"publish","type":"product","link":"https:\/\/handbag-sense.com\/es\/producto\/hermes-constance-slim-wallet-epsom-negro\/","title":{"rendered":"Constance Slim Wallet Epsom Negro"},"content":{"rendered":"<div class=\"c-columns-m-1 c-columns-2 c-columns-gap-s\">\n<div><strong>Material:<\/strong> Cuero Epsom<br \/>\n<strong>Color:<\/strong> Negro<br \/>\n<strong>Elementos met\u00e1licos:<\/strong> Herrajes de oro<br \/>\n<strong>Material interior:<\/strong> Cuero<\/div>\n<div><strong>Grado: 1<\/strong> <img decoding=\"async\" class=\"info_box alignnone size-medium wp-image-885\" title=\"Informaci\u00f3n\" role=\"img\" src=\"https:\/\/handbag-sense.com\/wp-content\/uploads\/2023\/05\/info_icon.svg\" alt=\"Cuadro de informaci\u00f3n\" width=\"15\" height=\"15\" \/><br \/>\n<strong>A\u00f1o de producci\u00f3n\/Sello:<\/strong> 2024 \/ W<br \/>\n<strong>Tama\u00f1o:<\/strong> 12 x 10 x 2 cm<br \/>\n<strong>Naviero:<\/strong> Mundial<\/div>\n<\/div>\n<p><strong>Incluye:<\/strong> Recibo original, bolsa para el polvo, fieltro, caja<\/p>\n","protected":false},"excerpt":{"rendered":"<p data-start=\"815\" data-end=\"902\"><strong data-start=\"824\" data-end=\"902\">Herm\u00e8s Constance Slim Wallet en Epsom negro con herrajes dorados. <\/strong>Esta cl\u00e1sica cartera Constance Slim est\u00e1 confeccionada artesanalmente en cuero Epsom negro y decorada con herrajes dorados. La Constance Slim se distingue por su emblem\u00e1tico cierre en forma de \u201cH\u201d. En el interior cuenta con dos ranuras y un peque\u00f1o estuche con cremallera, extra\u00edble. El lazo \u00fanico en la parte trasera permite llevar este elegante monedero tambi\u00e9n como ri\u00f1onera (belt bag).<\/p>\n<p class=\"\" data-start=\"1295\" data-end=\"1472\">Esta<strong> Herm\u00e8s Constance Slim Belt Wallet<\/strong> est\u00e1 completamente nueva y sin usar, e incluye la bolsa guardapolvo de Herm\u00e8s y la caja original. Es una aut\u00e9ntica joya para cualquier colecci\u00f3n.<\/p>\n","protected":false},"featured_media":19301,"template":"","meta":[],"product_brand":[2433],"product_cat":[1888],"product_tag":[2064,2062],"class_list":{"0":"post-19297","1":"product","2":"type-product","3":"status-publish","4":"has-post-thumbnail","6":"product_brand-hermes-es","7":"product_cat-maletin","8":"product_tag-constance-slim-negro","9":"product_tag-hermes-slim-constanza","10":"pa_brand-hermes-es","11":"pa_color-negro","12":"pa_grade-grado-1","13":"pa_hermes-models-otros-modelos","14":"pa_material-cuero","16":"first","17":"instock","18":"shipping-taxable","19":"purchasable","20":"product-type-simple"},"_links":{"self":[{"href":"https:\/\/handbag-sense.com\/es\/wp-json\/wp\/v2\/product\/19297","targetHints":{"allow":["GET"]}}],"collection":[{"href":"https:\/\/handbag-sense.com\/es\/wp-json\/wp\/v2\/product"}],"about":[{"href":"https:\/\/handbag-sense.com\/es\/wp-json\/wp\/v2\/types\/product"}],"wp:featuredmedia":[{"embeddable":true,"href":"https:\/\/handbag-sense.com\/es\/wp-json\/wp\/v2\/media\/19301"}],"wp:attachment":[{"href":"https:\/\/handbag-sense.com\/es\/wp-json\/wp\/v2\/media?parent=19297"}],"wp:term":[{"taxonomy":"product_brand","embeddable":true,"href":"https:\/\/handbag-sense.com\/es\/wp-json\/wp\/v2\/product_brand?post=19297"},{"taxonomy":"product_cat","embeddable":true,"href":"https:\/\/handbag-sense.com\/es\/wp-json\/wp\/v2\/product_cat?post=19297"},{"taxonomy":"product_tag","embeddable":true,"href":"https:\/\/handbag-sense.com\/es\/wp-json\/wp\/v2\/product_tag?post=19297"}],"curies":[{"name":"wp","href":"https:\/\/api.w.org\/{rel}","templated":true}]}}