{"id":19262,"date":"2025-04-24T16:45:23","date_gmt":"2025-04-24T14:45:23","guid":{"rendered":"https:\/\/handbag-sense.com\/?post_type=product&#038;p=19262"},"modified":"2025-12-07T13:45:31","modified_gmt":"2025-12-07T12:45:31","slug":"hermes-kelly-mini-epsom-hss-gold-lime","status":"publish","type":"product","link":"https:\/\/handbag-sense.com\/es\/producto\/hermes-kelly-mini-epsom-hss-gold-lime\/","title":{"rendered":"Kelly Mini Epsom HSS Gold \/ Lime"},"content":{"rendered":"<div class=\"c-columns-m-1 c-columns-2 c-columns-gap-s\">\n<div><strong>Material:<\/strong> Cuero Epsom<br \/>\n<strong>Color:<\/strong> Gold \/ Lime<br \/>\n<strong>Elementos met\u00e1licos:<\/strong> Herrajes de oro<br \/>\n<strong>Material interior:<\/strong> Cuero<\/div>\n<div><strong>Grado:<\/strong> 1 <img decoding=\"async\" class=\"info_box alignnone size-medium wp-image-885\" title=\"Informaci\u00f3n\" role=\"img\" src=\"https:\/\/handbag-sense.com\/wp-content\/uploads\/2023\/05\/info_icon.svg\" alt=\"Cuadro de informaci\u00f3n\" width=\"15\" height=\"15\" \/><br \/>\n<strong>A\u00f1o de producci\u00f3n\/Sello:<\/strong> 2024 \/ W<br \/>\n<strong>Tama\u00f1o:<\/strong> 20 x 12 x 6 cm<br \/>\n<strong>Naviero:<\/strong> Mundial<\/div>\n<\/div>\n<p><strong>Incluye:<\/strong> Recibo original, bolsa guardapolvo, correa, fieltro, folleto, caja<\/p>\n","protected":false},"excerpt":{"rendered":"<p><strong>Herm\u00e8s Kelly Mini Epsom HSS Gold \/ Lime Verso con Herrajes Dorados - Nueva<\/strong><\/p>\n<p>El <strong>Herm\u00e8s Kelly Mini Epsom HSS<\/strong> combina elegancia atemporal con personalizaci\u00f3n exclusiva en esta obra maestra de 20cm. Este raro Herm\u00e8s Kelly Mini presenta un exterior de cuero Epsom Gold cl\u00e1sico con un interior Lima vibrante, realzado por resplandecientes herrajes dorados. Nuevo y sin usar, esta pieza de pedido especial lleva el prestigioso sello de herradura y el c\u00f3digo de fecha \"W\" (2024). Completo con correa para el hombro original, bolsa guardapolvo, caja naranja y recibo aut\u00e9ntico de Herm\u00e8s de diciembre de 2024.<\/p>\n<p>Este <strong>Herm\u00e8s Kelly 20 Gold Lime<\/strong> representa la cumbre de la artesan\u00eda de lujo, mostrando la inigualable atenci\u00f3n al detalle y excelencia art\u00edstica de la maison. Como bolso de pedido especial de Herm\u00e8s, pertenece a una categor\u00eda ultra exclusiva reservada para los clientes m\u00e1s distinguidos de la marca. El cuero Epsom estructurado garantiza una excelente durabilidad mientras mantiene la silueta arquitect\u00f3nica del bolso. El inesperado color interior crea un sofisticado efecto bicolor Kelly que ejemplifica el arte personalizado posible a trav\u00e9s del programa a medida de Herm\u00e8s.<\/p>\n<p>El <strong>Herm\u00e8s Kelly Mini Gold<\/strong> puede estilizarse de m\u00faltiples maneras: llevado por su elegante asa superior para ocasiones formales o cruzado con la correa desmontable para una sofisticaci\u00f3n cotidiana. Con 20cm, este peque\u00f1o tesoro ofrece versatilidad sin sacrificar las proporciones ic\u00f3nicas que han hecho legendaria la silueta Kelly. El Herm\u00e8s Kelly Mini Epsom HSS representa tanto una extraordinaria declaraci\u00f3n de moda como una inversi\u00f3n prudente, ya que estas piezas limitadas de pedido especial demuestran consistentemente una retenci\u00f3n de valor excepcional y potencial de apreciaci\u00f3n para coleccionistas exigentes.<\/p>\n","protected":false},"featured_media":19196,"template":"","meta":[],"product_brand":[2433],"product_cat":[1813,1860,1818,1840,1838],"product_tag":[1870,1951,1881,1949,1950],"class_list":{"0":"post-19262","1":"product","2":"type-product","3":"status-publish","4":"has-post-thumbnail","6":"product_brand-hermes-es","7":"product_cat-bolso","8":"product_cat-bandolera","9":"product_cat-bolso-pequeno","10":"product_cat-clutch-pochette","11":"product_cat-bolso-de-noche","12":"product_tag-hermes-kelly-mini-es","13":"product_tag-kelly-20-rose-sakura-es","14":"product_tag-kelly-mini-hss-es","15":"product_tag-kelly-mini-sakura-es","16":"product_tag-kelly-rose-sakura-es","17":"pa_brand-hermes-es","18":"pa_color-oro","19":"pa_color-amarillo","20":"pa_grade-grado-1","21":"pa_hermes-models-kelly-es","22":"pa_material-cuero","24":"first","25":"instock","26":"sold-individually","27":"purchasable","28":"product-type-simple"},"_links":{"self":[{"href":"https:\/\/handbag-sense.com\/es\/wp-json\/wp\/v2\/product\/19262","targetHints":{"allow":["GET"]}}],"collection":[{"href":"https:\/\/handbag-sense.com\/es\/wp-json\/wp\/v2\/product"}],"about":[{"href":"https:\/\/handbag-sense.com\/es\/wp-json\/wp\/v2\/types\/product"}],"wp:featuredmedia":[{"embeddable":true,"href":"https:\/\/handbag-sense.com\/es\/wp-json\/wp\/v2\/media\/19196"}],"wp:attachment":[{"href":"https:\/\/handbag-sense.com\/es\/wp-json\/wp\/v2\/media?parent=19262"}],"wp:term":[{"taxonomy":"product_brand","embeddable":true,"href":"https:\/\/handbag-sense.com\/es\/wp-json\/wp\/v2\/product_brand?post=19262"},{"taxonomy":"product_cat","embeddable":true,"href":"https:\/\/handbag-sense.com\/es\/wp-json\/wp\/v2\/product_cat?post=19262"},{"taxonomy":"product_tag","embeddable":true,"href":"https:\/\/handbag-sense.com\/es\/wp-json\/wp\/v2\/product_tag?post=19262"}],"curies":[{"name":"wp","href":"https:\/\/api.w.org\/{rel}","templated":true}]}}