{"id":18879,"date":"2025-04-07T17:27:54","date_gmt":"2025-04-07T15:27:54","guid":{"rendered":"https:\/\/handbag-sense.com\/?post_type=product&#038;p=18879"},"modified":"2025-12-07T14:34:06","modified_gmt":"2025-12-07T13:34:06","slug":"hermes-kelly-mini-20-en-epsom-negro","status":"publish","type":"product","link":"https:\/\/handbag-sense.com\/es\/producto\/hermes-kelly-mini-20-en-epsom-negro\/","title":{"rendered":"Kelly Mini 20 en Epsom Negro"},"content":{"rendered":"<div class=\"c-columns-m-1 c-columns-2 c-columns-gap-s\">\n<div><strong>Material:<\/strong> Cuero Epsom<br \/>\n<strong>Color:<\/strong> Negro<br \/>\n<strong>Elementos met\u00e1licos:<\/strong> Paladio Herrajes<br \/>\n<strong>Material interior:<\/strong> Cuero<\/div>\n<div><strong>Grado:<\/strong> 1 <img decoding=\"async\" class=\"info_box alignnone size-medium wp-image-885\" title=\"Informaci\u00f3n\" role=\"img\" src=\"https:\/\/handbag-sense.com\/wp-content\/uploads\/2023\/05\/info_icon.svg\" alt=\"Cuadro de informaci\u00f3n\" width=\"15\" height=\"15\" \/><br \/>\n<strong>A\u00f1o de producci\u00f3n \/ Sello:<\/strong> 2025 \/ K<br \/>\n<strong>Tama\u00f1o:<\/strong> 20 x 12 x 6 cm<br \/>\n<strong>Env\u00edo:<\/strong> Worldwide<\/div>\n<\/div>\n<p><strong>Incluye:<\/strong> Recibo original, bolsa guardapolvo, correa, fieltro, folleto, caja<\/p>\n","protected":false},"excerpt":{"rendered":"<p data-start=\"2677\" data-end=\"2759\"><strong data-start=\"2686\" data-end=\"2759\">Herm\u00e8s Kelly Mini 20 en Epsom negro<\/strong><strong data-start=\"4168\" data-end=\"4242\">\u00a0con Herrajes de Paladio \u2013 2025, Nueva<\/strong><\/p>\n<p data-start=\"4246\" data-end=\"4678\">Esta <strong data-start=\"4251\" data-end=\"4274\">Kelly Mini 20 Black<\/strong> est\u00e1 confeccionada en elegante cuero Epsom negro y acabada con sofisticados herrajes de paladio. Totalmente <strong data-start=\"4383\" data-end=\"4406\">nueva y nunca usada<\/strong>, se entrega con el recibo original de Herm\u00e8s fechado en 2025, la correa para el hombro, el dust bag y la ic\u00f3nica caja naranja. Un ejemplar impecable del codiciado modelo <strong data-start=\"4577\" data-end=\"4603\">Kelly Mini Negra<\/strong>, que representa el minimalismo moderno en su forma m\u00e1s lujosa y exquisita.<\/p>\n<p data-start=\"4680\" data-end=\"5115\">La <strong data-start=\"4683\" data-end=\"4706\">Kelly Mini Black<\/strong> se ha convertido en una de las siluetas m\u00e1s deseadas del universo Herm\u00e8s. Su construcci\u00f3n Sellier resalta las l\u00edneas definidas y la forma estructurada, mientras que el cuero Epsom es admirado por su resistencia, durabilidad y capacidad para mantener su silueta. Los herrajes de paladio aportan un toque contempor\u00e1neo y vers\u00e1til, ideal tanto para eventos formales como para estilismos elegantes del d\u00eda a d\u00eda.<\/p>\n<p data-start=\"5117\" data-end=\"5410\">A pesar de su tama\u00f1o compacto, la <strong data-start=\"5151\" data-end=\"5168\">Kelly Mini 20<\/strong> proyecta una presencia notable que refleja la maestr\u00eda artesanal de Herm\u00e8s. Sus proporciones equilibradas, el ic\u00f3nico asa y los acabados meticulosos rinden homenaje a la hist\u00f3rica l\u00ednea Kelly, reinterpretada para los coleccionistas actuales.<\/p>\n<p data-start=\"5412\" data-end=\"5789\">Muy valorada por su exclusividad, se considera una destacada <strong data-start=\"5473\" data-end=\"5498\">luxury investment bag<\/strong>, apreciada por conservar su valor y su constante atractivo. Su impecable estado y conjunto completo la convierten en una <strong data-start=\"5620\" data-end=\"5647\">rare collectible Herm\u00e8s<\/strong>, perfecta para una colecci\u00f3n sofisticada. La <strong data-start=\"5693\" data-end=\"5726\">Kelly Mini Palladium Hardware<\/strong> personifica la elegancia moderna y eterna del universo Herm\u00e8s.<\/p>\n","protected":false},"featured_media":18897,"template":"","meta":[],"product_brand":[2433],"product_cat":[1818,1840,1838,1822],"product_tag":[1873,1870,1911,1910],"class_list":{"0":"post-18879","1":"product","2":"type-product","3":"status-publish","4":"has-post-thumbnail","6":"product_brand-hermes-es","7":"product_cat-bolso-pequeno","8":"product_cat-clutch-pochette","9":"product_cat-bolso-de-noche","10":"product_cat-accesorio","11":"product_tag-hermes-kelly-20-es","12":"product_tag-hermes-kelly-mini-es","13":"product_tag-kelly-mini-negro","14":"product_tag-kelly-mini-noir-es","15":"pa_brand-hermes-es","16":"pa_color-negro","17":"pa_grade-grado-1","18":"pa_hermes-models-kelly-es","19":"pa_material-cuero","21":"first","22":"instock","23":"shipping-taxable","24":"purchasable","25":"product-type-simple"},"_links":{"self":[{"href":"https:\/\/handbag-sense.com\/es\/wp-json\/wp\/v2\/product\/18879","targetHints":{"allow":["GET"]}}],"collection":[{"href":"https:\/\/handbag-sense.com\/es\/wp-json\/wp\/v2\/product"}],"about":[{"href":"https:\/\/handbag-sense.com\/es\/wp-json\/wp\/v2\/types\/product"}],"wp:featuredmedia":[{"embeddable":true,"href":"https:\/\/handbag-sense.com\/es\/wp-json\/wp\/v2\/media\/18897"}],"wp:attachment":[{"href":"https:\/\/handbag-sense.com\/es\/wp-json\/wp\/v2\/media?parent=18879"}],"wp:term":[{"taxonomy":"product_brand","embeddable":true,"href":"https:\/\/handbag-sense.com\/es\/wp-json\/wp\/v2\/product_brand?post=18879"},{"taxonomy":"product_cat","embeddable":true,"href":"https:\/\/handbag-sense.com\/es\/wp-json\/wp\/v2\/product_cat?post=18879"},{"taxonomy":"product_tag","embeddable":true,"href":"https:\/\/handbag-sense.com\/es\/wp-json\/wp\/v2\/product_tag?post=18879"}],"curies":[{"name":"wp","href":"https:\/\/api.w.org\/{rel}","templated":true}]}}