{"id":18786,"date":"2025-04-04T11:24:08","date_gmt":"2025-04-04T09:24:08","guid":{"rendered":"https:\/\/handbag-sense.com\/?post_type=product&#038;p=18786"},"modified":"2025-06-20T15:12:01","modified_gmt":"2025-06-20T13:12:01","slug":"hermes-kelly-mini-20-negro-epsom","status":"publish","type":"product","link":"https:\/\/handbag-sense.com\/es\/producto\/hermes-kelly-mini-20-negro-epsom\/","title":{"rendered":"Kelly Mini 20 Negro Epsom"},"content":{"rendered":"<div class=\"c-columns-m-1 c-columns-2 c-columns-gap-s\">\n<div><strong>Material:<\/strong> Cuero Epsom<br \/>\n<strong>Color:<\/strong> Negro<br \/>\n<strong>Elementos met\u00e1licos:<\/strong> Herrajes Dorados<br \/>\n<strong>Material interior:<\/strong> Cuero<\/div>\n<div><strong>Grade:<\/strong> 1 <img decoding=\"async\" class=\"info_box alignnone size-medium wp-image-885\" title=\"Informaci\u00f3n\" role=\"img\" src=\"https:\/\/handbag-sense.com\/wp-content\/uploads\/2023\/05\/info_icon.svg\" alt=\"Cuadro de informaci\u00f3n\" width=\"15\" height=\"15\" \/><br \/>\n<strong>Year of production\/Stamp:<\/strong> 2025 \/ K<br \/>\n<strong>Size:<\/strong> 20 x 12 x 6 cm<br \/>\n<strong>Shipping:<\/strong> Worldwide<\/div>\n<\/div>\n<p><strong>Incluye:<\/strong> Recibo original, bolsa guardapolvo, correa, fieltro, folleto, caja<\/p>\n","protected":false},"excerpt":{"rendered":"<p class=\"\" data-start=\"1345\" data-end=\"1504\"><strong>Herm\u00e8s Kelly Mini 20 Negro en cuero Epsom con herrajes dorados.<\/strong> Intemporal, ic\u00f3nico y sofisticado: el <strong data-start=\"1383\" data-end=\"1415\">Herm\u00e8s Kelly Mini Sellier<\/strong> en <strong data-start=\"1419\" data-end=\"1440\">cuero Epsom negro <\/strong>con <strong data-start=\"1445\" data-end=\"1465\">herrajes dorados<\/strong> es una aut\u00e9ntica joya en versi\u00f3n mini.<\/p>\n<p class=\"\" data-start=\"1506\" data-end=\"1729\">El resistente y elegante <strong data-start=\"1531\" data-end=\"1546\">cuero Epsom<\/strong> proporciona una silueta estructurada con un acabado lujoso. El color negro cl\u00e1sico se realza con el brillo c\u00e1lido de los <strong data-start=\"1668\" data-end=\"1688\">herrajes dorados<\/strong>, aportando un toque extra de distinci\u00f3n.<\/p>\n<p class=\"\" data-start=\"1731\" data-end=\"1982\">Este precioso bolso est\u00e1 <strong data-start=\"1756\" data-end=\"1801\">completamente nuevo y nunca ha sido usado<\/strong>. Se entrega <strong data-start=\"1814\" data-end=\"1858\">con la factura original de Herm\u00e8s (2025)<\/strong>, <strong data-start=\"1860\" data-end=\"1885\">correa para el hombro<\/strong>, <strong data-start=\"1887\" data-end=\"1908\">bolsa guardapolvo<\/strong> y la cl\u00e1sica <strong data-start=\"1922\" data-end=\"1938\">caja naranja<\/strong> \u2013 un conjunto perfecto para coleccionistas.<\/p>\n<p class=\"\" data-start=\"1984\" data-end=\"2169\">Ideal para eventos especiales o como accesorio elegante para el d\u00eda a d\u00eda, el <strong data-start=\"2062\" data-end=\"2079\">Kelly Mini 20<\/strong> destaca por su tama\u00f1o compacto y su dise\u00f1o atemporal, fiel al legado artesanal de Herm\u00e8s.<\/p>\n<p class=\"\" data-start=\"2171\" data-end=\"2311\">Ya sea como regalo exclusivo o como pieza destacada de tu colecci\u00f3n, este Kelly Mini eleva cualquier conjunto con un toque de lujo discreto.<\/p>\n","protected":false},"featured_media":18810,"template":"","meta":[],"product_brand":[2433],"product_cat":[1818,1840,1838,1822],"product_tag":[1873,1870,1911,1910],"class_list":{"0":"post-18786","1":"product","2":"type-product","3":"status-publish","4":"has-post-thumbnail","6":"product_brand-hermes-es","7":"product_cat-bolso-pequeno","8":"product_cat-clutch-pochette","9":"product_cat-bolso-de-noche","10":"product_cat-accesorio","11":"product_tag-hermes-kelly-20-es","12":"product_tag-hermes-kelly-mini-es","13":"product_tag-kelly-mini-negro","14":"product_tag-kelly-mini-noir-es","15":"pa_brand-hermes-es","16":"pa_color-negro","17":"pa_grade-grado-1","18":"pa_hermes-models-kelly-es","19":"pa_material-cuero","21":"first","22":"outofstock","23":"shipping-taxable","24":"product-type-simple"},"_links":{"self":[{"href":"https:\/\/handbag-sense.com\/es\/wp-json\/wp\/v2\/product\/18786","targetHints":{"allow":["GET"]}}],"collection":[{"href":"https:\/\/handbag-sense.com\/es\/wp-json\/wp\/v2\/product"}],"about":[{"href":"https:\/\/handbag-sense.com\/es\/wp-json\/wp\/v2\/types\/product"}],"wp:featuredmedia":[{"embeddable":true,"href":"https:\/\/handbag-sense.com\/es\/wp-json\/wp\/v2\/media\/18810"}],"wp:attachment":[{"href":"https:\/\/handbag-sense.com\/es\/wp-json\/wp\/v2\/media?parent=18786"}],"wp:term":[{"taxonomy":"product_brand","embeddable":true,"href":"https:\/\/handbag-sense.com\/es\/wp-json\/wp\/v2\/product_brand?post=18786"},{"taxonomy":"product_cat","embeddable":true,"href":"https:\/\/handbag-sense.com\/es\/wp-json\/wp\/v2\/product_cat?post=18786"},{"taxonomy":"product_tag","embeddable":true,"href":"https:\/\/handbag-sense.com\/es\/wp-json\/wp\/v2\/product_tag?post=18786"}],"curies":[{"name":"wp","href":"https:\/\/api.w.org\/{rel}","templated":true}]}}