{"id":18632,"date":"2025-03-26T10:38:26","date_gmt":"2025-03-26T09:38:26","guid":{"rendered":"https:\/\/handbag-sense.com\/product\/hermes-bolide-25-mente\/"},"modified":"2025-06-20T15:12:08","modified_gmt":"2025-06-20T13:12:08","slug":"hermes-bolide-25-mente","status":"publish","type":"product","link":"https:\/\/handbag-sense.com\/es\/producto\/hermes-bolide-25-mente\/","title":{"rendered":"Herm\u00e8s Bolide 25 Mente"},"content":{"rendered":"<div class=\"c-columns-m-1 c-columns-2 c-columns-gap-s\">\n<div><strong>Material:<\/strong> Piel<br \/>\n<strong>Color:<\/strong> Elementos<br \/>\n<strong>met\u00e1licos:<\/strong> Oro Herrajes<br \/>\n<strong>Material interior:<\/strong> Piel<\/div>\n<div>\n<p><strong>Grado: <\/strong> 1 <img decoding=\"async\" class=\"info_box alignnone size-medium wp-image-885\" title=\"Informaci\u00f3n\" role=\"img\" src=\"https:\/\/handbag-sense.com\/wp-content\/uploads\/2023\/05\/info_icon.svg\" alt=\"Cuadro de informaci\u00f3n\" width=\"15\" height=\"15\" \/><\/p>\n<p><strong>Env\u00edo:<\/strong> A todo el mundo<\/p>\n<\/div>\n<\/div>\n<p><strong>Incluye:<\/strong> Recibo original, bolsa guardapolvo, clochette, cerradura, llaves, fieltro, folleto, caja<\/p>\n","protected":false},"excerpt":{"rendered":"<p>Experimente la elegancia atemporal del <strong data-start=\"40\" data-end=\"65\">Herm\u00e8s Bolide 25 Ment<\/strong>, una obra maestra de lujo y artesan\u00eda. Confeccionado en la mejor piel con la atenci\u00f3n al detalle caracter\u00edstica de Herm\u00e8s, este ic\u00f3nico bolso presenta una silueta elegante y estructurada y un pr\u00e1ctico cierre de cremallera para una sofisticaci\u00f3n sin esfuerzo. Dise\u00f1ado en un impresionante tono <strong data-start=\"328\" data-end=\"336\">Ment<\/strong> , a\u00f1ade un toque fresco y refinado a cualquier conjunto. Con su equilibrio perfecto entre estilo y funcionalidad, el <strong data-start=\"447\" data-end=\"460\">Bolide 25<\/strong> es imprescindible para aquellos que aprecian el lujo cl\u00e1sico pero moderno.<\/p>\n","protected":false},"featured_media":18627,"template":"","meta":[],"product_brand":[2433],"product_cat":[1813],"product_tag":[1899,1897,2288],"class_list":{"0":"post-18632","1":"product","2":"type-product","3":"status-publish","4":"has-post-thumbnail","6":"product_brand-hermes-es","7":"product_cat-bolso","8":"product_tag-birkin-30-negro","9":"product_tag-hermes-birkin-30-es","10":"product_tag-hermes-birkin-negro","11":"pa_brand-hermes-es","12":"pa_color-negro","13":"pa_grade-grado-1","14":"pa_hermes-models-bolide-es","15":"pa_material-cuero","17":"first","18":"outofstock","19":"sold-individually","20":"shipping-taxable","21":"product-type-simple"},"_links":{"self":[{"href":"https:\/\/handbag-sense.com\/es\/wp-json\/wp\/v2\/product\/18632","targetHints":{"allow":["GET"]}}],"collection":[{"href":"https:\/\/handbag-sense.com\/es\/wp-json\/wp\/v2\/product"}],"about":[{"href":"https:\/\/handbag-sense.com\/es\/wp-json\/wp\/v2\/types\/product"}],"wp:featuredmedia":[{"embeddable":true,"href":"https:\/\/handbag-sense.com\/es\/wp-json\/wp\/v2\/media\/18627"}],"wp:attachment":[{"href":"https:\/\/handbag-sense.com\/es\/wp-json\/wp\/v2\/media?parent=18632"}],"wp:term":[{"taxonomy":"product_brand","embeddable":true,"href":"https:\/\/handbag-sense.com\/es\/wp-json\/wp\/v2\/product_brand?post=18632"},{"taxonomy":"product_cat","embeddable":true,"href":"https:\/\/handbag-sense.com\/es\/wp-json\/wp\/v2\/product_cat?post=18632"},{"taxonomy":"product_tag","embeddable":true,"href":"https:\/\/handbag-sense.com\/es\/wp-json\/wp\/v2\/product_tag?post=18632"}],"curies":[{"name":"wp","href":"https:\/\/api.w.org\/{rel}","templated":true}]}}