{"id":18565,"date":"2025-03-25T17:11:26","date_gmt":"2025-03-25T16:11:26","guid":{"rendered":"https:\/\/handbag-sense.com\/?post_type=product&#038;p=18565"},"modified":"2025-06-20T15:12:24","modified_gmt":"2025-06-20T13:12:24","slug":"saint-laurent-becky-handbag","status":"publish","type":"product","link":"https:\/\/handbag-sense.com\/es\/producto\/saint-laurent-becky-handbag\/","title":{"rendered":"YSL Saint Laurent Becky"},"content":{"rendered":"<div class=\"c-columns-m-1 c-columns-2 c-columns-gap-s\">\n<div><strong>Material:<\/strong> Color del cuero<br \/>\n<strong>Color:<\/strong> Negro<br \/>\n<strong>Elementos met\u00e1licos:<\/strong> Oro Herrajes<br \/>\n<strong>Material interior:<\/strong> Cuero<\/div>\n<div>\n<p><strong>Grado: <\/strong> 1 <img decoding=\"async\" class=\"info_box alignnone size-medium wp-image-885\" title=\"Informaci\u00f3n\" role=\"img\" src=\"https:\/\/handbag-sense.com\/wp-content\/uploads\/2023\/05\/info_icon.svg\" alt=\"Cuadro de informaci\u00f3n\" width=\"15\" height=\"15\" \/><\/p>\n<p><strong>Env\u00edo:<\/strong> A todo el mundo<\/p>\n<\/div>\n<\/div>\n<p><strong>Incluye:<\/strong> Recibo original, bolsa guardapolvo, clochette, cerradura, llaves, fieltro, folleto, caja<\/p>\n","protected":false},"excerpt":{"rendered":"<p>Eleva tu estilo con el <strong data-start=\"28\" data-end=\"59\">bolso Becky de Saint Laurent<\/strong>, s\u00edmbolo de sofisticaci\u00f3n y elegancia moderna. Confeccionado en lujosa piel acolchada, este ic\u00f3nico <strong data-start=\"161\" data-end=\"172\">bolso YSL<\/strong> presenta las distintivas costuras de diamante y el <strong data-start=\"245\" data-end=\"263\">logotipo de Cassandre<\/strong> reconocible al instante, que exuda un encanto atemporal. Dise\u00f1ado con una silueta elegante pero pr\u00e1ctica, ofrece un interior espacioso y una elegante correa de cadena para un uso vers\u00e1til. Ya sea para la elegancia diurna o el glamour nocturno, el <strong data-start=\"463\" data-end=\"480\">bolso Becky<\/strong> es la combinaci\u00f3n perfecta de lujo y funcionalidad, lo que lo convierte en una pieza esencial para cualquier conocedor de la moda.<\/p>\n","protected":false},"featured_media":18568,"template":"","meta":[],"product_brand":[2445],"product_cat":[1813],"product_tag":[1899,1897,2288],"class_list":{"0":"post-18565","1":"product","2":"type-product","3":"status-publish","4":"has-post-thumbnail","6":"product_brand-yves-saint-laurent-es","7":"product_cat-bolso","8":"product_tag-birkin-30-negro","9":"product_tag-hermes-birkin-30-es","10":"product_tag-hermes-birkin-negro","11":"pa_brand-yves-saint-laurent-es","12":"pa_color-negro","13":"pa_grade-grado-1","14":"pa_material-cuero","16":"first","17":"outofstock","18":"sold-individually","19":"shipping-taxable","20":"product-type-simple"},"_links":{"self":[{"href":"https:\/\/handbag-sense.com\/es\/wp-json\/wp\/v2\/product\/18565","targetHints":{"allow":["GET"]}}],"collection":[{"href":"https:\/\/handbag-sense.com\/es\/wp-json\/wp\/v2\/product"}],"about":[{"href":"https:\/\/handbag-sense.com\/es\/wp-json\/wp\/v2\/types\/product"}],"wp:featuredmedia":[{"embeddable":true,"href":"https:\/\/handbag-sense.com\/es\/wp-json\/wp\/v2\/media\/18568"}],"wp:attachment":[{"href":"https:\/\/handbag-sense.com\/es\/wp-json\/wp\/v2\/media?parent=18565"}],"wp:term":[{"taxonomy":"product_brand","embeddable":true,"href":"https:\/\/handbag-sense.com\/es\/wp-json\/wp\/v2\/product_brand?post=18565"},{"taxonomy":"product_cat","embeddable":true,"href":"https:\/\/handbag-sense.com\/es\/wp-json\/wp\/v2\/product_cat?post=18565"},{"taxonomy":"product_tag","embeddable":true,"href":"https:\/\/handbag-sense.com\/es\/wp-json\/wp\/v2\/product_tag?post=18565"}],"curies":[{"name":"wp","href":"https:\/\/api.w.org\/{rel}","templated":true}]}}