{"id":18562,"date":"2025-03-25T16:44:03","date_gmt":"2025-03-25T15:44:03","guid":{"rendered":"https:\/\/handbag-sense.com\/?post_type=product&#038;p=18562"},"modified":"2025-06-20T15:13:59","modified_gmt":"2025-06-20T13:13:59","slug":"anillo-tiffany","status":"publish","type":"product","link":"https:\/\/handbag-sense.com\/es\/producto\/anillo-tiffany\/","title":{"rendered":"Anillo Tiffany"},"content":{"rendered":"<div class=\"c-columns-m-1 c-columns-2 c-columns-gap-s\">\n<div><strong>Color:<\/strong> blanco<br \/>\n<strong>Elementos met\u00e1licos:<\/strong> Diamons<\/div>\n<div><strong>Grado:<\/strong> 2 <img decoding=\"async\" class=\"info_box alignnone size-medium wp-image-885\" title=\"Informaci\u00f3n\" role=\"img\" src=\"https:\/\/handbag-sense.com\/wp-content\/uploads\/2023\/05\/info_icon.svg\" alt=\"Cuadro de informaci\u00f3n\" width=\"15\" height=\"15\" \/><br \/>\n<strong>Talla:<\/strong> 48<\/div>\n<\/div>\n<p><strong>Incluye:<\/strong> Bolsa para el polvo, caja, recibo original, certificado<\/p>\n","protected":false},"excerpt":{"rendered":"<p>Experimente la elegancia atemporal de la <strong data-start=\"40\" data-end=\"62\">Anillo Tiffany &amp; Co. <\/strong>, una obra maestra de artesan\u00eda excepcional y dise\u00f1o ic\u00f3nico. Confeccionado con los mejores materiales, este exquisito anillo encarna la sofisticaci\u00f3n y el lujo, lo que lo convierte en un s\u00edmbolo perfecto de amor, compromiso o estilo refinado. Ya sea adornada con un deslumbrante diamante o mostrando la est\u00e9tica caracter\u00edstica de Tiffany, esta pieza es un testimonio del legado de excelencia de la marca. Una verdadera inversi\u00f3n en belleza y elegancia, el <strong data-start=\"477\" data-end=\"499\">Anillo Tiffany &amp; Co. <\/strong> es imprescindible para cualquier colecci\u00f3n de joyas.<\/p>\n","protected":false},"featured_media":16923,"template":"","meta":[],"product_brand":[2439],"product_cat":[1822,1853],"product_tag":[2210],"class_list":{"0":"post-18562","1":"product","2":"type-product","3":"status-publish","4":"has-post-thumbnail","6":"product_brand-tiffany-es","7":"product_cat-accesorio","8":"product_cat-joyeria","9":"product_tag-bulgari-serpenti-viper-ring-es","10":"pa_brand-tiffany-es","11":"pa_color-blanco","12":"pa_grade-grado-2","14":"first","15":"outofstock","16":"shipping-taxable","17":"product-type-simple"},"_links":{"self":[{"href":"https:\/\/handbag-sense.com\/es\/wp-json\/wp\/v2\/product\/18562","targetHints":{"allow":["GET"]}}],"collection":[{"href":"https:\/\/handbag-sense.com\/es\/wp-json\/wp\/v2\/product"}],"about":[{"href":"https:\/\/handbag-sense.com\/es\/wp-json\/wp\/v2\/types\/product"}],"wp:featuredmedia":[{"embeddable":true,"href":"https:\/\/handbag-sense.com\/es\/wp-json\/wp\/v2\/media\/16923"}],"wp:attachment":[{"href":"https:\/\/handbag-sense.com\/es\/wp-json\/wp\/v2\/media?parent=18562"}],"wp:term":[{"taxonomy":"product_brand","embeddable":true,"href":"https:\/\/handbag-sense.com\/es\/wp-json\/wp\/v2\/product_brand?post=18562"},{"taxonomy":"product_cat","embeddable":true,"href":"https:\/\/handbag-sense.com\/es\/wp-json\/wp\/v2\/product_cat?post=18562"},{"taxonomy":"product_tag","embeddable":true,"href":"https:\/\/handbag-sense.com\/es\/wp-json\/wp\/v2\/product_tag?post=18562"}],"curies":[{"name":"wp","href":"https:\/\/api.w.org\/{rel}","templated":true}]}}