{"id":18535,"date":"2025-03-25T16:06:13","date_gmt":"2025-03-25T15:06:13","guid":{"rendered":"https:\/\/handbag-sense.com\/?post_type=product&#038;p=18535"},"modified":"2025-06-20T15:14:06","modified_gmt":"2025-06-20T13:14:06","slug":"chopard-happy-diamonds","status":"publish","type":"product","link":"https:\/\/handbag-sense.com\/es\/producto\/chopard-happy-diamonds\/","title":{"rendered":"Chopard Happy Diamonds"},"content":{"rendered":"<div class=\"c-columns-m-1 c-columns-2 c-columns-gap-s\">\n<div><strong>Material:<\/strong> Oro blanco<\/div>\n<div><strong>Color:<\/strong> Blanco y negro<\/div>\n<div><strong>Elementos met\u00e1licos:<\/strong> Herrajes de oro blanco<\/div>\n<div>\n<p><strong>Calificaci\u00f3n:<\/strong> 4 <img decoding=\"async\" class=\"info_box alignnone size-medium wp-image-885\" title=\"Informaci\u00f3n\" role=\"img\" src=\"https:\/\/handbag-sense.com\/wp-content\/uploads\/2023\/05\/info_icon.svg\" alt=\"Cuadro de informaci\u00f3n\" width=\"15\" height=\"15\" \/><\/p>\n<\/div>\n<\/div>\n","protected":false},"excerpt":{"rendered":"<p>Descubra la elegancia y la sofisticaci\u00f3n del <strong data-start=\"48\" data-end=\"80\">reloj Chopard Happy Diamonds<\/strong>, donde el dise\u00f1o atemporal se combina con una artesan\u00eda excepcional. Este exquisito reloj cuenta con <strong data-start=\"191\" data-end=\"212\">los diamantes flotantes<\/strong> caracter\u00edsticos de Chopard, que se mueven con gracia dentro de la esfera para crear un brillo hipn\u00f3tico con cada movimiento. Encerrado en materiales de primera calidad y dise\u00f1ado con precisi\u00f3n, este reloj encarna el lujo y el refinamiento. Ya sea como un accesorio llamativo o una adici\u00f3n preciada a su colecci\u00f3n, el <strong data-start=\"481\" data-end=\"505\">reloj Happy Diamonds<\/strong> es un s\u00edmbolo de elegancia, alegr\u00eda y prestigio. Explora su belleza y encanto hoy mismo.<\/p>\n","protected":false},"featured_media":18544,"template":"","meta":[],"product_brand":[2422],"product_cat":[2368,1849],"product_tag":[],"class_list":{"0":"post-18535","1":"product","2":"type-product","3":"status-publish","4":"has-post-thumbnail","6":"product_brand-chopard-es","7":"product_cat-relojes","8":"product_cat-otras-categorias","9":"pa_brand-chopard-es","10":"pa_color-negro","11":"pa_color-gris","12":"pa_grade-grado-4","13":"pa_material-cuero","14":"pa_material-lona","16":"first","17":"instock","18":"sold-individually","19":"shipping-taxable","20":"purchasable","21":"product-type-simple"},"_links":{"self":[{"href":"https:\/\/handbag-sense.com\/es\/wp-json\/wp\/v2\/product\/18535","targetHints":{"allow":["GET"]}}],"collection":[{"href":"https:\/\/handbag-sense.com\/es\/wp-json\/wp\/v2\/product"}],"about":[{"href":"https:\/\/handbag-sense.com\/es\/wp-json\/wp\/v2\/types\/product"}],"wp:featuredmedia":[{"embeddable":true,"href":"https:\/\/handbag-sense.com\/es\/wp-json\/wp\/v2\/media\/18544"}],"wp:attachment":[{"href":"https:\/\/handbag-sense.com\/es\/wp-json\/wp\/v2\/media?parent=18535"}],"wp:term":[{"taxonomy":"product_brand","embeddable":true,"href":"https:\/\/handbag-sense.com\/es\/wp-json\/wp\/v2\/product_brand?post=18535"},{"taxonomy":"product_cat","embeddable":true,"href":"https:\/\/handbag-sense.com\/es\/wp-json\/wp\/v2\/product_cat?post=18535"},{"taxonomy":"product_tag","embeddable":true,"href":"https:\/\/handbag-sense.com\/es\/wp-json\/wp\/v2\/product_tag?post=18535"}],"curies":[{"name":"wp","href":"https:\/\/api.w.org\/{rel}","templated":true}]}}