{"id":18529,"date":"2025-03-25T15:41:35","date_gmt":"2025-03-25T14:41:35","guid":{"rendered":"https:\/\/handbag-sense.com\/?post_type=product&#038;p=18529"},"modified":"2025-06-20T15:14:14","modified_gmt":"2025-06-20T13:14:14","slug":"harry-winston-platinum-diamond-band-ring","status":"publish","type":"product","link":"https:\/\/handbag-sense.com\/es\/producto\/harry-winston-platinum-diamond-band-ring\/","title":{"rendered":"Harry Winston Platinum Diamond Band Ring"},"content":{"rendered":"<div class=\"c-columns-m-1 c-columns-2 c-columns-gap-s\">\n<div><strong>Color:<\/strong> blanco<br \/>\n<strong>Elementos met\u00e1licos:<\/strong> Diamons<\/div>\n<div><strong>Grado:<\/strong> 2 <img decoding=\"async\" class=\"info_box alignnone size-medium wp-image-885\" title=\"Informaci\u00f3n\" role=\"img\" src=\"https:\/\/handbag-sense.com\/wp-content\/uploads\/2023\/05\/info_icon.svg\" alt=\"Cuadro de informaci\u00f3n\" width=\"15\" height=\"15\" \/><br \/>\n<strong>Talla:<\/strong> 48<\/div>\n<\/div>\n<p><strong>Incluye:<\/strong> Bolsa para el polvo, caja, recibo original, certificado<\/p>\n","protected":false},"excerpt":{"rendered":"<p>Experimente la elegancia atemporal con este exquisito <strong>Harry Winston Platinum Diamond Band Ring<\/strong>, una fusi\u00f3n perfecta de artesan\u00eda magistral y dise\u00f1o lujoso. <strong data-start=\"174\" data-end=\"190\">Elaborado en platino 950<\/strong> y adornado con un diamante de talla brillante, este anillo presenta una est\u00e9tica cl\u00e1sica y una calidad excepcional. Presentado en <strong data-start=\"313\" data-end=\"323\">la talla 48<\/strong> y en <strong data-start=\"331\" data-end=\"363\">estado nuevo <\/strong>, presenta solo signos m\u00ednimos de desgaste. El anillo viene en su <strong data-start=\"427\" data-end=\"449\">embalaje original<\/strong>, lo que garantiza que reciba una pieza prestigiosa en perfectas condiciones. Revise las im\u00e1genes para obtener una vista detallada y m\u00e1s informaci\u00f3n sobre los accesorios incluidos. Hazte con esta lujosa obra maestra de Harry Winston hoy mismo.<\/p>\n","protected":false},"featured_media":16799,"template":"","meta":[],"product_brand":[2432],"product_cat":[1822,1853],"product_tag":[2210],"class_list":{"0":"post-18529","1":"product","2":"type-product","3":"status-publish","4":"has-post-thumbnail","6":"product_brand-harry-winston-es","7":"product_cat-accesorio","8":"product_cat-joyeria","9":"product_tag-bulgari-serpenti-viper-ring-es","10":"pa_brand-harry-winston-es","11":"pa_color-blanco","12":"pa_grade-grado-2","14":"first","15":"outofstock","16":"shipping-taxable","17":"product-type-simple"},"_links":{"self":[{"href":"https:\/\/handbag-sense.com\/es\/wp-json\/wp\/v2\/product\/18529","targetHints":{"allow":["GET"]}}],"collection":[{"href":"https:\/\/handbag-sense.com\/es\/wp-json\/wp\/v2\/product"}],"about":[{"href":"https:\/\/handbag-sense.com\/es\/wp-json\/wp\/v2\/types\/product"}],"wp:featuredmedia":[{"embeddable":true,"href":"https:\/\/handbag-sense.com\/es\/wp-json\/wp\/v2\/media\/16799"}],"wp:attachment":[{"href":"https:\/\/handbag-sense.com\/es\/wp-json\/wp\/v2\/media?parent=18529"}],"wp:term":[{"taxonomy":"product_brand","embeddable":true,"href":"https:\/\/handbag-sense.com\/es\/wp-json\/wp\/v2\/product_brand?post=18529"},{"taxonomy":"product_cat","embeddable":true,"href":"https:\/\/handbag-sense.com\/es\/wp-json\/wp\/v2\/product_cat?post=18529"},{"taxonomy":"product_tag","embeddable":true,"href":"https:\/\/handbag-sense.com\/es\/wp-json\/wp\/v2\/product_tag?post=18529"}],"curies":[{"name":"wp","href":"https:\/\/api.w.org\/{rel}","templated":true}]}}