{"id":17997,"date":"2025-03-07T16:26:24","date_gmt":"2025-03-07T15:26:24","guid":{"rendered":"https:\/\/handbag-sense.com\/?post_type=product&#038;p=17997"},"modified":"2025-12-08T12:47:49","modified_gmt":"2025-12-08T11:47:49","slug":"hermes-birkin-25-togo-naturel-sable","status":"publish","type":"product","link":"https:\/\/handbag-sense.com\/es\/producto\/hermes-birkin-25-togo-naturel-sable\/","title":{"rendered":"Birkin 25 Togo Naturel Sable"},"content":{"rendered":"<div class=\"c-columns-m-1 c-columns-2 c-columns-gap-s\">\n<div><strong>Material:<\/strong> Cuero Togo<br \/>\n<strong>Color:<\/strong> Sable Natural<br \/>\n<strong>Elementos met\u00e1licos:<\/strong> Oro Herrajes<br \/>\n<strong>Material interior:<\/strong> Cuero<\/div>\n<div><strong>Grado: <\/strong> 1 <img decoding=\"async\" class=\"info_box alignnone size-medium wp-image-885\" title=\"Informaci\u00f3n\" role=\"img\" src=\"https:\/\/handbag-sense.com\/wp-content\/uploads\/2023\/05\/info_icon.svg\" alt=\"Cuadro de informaci\u00f3n\" width=\"15\" height=\"15\" \/><br \/>\n<strong>A\u00f1o de producci\u00f3n \/ Sello:<\/strong> 2025 \/ W<br \/>\n<strong>Tama\u00f1o:<\/strong> 25 x 20 x 13 cm<br \/>\n<strong>Env\u00edo: A<\/strong> todo el mundo<\/div>\n<\/div>\n<p><strong>Incluye:<\/strong> Recibo original, bolsa guardapolvo, clochette, cerradura, llaves, fieltro, folleto, caja<\/p>\n","protected":false},"excerpt":{"rendered":"<p data-start=\"3882\" data-end=\"3968\"><strong data-start=\"3882\" data-end=\"3966\">Herm\u00e8s Birkin 25 Togo Naturel Sable con Herrajes Dorados \u2013 2025, Nueva\u00a0<\/strong><\/p>\n<p data-start=\"3970\" data-end=\"4430\">Este <strong data-start=\"3985\" data-end=\"4012\">Birkin 25 Naturel Sable<\/strong> est\u00e1 elaborado en cuero Togo en el cl\u00e1sico tono arena <em data-start=\"4067\" data-end=\"4082\">Naturel Sable<\/em>, elegantemente realzado con herrajes dorados. Totalmente <strong data-start=\"4140\" data-end=\"4163\">nuevo y nunca usado<\/strong>, lleva el <strong data-start=\"4174\" data-end=\"4192\">sello (K)<\/strong> y se entrega con la factura original de Herm\u00e8s del ano <strong data-start=\"4174\" data-end=\"4192\">2025 <\/strong>. El set completo incluye clochette, candado con dos llaves, dust bag y la ic\u00f3nica caja naranja, convirtiendo este <strong data-start=\"4354\" data-end=\"4386\">Birkin 25 Togo Naturel Sable<\/strong> en una pieza impecable para coleccionistas.<\/p>\n<p data-start=\"4432\" data-end=\"4907\">El <strong data-start=\"4435\" data-end=\"4448\">Birkin 25<\/strong> es una de las siluetas m\u00e1s codiciadas dentro del universo Herm\u00e8s, apreciada por su tama\u00f1o compacto y su presencia instant\u00e1neamente reconocible. En el tono <em data-start=\"4604\" data-end=\"4619\">Naturel Sable<\/em>, el bolso logra un equilibrio \u00fanico entre sofisticaci\u00f3n discreta y calidez luminosa, lo que lo hace perfecto tanto para el d\u00eda como para la noche. El cuero Togo, conocido por su resistencia y su grano refinado, mantiene la estructura del bolso mientras ofrece una textura suave y lujosa.<\/p>\n<p data-start=\"4909\" data-end=\"5250\">Los herrajes dorados destacan la riqueza del cuero color arena y refuerzan su estatus ic\u00f3nico. La artesan\u00eda detr\u00e1s de este Birkin refleja la dedicaci\u00f3n de la maison a la precisi\u00f3n y tradici\u00f3n, caracter\u00edsticas que convierten al <strong data-start=\"5136\" data-end=\"5163\">Birkin 25 Naturel Sable<\/strong> en una pieza altamente valorada y considerada una destacada <strong data-start=\"5224\" data-end=\"5249\">luxury investment bag<\/strong>.<\/p>\n<p data-start=\"5252\" data-end=\"5511\">Como ejemplar nuevo con procedencia impecable, se presenta como un aut\u00e9ntico <strong data-start=\"5329\" data-end=\"5356\">rare collectible Herm\u00e8s<\/strong>. Elegante, exclusivo y eternamente deseado, el <strong data-start=\"5404\" data-end=\"5457\">Birkin 25 Togo Naturel Sable con Herrajes Dorados<\/strong> es la joya perfecta para cualquier colecci\u00f3n de lujo.<\/p>\n","protected":false},"featured_media":18338,"template":"","meta":[],"product_brand":[2433],"product_cat":[1813,1818],"product_tag":[2076,1914],"class_list":{"0":"post-17997","1":"product","2":"type-product","3":"status-publish","4":"has-post-thumbnail","6":"product_brand-hermes-es","7":"product_cat-bolso","8":"product_cat-bolso-pequeno","9":"product_tag-birkin-25-etoupe-es","10":"product_tag-hermes-birkin-25-es","11":"pa_brand-hermes-es","12":"pa_color-beige-es","13":"pa_color-gris","14":"pa_grade-grado-1","15":"pa_hermes-models-birkin-es","16":"pa_material-cuero","18":"first","19":"instock","20":"shipping-taxable","21":"purchasable","22":"product-type-simple"},"_links":{"self":[{"href":"https:\/\/handbag-sense.com\/es\/wp-json\/wp\/v2\/product\/17997","targetHints":{"allow":["GET"]}}],"collection":[{"href":"https:\/\/handbag-sense.com\/es\/wp-json\/wp\/v2\/product"}],"about":[{"href":"https:\/\/handbag-sense.com\/es\/wp-json\/wp\/v2\/types\/product"}],"wp:featuredmedia":[{"embeddable":true,"href":"https:\/\/handbag-sense.com\/es\/wp-json\/wp\/v2\/media\/18338"}],"wp:attachment":[{"href":"https:\/\/handbag-sense.com\/es\/wp-json\/wp\/v2\/media?parent=17997"}],"wp:term":[{"taxonomy":"product_brand","embeddable":true,"href":"https:\/\/handbag-sense.com\/es\/wp-json\/wp\/v2\/product_brand?post=17997"},{"taxonomy":"product_cat","embeddable":true,"href":"https:\/\/handbag-sense.com\/es\/wp-json\/wp\/v2\/product_cat?post=17997"},{"taxonomy":"product_tag","embeddable":true,"href":"https:\/\/handbag-sense.com\/es\/wp-json\/wp\/v2\/product_tag?post=17997"}],"curies":[{"name":"wp","href":"https:\/\/api.w.org\/{rel}","templated":true}]}}