{"id":17891,"date":"2025-02-21T17:55:35","date_gmt":"2025-02-21T16:55:35","guid":{"rendered":"https:\/\/handbag-sense.com\/?post_type=product&#038;p=17891"},"modified":"2025-06-20T15:15:06","modified_gmt":"2025-06-20T13:15:06","slug":"hermes-kelly-32-clemence-rouge-tomate","status":"publish","type":"product","link":"https:\/\/handbag-sense.com\/es\/producto\/hermes-kelly-32-clemence-rouge-tomate\/","title":{"rendered":"Kelly 32 Clemence Rouge Tomate"},"content":{"rendered":"<div class=\"c-columns-m-1 c-columns-2 c-columns-gap-s\">\n<div><strong>Material:<\/strong> Cuero Clemence<br \/>\n<strong>Color:<\/strong> Rouge Tomate<br \/>\n<strong>Elementos met\u00e1licos:<\/strong> Herrajes de oro<br \/>\n<strong>Material interior:<\/strong> Cuero<\/div>\n<div><strong>Grado: <\/strong>4 <img decoding=\"async\" class=\"info_box alignnone size-medium wp-image-885\" title=\"Informaci\u00f3n\" role=\"img\" src=\"https:\/\/handbag-sense.com\/wp-content\/uploads\/2023\/05\/info_icon.svg\" alt=\"Cuadro de informaci\u00f3n\" width=\"15\" height=\"15\" \/><br \/>\n<strong>A\u00f1o de producci\u00f3n\/Sello:<\/strong> 2016\/X<br \/>\n<strong>Medidas:<\/strong> 32 x 23 x 10,5 cm<br \/>\n<strong>Naviero:<\/strong> Mundial<\/div>\n<\/div>\n<p><strong>Incluye:<\/strong> Bolsa guardapolvo, correa, clochette, cerradura, llaves<\/p>\n","protected":false},"excerpt":{"rendered":"<p data-start=\"0\" data-end=\"73\"><strong data-start=\"0\" data-end=\"71\">Herm\u00e8s Kelly 32 Clemence Rouge Tomate Retourne con herrajes dorados. <\/strong>Este Herm\u00e8s Kelly 32 est\u00e1 hecho a mano con cuero Taurillon Clemence en un cl\u00e1sico color rojo y terminado con elegantes detalles de herrajes dorados, creando una armoniosa sinfon\u00eda de color y brillo. La <strong>Kelly 32 Rouge Tomate<\/strong> incluye: una clochette, un candado con dos llaves a juego, la correa de hombro original que transforma el bolso en una c\u00f3moda opci\u00f3n crossbody y la bolsa de polvo original de Herm\u00e8s.<\/p>\n<p data-start=\"485\" data-end=\"708\">Un \u00edcono perdurable entre los bolsos durante d\u00e9cadas, la Kelly es sin\u00f3nimo de elegancia y clase. En muy buen estado, esta Kelly presenta ligeros ara\u00f1azos en los herrajes y peque\u00f1as se\u00f1ales de uso en el interior del bolso.<\/p>\n","protected":false},"featured_media":18332,"template":"","meta":[],"product_brand":[2433],"product_cat":[1813],"product_tag":[1919],"class_list":{"0":"post-17891","1":"product","2":"type-product","3":"status-publish","4":"has-post-thumbnail","6":"product_brand-hermes-es","7":"product_cat-bolso","8":"product_tag-hermes-kelly-32-es","9":"pa_brand-hermes-es","10":"pa_color-rojo","11":"pa_grade-grado-4","12":"pa_hermes-models-kelly-es","13":"pa_material-cuero","15":"first","16":"instock","17":"shipping-taxable","18":"purchasable","19":"product-type-simple"},"_links":{"self":[{"href":"https:\/\/handbag-sense.com\/es\/wp-json\/wp\/v2\/product\/17891","targetHints":{"allow":["GET"]}}],"collection":[{"href":"https:\/\/handbag-sense.com\/es\/wp-json\/wp\/v2\/product"}],"about":[{"href":"https:\/\/handbag-sense.com\/es\/wp-json\/wp\/v2\/types\/product"}],"wp:featuredmedia":[{"embeddable":true,"href":"https:\/\/handbag-sense.com\/es\/wp-json\/wp\/v2\/media\/18332"}],"wp:attachment":[{"href":"https:\/\/handbag-sense.com\/es\/wp-json\/wp\/v2\/media?parent=17891"}],"wp:term":[{"taxonomy":"product_brand","embeddable":true,"href":"https:\/\/handbag-sense.com\/es\/wp-json\/wp\/v2\/product_brand?post=17891"},{"taxonomy":"product_cat","embeddable":true,"href":"https:\/\/handbag-sense.com\/es\/wp-json\/wp\/v2\/product_cat?post=17891"},{"taxonomy":"product_tag","embeddable":true,"href":"https:\/\/handbag-sense.com\/es\/wp-json\/wp\/v2\/product_tag?post=17891"}],"curies":[{"name":"wp","href":"https:\/\/api.w.org\/{rel}","templated":true}]}}