{"id":17831,"date":"2025-02-19T18:12:29","date_gmt":"2025-02-19T17:12:29","guid":{"rendered":"https:\/\/handbag-sense.com\/?post_type=product&#038;p=17831"},"modified":"2025-06-20T15:15:12","modified_gmt":"2025-06-20T13:15:12","slug":"hermes-bolso-geta-mauve-pale-chevre","status":"publish","type":"product","link":"https:\/\/handbag-sense.com\/es\/producto\/hermes-bolso-geta-mauve-pale-chevre\/","title":{"rendered":"Bolso Geta Mauve Pale Ch\u00e8vre"},"content":{"rendered":"<div class=\"c-columns-m-1 c-columns-2 c-columns-gap-s\">\n<div><strong>Material:<\/strong> Piel Ch\u00e8vre<br \/>\n<strong>Color:<\/strong> Mauve Pale<br \/>\n<strong>Elementos met\u00e1licos:<\/strong> Palladium Herrajes<br \/>\n<strong>Material interior:<\/strong> Piel<\/div>\n<div><strong>Grado:<\/strong> 1 <img decoding=\"async\" class=\"info_box alignnone size-medium wp-image-885\" title=\"Informaci\u00f3n\" role=\"img\" src=\"https:\/\/handbag-sense.com\/wp-content\/uploads\/2023\/05\/info_icon.svg\" alt=\"Cuadro de informaci\u00f3n\" width=\"15\" height=\"15\" \/><br \/>\n<strong>A\u00f1o de producci\u00f3n\/Sello:<\/strong> 2023<br \/>\n<strong>Tama\u00f1o: <\/strong>21 x 15 x 7 cm<br \/>\n<strong>Env\u00edo:<\/strong> A todo el mundo<\/div>\n<\/div>\n<p><strong>Incluye:<\/strong> Recibo en l\u00ednea, bolsa para el polvo, caja<\/p>\n","protected":false},"excerpt":{"rendered":"<p data-start=\"0\" data-end=\"74\"><strong data-start=\"0\" data-end=\"72\">Herm\u00e8s Bolso Geta Mauve Pale con Herrajes de Paladio. <\/strong>El bolso Herm\u00e8s Geta est\u00e1 confeccionado en piel ch\u00e8vre malva p\u00e1lida con herrajes de paladio, cuenta con costuras tonales, un cierre de solapa magn\u00e9tico y una correa ajustable para el hombro. Inspiradas en las tradicionales sandalias de madera <strong data-start=\"129\" data-end=\"144\">japonesas, las Herm\u00e8s Geta son una<\/strong> versi\u00f3n moderna y estructurada de la elegancia. El interior forrado en piel malva ofrece un pr\u00e1ctico almacenamiento con tres bolsillos abiertos para la organizaci\u00f3n. Con su silueta elegante y su distintivo detalle de H alargada en la parte delantera, el Geta se asemeja al Constance pero con un dise\u00f1o m\u00e1s firme y esculpido. Esta bolsa est\u00e1 en perfecto estado y va acompa\u00f1ada de una bolsa para el polvo de Herm\u00e8s, una caja de Herm\u00e8s y la factura online de 2023.<\/p>\n","protected":false},"featured_media":18335,"template":"","meta":[],"product_brand":[2433],"product_cat":[1813,1815,1818],"product_tag":[2300],"class_list":{"0":"post-17831","1":"product","2":"type-product","3":"status-publish","4":"has-post-thumbnail","6":"product_brand-hermes-es","7":"product_cat-bolso","8":"product_cat-comprador","9":"product_cat-bolso-pequeno","10":"product_tag-bolso-hermes-geta","11":"pa_brand-hermes-es","12":"pa_color-rosa-es","13":"pa_grade-grado-1","14":"pa_material-cuero","16":"first","17":"outofstock","18":"sold-individually","19":"product-type-simple"},"_links":{"self":[{"href":"https:\/\/handbag-sense.com\/es\/wp-json\/wp\/v2\/product\/17831","targetHints":{"allow":["GET"]}}],"collection":[{"href":"https:\/\/handbag-sense.com\/es\/wp-json\/wp\/v2\/product"}],"about":[{"href":"https:\/\/handbag-sense.com\/es\/wp-json\/wp\/v2\/types\/product"}],"wp:featuredmedia":[{"embeddable":true,"href":"https:\/\/handbag-sense.com\/es\/wp-json\/wp\/v2\/media\/18335"}],"wp:attachment":[{"href":"https:\/\/handbag-sense.com\/es\/wp-json\/wp\/v2\/media?parent=17831"}],"wp:term":[{"taxonomy":"product_brand","embeddable":true,"href":"https:\/\/handbag-sense.com\/es\/wp-json\/wp\/v2\/product_brand?post=17831"},{"taxonomy":"product_cat","embeddable":true,"href":"https:\/\/handbag-sense.com\/es\/wp-json\/wp\/v2\/product_cat?post=17831"},{"taxonomy":"product_tag","embeddable":true,"href":"https:\/\/handbag-sense.com\/es\/wp-json\/wp\/v2\/product_tag?post=17831"}],"curies":[{"name":"wp","href":"https:\/\/api.w.org\/{rel}","templated":true}]}}