{"id":17822,"date":"2025-02-13T13:08:15","date_gmt":"2025-02-13T12:08:15","guid":{"rendered":"https:\/\/handbag-sense.com\/?post_type=product&#038;p=17822"},"modified":"2025-06-20T15:15:20","modified_gmt":"2025-06-20T13:15:20","slug":"hermes-picotin-lock-18-gold","status":"publish","type":"product","link":"https:\/\/handbag-sense.com\/es\/producto\/hermes-picotin-lock-18-gold\/","title":{"rendered":"Picotin Lock 18 Gold"},"content":{"rendered":"<div class=\"c-columns-m-1 c-columns-2 c-columns-gap-s\">\n<div><strong>Material:<\/strong> Cuero Taurillon Clemence<br \/>\n<strong>Color:<\/strong> Dorado<br \/>\n<strong>Elementos met\u00e1licos:<\/strong> Herrajes de Oro<br \/>\n<strong>Material interior:<\/strong> Cuero<\/div>\n<div><strong>Grado:<\/strong> 1 <img decoding=\"async\" class=\"info_box alignnone size-medium wp-image-885\" title=\"Informaci\u00f3n\" role=\"img\" src=\"https:\/\/handbag-sense.com\/wp-content\/uploads\/2023\/05\/info_icon.svg\" alt=\"Cuadro de informaci\u00f3n\" width=\"15\" height=\"15\" \/><br \/>\n<strong>A\u00f1o de producci\u00f3n \/ Sello:<\/strong> 2025 \/ W<br \/>\n<strong>Tama\u00f1o:<\/strong> 18 x 19 x 13,5 cm<br \/>\n<strong>Env\u00edo:<\/strong> A todo el mundo<\/div>\n<\/div>\n<p><strong>Incluye:<\/strong> Recibo original, bolsa para el polvo, juego de llaves, caja<\/p>\n","protected":false},"excerpt":{"rendered":"<p><strong>Herm\u00e8s Picotin Lock 18 Gold Taurillon Clemence con Herrajes Dorados.<\/strong> El <strong>bolso Herm\u00e8s Picotin 18<\/strong>, hecho a mano en cuero Taurillon Clemence en color dorado, combina comodidad con elegancia y es ideal para la fashionista m\u00e1s exigente. Su interior sin forro y sus asas sencillas y flexibles personifican la elegancia minimalista, creando un accesorio esencial para cualquier armario. El sutil encanto del candado que lo acompa\u00f1a se puede realzar a\u00fan m\u00e1s cuando se combina con joyas a juego, ofreciendo opciones de estilo vers\u00e1tiles, ya sea que se lleven en la mano o en el pliegue del brazo. Esta bolsa est\u00e1 en perfecto estado y va acompa\u00f1ada de una bolsa para el polvo de Herm\u00e8s, una caja de Herm\u00e8s y la factura original de 2025.<\/p>\n","protected":false},"featured_media":18329,"template":"","meta":[],"product_brand":[2433],"product_cat":[1813,1815,1818],"product_tag":[2067,2307],"class_list":{"0":"post-17822","1":"product","2":"type-product","3":"status-publish","4":"has-post-thumbnail","6":"product_brand-hermes-es","7":"product_cat-bolso","8":"product_cat-comprador","9":"product_cat-bolso-pequeno","10":"product_tag-hermes-picotin-18-es","11":"product_tag-picotin-18-oro","12":"pa_brand-hermes-es","13":"pa_color-oro","14":"pa_grade-grado-1","15":"pa_hermes-models-picotin-es","16":"pa_material-cuero","18":"first","19":"outofstock","20":"sold-individually","21":"product-type-simple"},"_links":{"self":[{"href":"https:\/\/handbag-sense.com\/es\/wp-json\/wp\/v2\/product\/17822","targetHints":{"allow":["GET"]}}],"collection":[{"href":"https:\/\/handbag-sense.com\/es\/wp-json\/wp\/v2\/product"}],"about":[{"href":"https:\/\/handbag-sense.com\/es\/wp-json\/wp\/v2\/types\/product"}],"wp:featuredmedia":[{"embeddable":true,"href":"https:\/\/handbag-sense.com\/es\/wp-json\/wp\/v2\/media\/18329"}],"wp:attachment":[{"href":"https:\/\/handbag-sense.com\/es\/wp-json\/wp\/v2\/media?parent=17822"}],"wp:term":[{"taxonomy":"product_brand","embeddable":true,"href":"https:\/\/handbag-sense.com\/es\/wp-json\/wp\/v2\/product_brand?post=17822"},{"taxonomy":"product_cat","embeddable":true,"href":"https:\/\/handbag-sense.com\/es\/wp-json\/wp\/v2\/product_cat?post=17822"},{"taxonomy":"product_tag","embeddable":true,"href":"https:\/\/handbag-sense.com\/es\/wp-json\/wp\/v2\/product_tag?post=17822"}],"curies":[{"name":"wp","href":"https:\/\/api.w.org\/{rel}","templated":true}]}}