{"id":17765,"date":"2025-02-12T19:01:39","date_gmt":"2025-02-12T18:01:39","guid":{"rendered":"https:\/\/handbag-sense.com\/?post_type=product&#038;p=17765"},"modified":"2025-06-20T15:15:36","modified_gmt":"2025-06-20T13:15:36","slug":"hermes-birkin-30-togo-capucine","status":"publish","type":"product","link":"https:\/\/handbag-sense.com\/es\/producto\/hermes-birkin-30-togo-capucine\/","title":{"rendered":"Birkin 30 Togo Capucine"},"content":{"rendered":"<div class=\"c-columns-m-1 c-columns-2 c-columns-gap-s\">\n<div><strong>Material:<\/strong> Cuero Togo<br \/>\n<strong>Color: <\/strong>Capucine<br \/>\n<strong>Elementos met\u00e1licos:<\/strong> Herrajes de Paladio<br \/>\n<strong>Material interior:<\/strong> Cuero<\/div>\n<div><strong>Grado: <\/strong> 1 <img decoding=\"async\" class=\"info_box alignnone size-medium wp-image-885\" title=\"Informaci\u00f3n\" role=\"img\" src=\"https:\/\/handbag-sense.com\/wp-content\/uploads\/2023\/05\/info_icon.svg\" alt=\"Cuadro de informaci\u00f3n\" width=\"15\" height=\"15\" \/><br \/>\n<strong>A\u00f1o de producci\u00f3n \/ Sello:<\/strong> 2024 \/ W<br \/>\n<strong>Tama\u00f1o:<\/strong> 30 x 22 x 16 cm<br \/>\n<strong>Env\u00edo:<\/strong> A todo el mundo<\/div>\n<\/div>\n<p><strong>Incluye:<\/strong> Recibo original, bolsa guardapolvo, clochette, cerradura, llaves, fieltro, folleto, caja<\/p>\n","protected":false},"excerpt":{"rendered":"<p><strong>Herm\u00e8s Birkin 30 Togo Capucine Palladium Herrajes<\/strong>. Este bolso Birkin 30 est\u00e1 hecho a mano con cuero Togo en color Capucine con herrajes de paladio. Un icono perdurable en el mundo de los bolsos de alta gama, el Birkin 30 de Herm\u00e8s ha sido celebrado durante mucho tiempo por su elegancia y clase incomparables. Esta pieza en particular se completa con una campana, un candado acompa\u00f1ado de dos llaves, la bolsa para el polvo de la firma Herm\u00e8s y la ic\u00f3nica caja naranja. El bolso <strong>Herm\u00e8s Birkin 30 Capucine <\/strong>est\u00e1 en un estado completamente nuevo, se incluye la factura original con fecha 2024.<\/p>\n","protected":false},"featured_media":18347,"template":"","meta":[],"product_brand":[2433],"product_cat":[1813],"product_tag":[1905,1895,1897],"class_list":{"0":"post-17765","1":"product","2":"type-product","3":"status-publish","4":"has-post-thumbnail","6":"product_brand-hermes-es","7":"product_cat-bolso","8":"product_tag-birkin-30-togo-es","9":"product_tag-bolso-birkin-hermes","10":"product_tag-hermes-birkin-30-es","11":"pa_brand-hermes-es","12":"pa_color-naranja","13":"pa_grade-grado-1","14":"pa_hermes-models-birkin-es","15":"pa_material-cuero","17":"first","18":"outofstock","19":"sold-individually","20":"shipping-taxable","21":"product-type-simple"},"_links":{"self":[{"href":"https:\/\/handbag-sense.com\/es\/wp-json\/wp\/v2\/product\/17765","targetHints":{"allow":["GET"]}}],"collection":[{"href":"https:\/\/handbag-sense.com\/es\/wp-json\/wp\/v2\/product"}],"about":[{"href":"https:\/\/handbag-sense.com\/es\/wp-json\/wp\/v2\/types\/product"}],"wp:featuredmedia":[{"embeddable":true,"href":"https:\/\/handbag-sense.com\/es\/wp-json\/wp\/v2\/media\/18347"}],"wp:attachment":[{"href":"https:\/\/handbag-sense.com\/es\/wp-json\/wp\/v2\/media?parent=17765"}],"wp:term":[{"taxonomy":"product_brand","embeddable":true,"href":"https:\/\/handbag-sense.com\/es\/wp-json\/wp\/v2\/product_brand?post=17765"},{"taxonomy":"product_cat","embeddable":true,"href":"https:\/\/handbag-sense.com\/es\/wp-json\/wp\/v2\/product_cat?post=17765"},{"taxonomy":"product_tag","embeddable":true,"href":"https:\/\/handbag-sense.com\/es\/wp-json\/wp\/v2\/product_tag?post=17765"}],"curies":[{"name":"wp","href":"https:\/\/api.w.org\/{rel}","templated":true}]}}