{"id":17737,"date":"2025-02-11T18:18:07","date_gmt":"2025-02-11T17:18:07","guid":{"rendered":"https:\/\/handbag-sense.com\/?post_type=product&#038;p=17737"},"modified":"2025-06-20T15:15:45","modified_gmt":"2025-06-20T13:15:45","slug":"chanel-chanel-timeless-jumbo-double-flap-lila","status":"publish","type":"product","link":"https:\/\/handbag-sense.com\/es\/producto\/chanel-chanel-timeless-jumbo-double-flap-lila\/","title":{"rendered":"Chanel Timeless Jumbo Double Flap Lila"},"content":{"rendered":"<div class=\"c-columns-m-1 c-columns-2 c-columns-gap-s\">\n<div><strong>Material:<\/strong> Cordero<br \/>\n<strong>Color:<\/strong> Lila<br \/>\n<strong>Elementos met\u00e1licos:<\/strong> Herrajes plateados<br \/>\n<strong>Material interior:<\/strong> Cuero<\/div>\n<div><strong>Calificaci\u00f3n: <\/strong> 4 <img decoding=\"async\" class=\"info_box alignnone size-medium wp-image-885\" title=\"Informaci\u00f3n\" role=\"img\" src=\"https:\/\/handbag-sense.com\/wp-content\/uploads\/2023\/05\/info_icon.svg\" alt=\"Cuadro de informaci\u00f3n\" width=\"15\" height=\"15\" \/><br \/>\n<strong>A\u00f1o de producci\u00f3n\/c\u00f3digo de serie:<\/strong> 2011, a partir de 156...<br \/>\n<strong>Tama\u00f1o:<\/strong> 30 x 19,5 x 10 cm<\/div>\n<\/div>\n<p><strong>Incluye:<\/strong> Tarjeta de autenticidad, bolsa para el polvo<\/p>\n","protected":false},"excerpt":{"rendered":"<p data-start=\"0\" data-end=\"67\"><strong data-start=\"0\" data-end=\"65\">Chanel Timeless Jumbo Double Flap Lila con Herrajes Plateados.\u00a0<\/strong>El <strong data-start=\"72\" data-end=\"105\">Classic Jumbo Double Flap Bag<\/strong> es un bolso ic\u00f3nico y atemporal de Chanel. Perfecto para cualquier ocasi\u00f3n, ofrece un amplio espacio para lo esencial, lo que lo convierte en una opci\u00f3n ideal para d\u00edas de compras o para el trabajo. Confeccionado en cuero de cordero en un hermoso color lila, este elegante bolso presenta una correa de cadena entrelazada y el caracter\u00edstico cierre giratorio CC con un acabado plateado. El interior ha sido dise\u00f1ado cuidadosamente e incluye un espacioso compartimento principal, un bolsillo deslizante, un compartimento con cremallera y dos peque\u00f1os bolsillos, adem\u00e1s de un bolsillo adicional en la parte trasera. Gracias a su versatilidad, este bolso se puede llevar al hombro o cruzado para un look sofisticado y c\u00f3modo. Este bolso est\u00e1 en muy buen estado y viene con su bolsa guardapolvo y tarjeta de autenticidad.<\/p>\n","protected":false},"featured_media":18350,"template":"","meta":[],"product_brand":[2418],"product_cat":[1813],"product_tag":[],"class_list":{"0":"post-17737","1":"product","2":"type-product","3":"status-publish","4":"has-post-thumbnail","6":"product_brand-chanel-es","7":"product_cat-bolso","8":"pa_brand-chanel-es","9":"pa_chanel-models-timeless-classique-es","10":"pa_color-lila-es","11":"pa_color-otros-colores","12":"pa_grade-grado-4","13":"pa_material-cuero","15":"first","16":"outofstock","17":"shipping-taxable","18":"product-type-simple"},"_links":{"self":[{"href":"https:\/\/handbag-sense.com\/es\/wp-json\/wp\/v2\/product\/17737","targetHints":{"allow":["GET"]}}],"collection":[{"href":"https:\/\/handbag-sense.com\/es\/wp-json\/wp\/v2\/product"}],"about":[{"href":"https:\/\/handbag-sense.com\/es\/wp-json\/wp\/v2\/types\/product"}],"wp:featuredmedia":[{"embeddable":true,"href":"https:\/\/handbag-sense.com\/es\/wp-json\/wp\/v2\/media\/18350"}],"wp:attachment":[{"href":"https:\/\/handbag-sense.com\/es\/wp-json\/wp\/v2\/media?parent=17737"}],"wp:term":[{"taxonomy":"product_brand","embeddable":true,"href":"https:\/\/handbag-sense.com\/es\/wp-json\/wp\/v2\/product_brand?post=17737"},{"taxonomy":"product_cat","embeddable":true,"href":"https:\/\/handbag-sense.com\/es\/wp-json\/wp\/v2\/product_cat?post=17737"},{"taxonomy":"product_tag","embeddable":true,"href":"https:\/\/handbag-sense.com\/es\/wp-json\/wp\/v2\/product_tag?post=17737"}],"curies":[{"name":"wp","href":"https:\/\/api.w.org\/{rel}","templated":true}]}}