{"id":17733,"date":"2025-02-11T17:18:24","date_gmt":"2025-02-11T16:18:24","guid":{"rendered":"https:\/\/handbag-sense.com\/?post_type=product&#038;p=17733"},"modified":"2025-06-17T17:38:22","modified_gmt":"2025-06-17T15:38:22","slug":"hermes-birkin-35-bleu-atoll-taurillon-clemence","status":"publish","type":"product","link":"https:\/\/handbag-sense.com\/es\/producto\/hermes-birkin-35-bleu-atoll-taurillon-clemence\/","title":{"rendered":"Birkin 35 Bleu Atoll Taurillon Clemence"},"content":{"rendered":"<div class=\"c-columns-m-1 c-columns-2 c-columns-gap-s\">\n<div><strong>Material:<\/strong> Taurillon Clemence<br \/>\n<strong>Color:<\/strong> Bleu Atoll<br \/>\n<strong>Elementos met\u00e1licos:<\/strong> Paladio Herrajes<br \/>\n<strong>Material interior:<\/strong> Cuero<\/div>\n<div><strong>Grado: <\/strong>1 <img decoding=\"async\" class=\"info_box alignnone size-medium wp-image-885\" title=\"Informaci\u00f3n\" role=\"img\" src=\"https:\/\/handbag-sense.com\/wp-content\/uploads\/2023\/05\/info_icon.svg\" alt=\"Cuadro de informaci\u00f3n\" width=\"15\" height=\"15\" \/><br \/>\n<strong>A\u00f1o de producci\u00f3n \/ Sello:<\/strong> 2017 \/ A<br \/>\n<strong>Tama\u00f1o: <\/strong>35 x 25 x 18 cm<br \/>\n<strong>Env\u00edo:<\/strong> A todo el mundo<\/div>\n<\/div>\n<p><strong>Incluye:<\/strong> Recibo original, bolsa guardapolvo, clochette, llaves, cerradura, fieltro<\/p>\n","protected":false},"excerpt":{"rendered":"<p><strong>Herm\u00e8s Birkin 35 Bleu Atoll Taurillon Clemence con herrajes de paladio<\/strong>. Este ic\u00f3nico bolso Birkin 35 est\u00e1 hecho a mano en piel de <strong>Taurillon Clemence <\/strong> en color Bleu Atoll y refinado con herrajes de paladio. Como s\u00edmbolo atemporal de la excelencia de la moda, el Birkin es considerado un icono en el mundo de los bolsos de lujo, representando una elegancia y clase sin igual. En la entrega se incluyen una clochette, un candado acompa\u00f1ado de dos llaves y la caracter\u00edstica bolsa para el polvo de Herm\u00e8s. El <strong>Herm\u00e8s Birkin 35 Bleu Atoll<\/strong>\u00a0est\u00e1 en un estado nuevo y sin usar, y se incluye la factura original de 2017.<\/p>\n<p>&nbsp;<\/p>\n","protected":false},"featured_media":18317,"template":"","meta":[],"product_brand":[2433],"product_cat":[1813],"product_tag":[1892,1895,1893],"class_list":{"0":"post-17733","1":"product","2":"type-product","3":"status-publish","4":"has-post-thumbnail","6":"product_brand-hermes-es","7":"product_cat-bolso","8":"product_tag-birkin-35-togo-es","9":"product_tag-bolso-birkin-hermes","10":"product_tag-hermes-birkin-35-es","11":"pa_brand-hermes-es","12":"pa_color-azul","13":"pa_grade-grado-1","14":"pa_hermes-models-birkin-es","15":"pa_material-cuero","17":"first","18":"outofstock","19":"sold-individually","20":"product-type-simple"},"_links":{"self":[{"href":"https:\/\/handbag-sense.com\/es\/wp-json\/wp\/v2\/product\/17733","targetHints":{"allow":["GET"]}}],"collection":[{"href":"https:\/\/handbag-sense.com\/es\/wp-json\/wp\/v2\/product"}],"about":[{"href":"https:\/\/handbag-sense.com\/es\/wp-json\/wp\/v2\/types\/product"}],"wp:featuredmedia":[{"embeddable":true,"href":"https:\/\/handbag-sense.com\/es\/wp-json\/wp\/v2\/media\/18317"}],"wp:attachment":[{"href":"https:\/\/handbag-sense.com\/es\/wp-json\/wp\/v2\/media?parent=17733"}],"wp:term":[{"taxonomy":"product_brand","embeddable":true,"href":"https:\/\/handbag-sense.com\/es\/wp-json\/wp\/v2\/product_brand?post=17733"},{"taxonomy":"product_cat","embeddable":true,"href":"https:\/\/handbag-sense.com\/es\/wp-json\/wp\/v2\/product_cat?post=17733"},{"taxonomy":"product_tag","embeddable":true,"href":"https:\/\/handbag-sense.com\/es\/wp-json\/wp\/v2\/product_tag?post=17733"}],"curies":[{"name":"wp","href":"https:\/\/api.w.org\/{rel}","templated":true}]}}