{"id":17640,"date":"2025-02-03T18:15:43","date_gmt":"2025-02-03T17:15:43","guid":{"rendered":"https:\/\/handbag-sense.com\/?post_type=product&#038;p=17640"},"modified":"2025-06-20T15:15:50","modified_gmt":"2025-06-20T13:15:50","slug":"hermes-birkin-35-togo-negro-2","status":"publish","type":"product","link":"https:\/\/handbag-sense.com\/es\/producto\/hermes-birkin-35-togo-negro-2\/","title":{"rendered":"Birkin 35 Togo Negro"},"content":{"rendered":"<div class=\"c-columns-m-1 c-columns-2 c-columns-gap-s\">\n<div><strong>Material:<\/strong> Cuero Togo<br \/>\n<strong>Color:<\/strong> Negro<br \/>\n<strong>Elementos met\u00e1licos:<\/strong> Herrajes de oro<br \/>\n<strong>Material interior:<\/strong> Cuero<\/div>\n<div><strong>Grado: <\/strong>2 <img decoding=\"async\" class=\"info_box alignnone size-medium wp-image-885\" title=\"Informaci\u00f3n\" role=\"img\" src=\"https:\/\/handbag-sense.com\/wp-content\/uploads\/2023\/05\/info_icon.svg\" alt=\"Cuadro de informaci\u00f3n\" width=\"15\" height=\"15\" \/><br \/>\n<strong>A\u00f1o de producci\u00f3n \/ Sello:<\/strong> 2016 \/ T<br \/>\n<strong>Tama\u00f1o: <\/strong>35 x 25 x 18 cm<br \/>\n<strong>Env\u00edo:<\/strong> A todo el mundo<\/div>\n<\/div>\n<p><strong>Incluye:<\/strong> Factura, bolsa guardapolvo, clochette, llaves, cerradura, folleto<\/p>\n","protected":false},"excerpt":{"rendered":"<p><strong>Herm\u00e8s Birkin 35 Togo Negro con Herrajes Dorados<\/strong>. Este ic\u00f3nico bolso Birkin 35 est\u00e1 hecho a mano en piel de Togo en negro cl\u00e1sico y rematado con elegantes herrajes dorados. S\u00edmbolo atemporal de la excelencia en la moda, el Birkin est\u00e1 considerado como un icono en el mundo de los bolsos de lujo, ya que representa una sofisticaci\u00f3n y una clase sin igual.<\/p>\n<p>En la entrega se incluyen una clochette, un candado con dos llaves adjuntas y la bolsa guardapolvo de la firma Herm\u00e8s. El Birkin de Herm\u00e8s en negro se ha usado solo dos veces y permanece como nuevo. Tambi\u00e9n se incluye la factura original de 2016.<\/p>\n<p>&nbsp;<\/p>\n","protected":false},"featured_media":18320,"template":"","meta":[],"product_brand":[2433],"product_cat":[1813],"product_tag":[1892,1895,1893],"class_list":{"0":"post-17640","1":"product","2":"type-product","3":"status-publish","4":"has-post-thumbnail","6":"product_brand-hermes-es","7":"product_cat-bolso","8":"product_tag-birkin-35-togo-es","9":"product_tag-bolso-birkin-hermes","10":"product_tag-hermes-birkin-35-es","11":"pa_brand-hermes-es","12":"pa_color-negro","13":"pa_grade-grado-1","14":"pa_hermes-models-birkin-es","15":"pa_material-cuero","17":"first","18":"outofstock","19":"sold-individually","20":"product-type-simple"},"_links":{"self":[{"href":"https:\/\/handbag-sense.com\/es\/wp-json\/wp\/v2\/product\/17640","targetHints":{"allow":["GET"]}}],"collection":[{"href":"https:\/\/handbag-sense.com\/es\/wp-json\/wp\/v2\/product"}],"about":[{"href":"https:\/\/handbag-sense.com\/es\/wp-json\/wp\/v2\/types\/product"}],"wp:featuredmedia":[{"embeddable":true,"href":"https:\/\/handbag-sense.com\/es\/wp-json\/wp\/v2\/media\/18320"}],"wp:attachment":[{"href":"https:\/\/handbag-sense.com\/es\/wp-json\/wp\/v2\/media?parent=17640"}],"wp:term":[{"taxonomy":"product_brand","embeddable":true,"href":"https:\/\/handbag-sense.com\/es\/wp-json\/wp\/v2\/product_brand?post=17640"},{"taxonomy":"product_cat","embeddable":true,"href":"https:\/\/handbag-sense.com\/es\/wp-json\/wp\/v2\/product_cat?post=17640"},{"taxonomy":"product_tag","embeddable":true,"href":"https:\/\/handbag-sense.com\/es\/wp-json\/wp\/v2\/product_tag?post=17640"}],"curies":[{"name":"wp","href":"https:\/\/api.w.org\/{rel}","templated":true}]}}