{"id":17607,"date":"2025-01-29T17:37:42","date_gmt":"2025-01-29T16:37:42","guid":{"rendered":"https:\/\/handbag-sense.com\/?post_type=product&#038;p=17607"},"modified":"2025-06-20T15:15:56","modified_gmt":"2025-06-20T13:15:56","slug":"hermes-kelly-mini-craie-epsom","status":"publish","type":"product","link":"https:\/\/handbag-sense.com\/es\/producto\/hermes-kelly-mini-craie-epsom\/","title":{"rendered":"Kelly Mini Craie Epsom"},"content":{"rendered":"<div class=\"c-columns-m-1 c-columns-2 c-columns-gap-s\">\n<div><strong>Material:<\/strong> Cuero Epsom<br \/>\n<strong>Color:<\/strong> Craie<br \/>\n<strong>Elementos met\u00e1licos:<\/strong> Herrajes de Permabrass<br \/>\n<strong>Material interior:<\/strong> Cuero<\/div>\n<div><strong>Grado:<\/strong> 1 <img decoding=\"async\" class=\"info_box alignnone size-medium wp-image-885\" title=\"Informaci\u00f3n\" role=\"img\" src=\"https:\/\/handbag-sense.com\/wp-content\/uploads\/2023\/05\/info_icon.svg\" alt=\"Cuadro de informaci\u00f3n\" width=\"15\" height=\"15\" \/><br \/>\n<strong>A\u00f1o de producci\u00f3n \/ Sello:<\/strong> 2025 \/ W<br \/>\n<strong>Tama\u00f1o:<\/strong> 20 x 12 x 6 cm<br \/>\n<strong>Env\u00edo:<\/strong> A todo el mundo<\/div>\n<\/div>\n<p><strong>Incluye:<\/strong> Recibo original, bolsa guardapolvo, correa, folleto, caja<\/p>\n","protected":false},"excerpt":{"rendered":"<p><strong>Herm\u00e8s Kelly Mini Craie Epsom con herrajes de Permabrass<\/strong>. Este raro bolso Kelly Mini est\u00e1 hecho a mano con cuero Epsom en el color Craie adornado con herrajes de Permabrass de color champ\u00e1n. El <strong>bolso Kelly 20 Craie<\/strong> es absolutamente nuevo y nunca se usa, viene con el recibo original de 2025. Se incluyen una correa para el hombro, una bolsa para el polvo de Herm\u00e8s y la caja naranja. Tambi\u00e9n se puede llevar maravillosamente como bandolera. El <strong>bolso Mini Kelly<\/strong> es perfecto para aquellos que aprecian los detalles m\u00e1s finos. Con su tama\u00f1o compacto, es el compa\u00f1ero ideal para ocasiones especiales o como un accesorio elegante para el uso diario. Ya sea como regalo especial o como pieza llamativa para su estilo individual, este bolso Herm\u00e8s Kelly Mini Craie perfeccionar\u00e1 su look de forma sutil.<\/p>\n","protected":false},"featured_media":18323,"template":"","meta":[],"product_brand":[2433],"product_cat":[1813,1860,1818,1840,1838],"product_tag":[1870,2311,2312],"class_list":{"0":"post-17607","1":"product","2":"type-product","3":"status-publish","4":"has-post-thumbnail","6":"product_brand-hermes-es","7":"product_cat-bolso","8":"product_cat-bandolera","9":"product_cat-bolso-pequeno","10":"product_cat-clutch-pochette","11":"product_cat-bolso-de-noche","12":"product_tag-hermes-kelly-mini-es","13":"product_tag-kelly-20-craie-es","14":"product_tag-kelly-mini-criae-es","15":"pa_brand-hermes-es","16":"pa_color-blanco","17":"pa_grade-grado-1","18":"pa_hermes-models-kelly-es","19":"pa_material-cuero","21":"first","22":"outofstock","23":"sold-individually","24":"shipping-taxable","25":"product-type-simple"},"_links":{"self":[{"href":"https:\/\/handbag-sense.com\/es\/wp-json\/wp\/v2\/product\/17607","targetHints":{"allow":["GET"]}}],"collection":[{"href":"https:\/\/handbag-sense.com\/es\/wp-json\/wp\/v2\/product"}],"about":[{"href":"https:\/\/handbag-sense.com\/es\/wp-json\/wp\/v2\/types\/product"}],"wp:featuredmedia":[{"embeddable":true,"href":"https:\/\/handbag-sense.com\/es\/wp-json\/wp\/v2\/media\/18323"}],"wp:attachment":[{"href":"https:\/\/handbag-sense.com\/es\/wp-json\/wp\/v2\/media?parent=17607"}],"wp:term":[{"taxonomy":"product_brand","embeddable":true,"href":"https:\/\/handbag-sense.com\/es\/wp-json\/wp\/v2\/product_brand?post=17607"},{"taxonomy":"product_cat","embeddable":true,"href":"https:\/\/handbag-sense.com\/es\/wp-json\/wp\/v2\/product_cat?post=17607"},{"taxonomy":"product_tag","embeddable":true,"href":"https:\/\/handbag-sense.com\/es\/wp-json\/wp\/v2\/product_tag?post=17607"}],"curies":[{"name":"wp","href":"https:\/\/api.w.org\/{rel}","templated":true}]}}