{"id":17425,"date":"2024-12-30T17:37:42","date_gmt":"2024-12-30T16:37:42","guid":{"rendered":"https:\/\/handbag-sense.com\/?post_type=product&#038;p=17425"},"modified":"2025-12-08T13:26:44","modified_gmt":"2025-12-08T12:26:44","slug":"hermes-birkin-25-sellier-etoupe","status":"publish","type":"product","link":"https:\/\/handbag-sense.com\/es\/producto\/hermes-birkin-25-sellier-etoupe\/","title":{"rendered":"Birkin 25 Sellier Etoupe Epsom"},"content":{"rendered":"<div class=\"c-columns-m-1 c-columns-2 c-columns-gap-s\">\n<div><strong>Material:<\/strong> Cuero Epsom<br \/>\n<strong>Color:<\/strong> Etoupe<br \/>\n<strong>Elementos met\u00e1licos:<\/strong> Herrajes de oro<br \/>\n<strong>Material interior:<\/strong> Cuero<\/div>\n<div><strong>Grado: <\/strong> 1 <img decoding=\"async\" class=\"info_box alignnone size-medium wp-image-885\" title=\"Informaci\u00f3n\" role=\"img\" src=\"https:\/\/handbag-sense.com\/wp-content\/uploads\/2023\/05\/info_icon.svg\" alt=\"Cuadro de informaci\u00f3n\" width=\"15\" height=\"15\" \/><br \/>\n<strong>A\u00f1o de producci\u00f3n \/ Sello:<\/strong> 2024 \/ W<br \/>\n<strong>Tama\u00f1o:<\/strong> 25 x 20 x 13 cm<br \/>\n<strong>Env\u00edo: A<\/strong> todo el mundo<\/div>\n<\/div>\n<p><strong>Incluye:<\/strong> Recibo original, bolsa guardapolvo, clochette, cerradura, llaves, fieltro, folleto, caja<\/p>\n","protected":false},"excerpt":{"rendered":"<p data-start=\"4082\" data-end=\"4160\"><strong data-start=\"4082\" data-end=\"4158\">Herm\u00e8s Birkin 25 Sellier Etoupe Epsom con Herrajes Dorados \u2013 Nueva<\/strong><\/p>\n<p data-start=\"4162\" data-end=\"4623\">Esta <strong data-start=\"4167\" data-end=\"4195\">Birkin 25 Sellier<\/strong> es elaborada meticulosamente en cuero Epsom estructurado en el elegante tono Etoupe y realzada con c\u00e1lidos herrajes dorados. Se presenta <strong data-start=\"4377\" data-end=\"4414\">completamente nueva y nunca usada<\/strong>, acompa\u00f1ada de la <strong data-start=\"4433\" data-end=\"4474\">factura original de diciembre de 2024<\/strong>, clochette, candado con dos llaves, dust bag y la ic\u00f3nica caja naranja. Una <strong data-start=\"4551\" data-end=\"4571\">Birkin 25 Etoupe<\/strong> impecable en una de sus versiones m\u00e1s distinguidas.<\/p>\n<p data-start=\"4625\" data-end=\"5039\">La construcci\u00f3n Sellier aporta l\u00edneas n\u00edtidas, bordes definidos y una silueta arquitect\u00f3nica de gran sofisticaci\u00f3n. El cuero Epsom, conocido por su resistencia y capacidad para mantener la forma, realza a\u00fan m\u00e1s la estructura de la bolsa. El tono Etoupe \u2014uno de los neutros m\u00e1s emblem\u00e1ticos de Herm\u00e8s\u2014 ofrece una elegancia discreta, armonizando a la perfecci\u00f3n con los acentos de <strong data-start=\"5004\" data-end=\"5038\">Herm\u00e8s Birkin 25 Etoupe Epsom<\/strong>.<\/p>\n<p data-start=\"5041\" data-end=\"5434\">La <strong data-start=\"5044\" data-end=\"5065\">Birkin 25 Sellier<\/strong> es muy apreciada entre los coleccionistas por su rareza y su est\u00e9tica refinada. A pesar de su tama\u00f1o compacto, ofrece un equilibrio ideal entre funcionalidad y lujo, convirti\u00e9ndola en una pieza vers\u00e1til tanto para el d\u00eda como para la noche. Debido a su creciente demanda, es considerada una destacada <strong data-start=\"5367\" data-end=\"5392\">luxury investment bag<\/strong>, famosa por mantener y aumentar su valor.<\/p>\n<p data-start=\"5436\" data-end=\"5632\">Una aut\u00e9ntica <strong data-start=\"5450\" data-end=\"5477\">rare collectible Herm\u00e8s<\/strong>, esta Birkin 25 representa exclusividad, prestigio y una maestr\u00eda artesanal inigualable \u2014 una pieza imprescindible para cualquier colecci\u00f3n de alto nivel.<\/p>\n","protected":false},"featured_media":18367,"template":"","meta":[],"product_brand":[2433],"product_cat":[1813,1818,1838],"product_tag":[2076,1914,2074],"class_list":{"0":"post-17425","1":"product","2":"type-product","3":"status-publish","4":"has-post-thumbnail","6":"product_brand-hermes-es","7":"product_cat-bolso","8":"product_cat-bolso-pequeno","9":"product_cat-bolso-de-noche","10":"product_tag-birkin-25-etoupe-es","11":"product_tag-hermes-birkin-25-es","12":"product_tag-hermes-birkin-sellier-es","13":"pa_brand-hermes-es","14":"pa_color-beige-es","15":"pa_color-gris","16":"pa_grade-grado-1","17":"pa_hermes-models-birkin-es","18":"pa_material-cuero","20":"first","21":"outofstock","22":"shipping-taxable","23":"purchasable","24":"product-type-simple"},"_links":{"self":[{"href":"https:\/\/handbag-sense.com\/es\/wp-json\/wp\/v2\/product\/17425","targetHints":{"allow":["GET"]}}],"collection":[{"href":"https:\/\/handbag-sense.com\/es\/wp-json\/wp\/v2\/product"}],"about":[{"href":"https:\/\/handbag-sense.com\/es\/wp-json\/wp\/v2\/types\/product"}],"wp:featuredmedia":[{"embeddable":true,"href":"https:\/\/handbag-sense.com\/es\/wp-json\/wp\/v2\/media\/18367"}],"wp:attachment":[{"href":"https:\/\/handbag-sense.com\/es\/wp-json\/wp\/v2\/media?parent=17425"}],"wp:term":[{"taxonomy":"product_brand","embeddable":true,"href":"https:\/\/handbag-sense.com\/es\/wp-json\/wp\/v2\/product_brand?post=17425"},{"taxonomy":"product_cat","embeddable":true,"href":"https:\/\/handbag-sense.com\/es\/wp-json\/wp\/v2\/product_cat?post=17425"},{"taxonomy":"product_tag","embeddable":true,"href":"https:\/\/handbag-sense.com\/es\/wp-json\/wp\/v2\/product_tag?post=17425"}],"curies":[{"name":"wp","href":"https:\/\/api.w.org\/{rel}","templated":true}]}}