{"id":17422,"date":"2024-12-30T17:13:26","date_gmt":"2024-12-30T16:13:26","guid":{"rendered":"https:\/\/handbag-sense.com\/?post_type=product&#038;p=17422"},"modified":"2025-12-08T15:29:54","modified_gmt":"2025-12-08T14:29:54","slug":"hermes-kelly-mini-vintage-box-azul","status":"publish","type":"product","link":"https:\/\/handbag-sense.com\/es\/producto\/hermes-kelly-mini-vintage-box-azul\/","title":{"rendered":"Kelly Mini Vintage Box Azul Marino"},"content":{"rendered":"<div class=\"c-columns-m-1 c-columns-2 c-columns-gap-s\">\n<div><strong>Material:<\/strong> Piel Box<br \/>\n<strong>Color:<\/strong> Azul Marino<br \/>\n<strong>Elementos met\u00e1licos:<\/strong> Herrajes de Oro<br \/>\n<strong>Material interior:<\/strong> Cuero<\/div>\n<div><strong>Grado:<\/strong> 4 <img decoding=\"async\" class=\"info_box alignnone size-medium wp-image-885\" title=\"Informaci\u00f3n\" role=\"img\" src=\"https:\/\/handbag-sense.com\/wp-content\/uploads\/2023\/05\/info_icon.svg\" alt=\"Cuadro de informaci\u00f3n\" width=\"15\" height=\"15\" \/><br \/>\n<strong>A\u00f1o de producci\u00f3n \/ Sello: <\/strong>1984 \/ N<br \/>\n<strong>Tama\u00f1o:<\/strong> 20 x 12 x 6 cm<br \/>\n<strong>Env\u00edo:<\/strong> A todo el mundo<\/div>\n<\/div>\n<p><strong>Incluye:<\/strong> Bolsa para el polvo<\/p>\n","protected":false},"excerpt":{"rendered":"<p data-start=\"3623\" data-end=\"3706\"><strong data-start=\"3623\" data-end=\"3706\">Herm\u00e8s Kelly Mini Vintage Box Navy Blue con Herrajes Dorados \u2013 1984\u00a0<\/strong><\/p>\n<p data-start=\"3708\" data-end=\"4223\">Esta <strong data-start=\"3713\" data-end=\"3742\">Herm\u00e8s Kelly Mini Vintage<\/strong>, elaborada en 1984 y marcada con el <strong data-start=\"3779\" data-end=\"3792\">sello \u201cN\u201d<\/strong>, es una pieza de colecci\u00f3n excepcional que refleja la elegancia atemporal de la maison. Confeccionada en cuero Box azul marino y realzada con herrajes dorados, combina proporciones refinadas con la artesan\u00eda tradicional caracter\u00edstica de Herm\u00e8s. A pesar de su antig\u00fcedad, la bolsa se conserva en <strong data-start=\"4089\" data-end=\"4116\">muy buen estado vintage<\/strong>, mostrando peque\u00f1os signos de uso y ligeros ara\u00f1azos que aportan una p\u00e1tina aut\u00e9ntica y llena de car\u00e1cter.<\/p>\n<p data-start=\"4225\" data-end=\"4583\">El cuero Box azul marino ofrece un brillo lujoso, una estructura firme y una capacidad \u00fanica para envejecer con nobleza. Gracias a la meticulosa artesan\u00eda de Herm\u00e8s, la silueta compacta de la Kelly Mini mantiene su forma arquitect\u00f3nica, lo que la convierte en un accesorio ideal tanto para ocasiones especiales como para un estilo diario elegante y discreto.<\/p>\n<p data-start=\"4585\" data-end=\"4883\">Los herrajes dorados aportan un contraste sofisticado al azul profundo del cuero, resaltando la est\u00e9tica cl\u00e1sica y la esencia ic\u00f3nica del modelo. Para los coleccionistas que buscan una pieza rara y con relevancia hist\u00f3rica, esta <strong data-start=\"4814\" data-end=\"4843\">Herm\u00e8s Kelly Mini Navy Blue<\/strong>\u00a0representa una oportunidad excepcional.<\/p>\n<p data-start=\"4885\" data-end=\"5097\">Combinando atractivo, herencia y belleza perdurable, la <strong data-start=\"4941\" data-end=\"4969\">Kelly Mini Box Navy Blue<\/strong> es un verdadero tesoro dentro del universo Herm\u00e8s \u2014 una pieza refinada imprescindible en cualquier colecci\u00f3n de bolsos de lujo.<\/p>\n","protected":false},"featured_media":18302,"template":"","meta":[],"product_brand":[2433],"product_cat":[1813,1818,1840,1838],"product_tag":[2319,2320],"class_list":{"0":"post-17422","1":"product","2":"type-product","3":"status-publish","4":"has-post-thumbnail","6":"product_brand-hermes-es","7":"product_cat-bolso","8":"product_cat-bolso-pequeno","9":"product_cat-clutch-pochette","10":"product_cat-bolso-de-noche","11":"product_tag-hermes-kelly-mini-vintage-es","12":"product_tag-kelly-mini-vintage-es","13":"pa_brand-hermes-es","14":"pa_color-azul","15":"pa_color-marina","16":"pa_grade-grado-4","17":"pa_hermes-models-kelly-es","18":"pa_material-cuero","20":"first","21":"instock","22":"sold-individually","23":"shipping-taxable","24":"purchasable","25":"product-type-simple"},"_links":{"self":[{"href":"https:\/\/handbag-sense.com\/es\/wp-json\/wp\/v2\/product\/17422","targetHints":{"allow":["GET"]}}],"collection":[{"href":"https:\/\/handbag-sense.com\/es\/wp-json\/wp\/v2\/product"}],"about":[{"href":"https:\/\/handbag-sense.com\/es\/wp-json\/wp\/v2\/types\/product"}],"wp:featuredmedia":[{"embeddable":true,"href":"https:\/\/handbag-sense.com\/es\/wp-json\/wp\/v2\/media\/18302"}],"wp:attachment":[{"href":"https:\/\/handbag-sense.com\/es\/wp-json\/wp\/v2\/media?parent=17422"}],"wp:term":[{"taxonomy":"product_brand","embeddable":true,"href":"https:\/\/handbag-sense.com\/es\/wp-json\/wp\/v2\/product_brand?post=17422"},{"taxonomy":"product_cat","embeddable":true,"href":"https:\/\/handbag-sense.com\/es\/wp-json\/wp\/v2\/product_cat?post=17422"},{"taxonomy":"product_tag","embeddable":true,"href":"https:\/\/handbag-sense.com\/es\/wp-json\/wp\/v2\/product_tag?post=17422"}],"curies":[{"name":"wp","href":"https:\/\/api.w.org\/{rel}","templated":true}]}}