{"id":17247,"date":"2024-12-19T16:54:07","date_gmt":"2024-12-19T15:54:07","guid":{"rendered":"https:\/\/handbag-sense.com\/?post_type=product&#038;p=17247"},"modified":"2025-12-09T14:42:46","modified_gmt":"2025-12-09T13:42:46","slug":"hermes-kelly-danse-swift-etoupe","status":"publish","type":"product","link":"https:\/\/handbag-sense.com\/es\/producto\/hermes-kelly-danse-swift-etoupe\/","title":{"rendered":"Kelly Danse Swift Etoupe"},"content":{"rendered":"<div class=\"c-columns-m-1 c-columns-2 c-columns-gap-s\">\n<div><strong>Material:<\/strong> Cuero Swift<br \/>\n<strong>Color:<\/strong> Etoupe<br \/>\n<strong>Elementos met\u00e1licos:<\/strong> Oro Herrajes<br \/>\n<strong>Material interior:<\/strong> Cuero<\/div>\n<div><strong>Grado:<\/strong> 1 <img decoding=\"async\" class=\"info_box alignnone size-medium wp-image-885\" title=\"Informaci\u00f3n\" role=\"img\" src=\"https:\/\/handbag-sense.com\/wp-content\/uploads\/2023\/05\/info_icon.svg\" alt=\"Cuadro de informaci\u00f3n\" width=\"15\" height=\"15\" \/><br \/>\n<strong>A\u00f1o de producci\u00f3n \/ Sello:<\/strong> 2024 \/ W<br \/>\n<strong>Tama\u00f1o:<\/strong> 22 x 17 x 7 cm<br \/>\n<strong>Env\u00edo:<\/strong> A todo el mundo<\/div>\n<\/div>\n<p><strong>Incluye:<\/strong> Recibo original, bolsa guardapolvo, correa, fieltro, folleto, caja<\/p>\n","protected":false},"excerpt":{"rendered":"<p><strong>Herm\u00e8s Kelly Danse Swift Etoupe Herrajes de oro. <\/strong>El Herm\u00e8s Kelly Danse est\u00e1 hecho a mano con cuero Swift flexible en el elegante color Etoupe. El bolso est\u00e1 acentuado con herrajes en tono dorado, lo que agrega un toque lujoso. Con costuras en contraste y el caracter\u00edstico cierre Kelly en la parte delantera, combina un estilo atemporal con practicidad. El interior del bolso est\u00e1 forrado con piel en un tono Etoupe a juego. El <strong>Kelly Danse<\/strong> Etoupe ofrece opciones de transporte vers\u00e1tiles: se puede usar alrededor de la cintura, como mochila o cruzado, lo que lo hace perfecto para cualquier ocasi\u00f3n.<\/p>\n<p>Esta bolsa est\u00e1 en condiciones nuevas, sin usar (sello del a\u00f1o W). Viene con el recibo original de 2024, una bolsa para el polvo y la ic\u00f3nica caja naranja de Herm\u00e8s.<\/p>\n","protected":false},"featured_media":18358,"template":"","meta":[],"product_brand":[2433],"product_cat":[1860,1818,1838,1820,1845],"product_tag":[2322,2323],"class_list":{"0":"post-17247","1":"product","2":"type-product","3":"status-publish","4":"has-post-thumbnail","6":"product_brand-hermes-es","7":"product_cat-bandolera","8":"product_cat-bolso-pequeno","9":"product_cat-bolso-de-noche","10":"product_cat-bolso-cruzado","11":"product_cat-mochila","12":"product_tag-hermes-kelly-danse-es","13":"product_tag-kelly-danse-etoupe-es","14":"pa_brand-hermes-es","15":"pa_color-beige-es","16":"pa_grade-grado-1","17":"pa_hermes-models-kelly-es","18":"pa_material-cuero","20":"first","21":"instock","22":"sold-individually","23":"purchasable","24":"product-type-simple"},"_links":{"self":[{"href":"https:\/\/handbag-sense.com\/es\/wp-json\/wp\/v2\/product\/17247","targetHints":{"allow":["GET"]}}],"collection":[{"href":"https:\/\/handbag-sense.com\/es\/wp-json\/wp\/v2\/product"}],"about":[{"href":"https:\/\/handbag-sense.com\/es\/wp-json\/wp\/v2\/types\/product"}],"wp:featuredmedia":[{"embeddable":true,"href":"https:\/\/handbag-sense.com\/es\/wp-json\/wp\/v2\/media\/18358"}],"wp:attachment":[{"href":"https:\/\/handbag-sense.com\/es\/wp-json\/wp\/v2\/media?parent=17247"}],"wp:term":[{"taxonomy":"product_brand","embeddable":true,"href":"https:\/\/handbag-sense.com\/es\/wp-json\/wp\/v2\/product_brand?post=17247"},{"taxonomy":"product_cat","embeddable":true,"href":"https:\/\/handbag-sense.com\/es\/wp-json\/wp\/v2\/product_cat?post=17247"},{"taxonomy":"product_tag","embeddable":true,"href":"https:\/\/handbag-sense.com\/es\/wp-json\/wp\/v2\/product_tag?post=17247"}],"curies":[{"name":"wp","href":"https:\/\/api.w.org\/{rel}","templated":true}]}}