{"id":17145,"date":"2024-12-10T16:45:33","date_gmt":"2024-12-10T15:45:33","guid":{"rendered":"https:\/\/handbag-sense.com\/?post_type=product&#038;p=17145"},"modified":"2025-06-20T15:18:08","modified_gmt":"2025-06-20T13:18:08","slug":"bulgari-serpenti-viper-ring-2","status":"publish","type":"product","link":"https:\/\/handbag-sense.com\/es\/producto\/bulgari-serpenti-viper-ring-2\/","title":{"rendered":"Anillo de v\u00edbora Serpenti"},"content":{"rendered":"<div class=\"c-columns-m-1 c-columns-2 c-columns-gap-s\">\n<div><strong>Color:<\/strong> <strong>Elementos de metal<\/strong> rosa<br \/>\n: Oro rosa<\/div>\n<div><strong>Grado:<\/strong> 2 <img decoding=\"async\" class=\"info_box alignnone size-medium wp-image-885\" title=\"Informaci\u00f3n\" role=\"img\" src=\"https:\/\/handbag-sense.com\/wp-content\/uploads\/2023\/05\/info_icon.svg\" alt=\"Cuadro de informaci\u00f3n\" width=\"15\" height=\"15\"><br \/>\n<strong>Tama\u00f1o:<\/strong> S<\/div>\n<\/div>\n<p><strong>Incluye:<\/strong> Bolsa para el polvo, caja, recibo original, certificado<\/p>\n","protected":false},"excerpt":{"rendered":"<p>El <strong>anillo Serpenti Viper de Bulgari<\/strong> con dise\u00f1o de doble bobina elaborado en oro rosa de 18 quilates est\u00e1 adornado con detalles de pav\u00e9 de diamantes en la cabeza y la cola (0,10 quilates). Con su est\u00e9tica elegante, curvas favorecedoras y dise\u00f1o carism\u00e1tico, este anillo es una exquisita interpretaci\u00f3n de la colecci\u00f3n Serpenti, un s\u00edmbolo de transformaci\u00f3n y cambio eterno. El anillo de tama\u00f1o S est\u00e1 como nuevo y viene con la factura y el embalaje originales. Una pieza de lujo para ocasiones especiales.   <\/p>\n","protected":false},"featured_media":16953,"template":"","meta":[],"product_brand":[2413],"product_cat":[1822,1853],"product_tag":[2210],"class_list":{"0":"post-17145","1":"product","2":"type-product","3":"status-publish","4":"has-post-thumbnail","6":"product_brand-bulgari-es","7":"product_cat-accesorio","8":"product_cat-joyeria","9":"product_tag-bulgari-serpenti-viper-ring-es","10":"pa_brand-bulgari-es","11":"pa_color-rosado","12":"pa_grade-grado-2","14":"first","15":"outofstock","16":"shipping-taxable","17":"product-type-simple"},"_links":{"self":[{"href":"https:\/\/handbag-sense.com\/es\/wp-json\/wp\/v2\/product\/17145","targetHints":{"allow":["GET"]}}],"collection":[{"href":"https:\/\/handbag-sense.com\/es\/wp-json\/wp\/v2\/product"}],"about":[{"href":"https:\/\/handbag-sense.com\/es\/wp-json\/wp\/v2\/types\/product"}],"wp:featuredmedia":[{"embeddable":true,"href":"https:\/\/handbag-sense.com\/es\/wp-json\/wp\/v2\/media\/16953"}],"wp:attachment":[{"href":"https:\/\/handbag-sense.com\/es\/wp-json\/wp\/v2\/media?parent=17145"}],"wp:term":[{"taxonomy":"product_brand","embeddable":true,"href":"https:\/\/handbag-sense.com\/es\/wp-json\/wp\/v2\/product_brand?post=17145"},{"taxonomy":"product_cat","embeddable":true,"href":"https:\/\/handbag-sense.com\/es\/wp-json\/wp\/v2\/product_cat?post=17145"},{"taxonomy":"product_tag","embeddable":true,"href":"https:\/\/handbag-sense.com\/es\/wp-json\/wp\/v2\/product_tag?post=17145"}],"curies":[{"name":"wp","href":"https:\/\/api.w.org\/{rel}","templated":true}]}}