{"id":17142,"date":"2024-12-10T14:20:49","date_gmt":"2024-12-10T13:20:49","guid":{"rendered":"https:\/\/handbag-sense.com\/?post_type=product&#038;p=17142"},"modified":"2025-06-20T15:18:15","modified_gmt":"2025-06-20T13:18:15","slug":"bulgari-serpenti-viper-ring","status":"publish","type":"product","link":"https:\/\/handbag-sense.com\/es\/producto\/bulgari-serpenti-viper-ring\/","title":{"rendered":"Anillo de v\u00edbora Serpenti"},"content":{"rendered":"<div class=\"c-columns-m-1 c-columns-2 c-columns-gap-s\">\n<div><strong>Color:<\/strong> <strong>Elementos de metal<\/strong> amarillo<br \/>\n: Oro blanco<\/div>\n<div><strong>Grado:<\/strong> 2 <img decoding=\"async\" class=\"info_box alignnone size-medium wp-image-885\" title=\"Informaci\u00f3n\" role=\"img\" src=\"https:\/\/handbag-sense.com\/wp-content\/uploads\/2023\/05\/info_icon.svg\" alt=\"Cuadro de informaci\u00f3n\" width=\"15\" height=\"15\"><br \/>\n<strong>Tama\u00f1o:<\/strong> S<\/div>\n<\/div>\n<p><strong>Incluye:<\/strong> Bolsa para el polvo, caja, recibo original, certificado<\/p>\n","protected":false},"excerpt":{"rendered":"<p>El <strong>anillo Serpenti Viper de Bulgari<\/strong> en oro blanco de 18 quilates cautiva por su dise\u00f1o elegante y fluido y un pav\u00e9 de diamantes totalmente engastado (0,59 quilates). Esta ic\u00f3nica joya combina est\u00e9tica pura, formas favorecedoras y un estilo carism\u00e1tico, reinterpretando la colecci\u00f3n Serpenti como s\u00edmbolo de eterna transformaci\u00f3n. El anillo est\u00e1 en excelentes condiciones, como nuevo, y viene con la factura, el certificado y el embalaje originales, un compa\u00f1ero de lujo para los entusiastas de la joyer\u00eda m\u00e1s exigentes. Talla S.   <\/p>\n","protected":false},"featured_media":16790,"template":"","meta":[],"product_brand":[2413],"product_cat":[1822,1853],"product_tag":[2210],"class_list":{"0":"post-17142","1":"product","2":"type-product","3":"status-publish","4":"has-post-thumbnail","6":"product_brand-bulgari-es","7":"product_cat-accesorio","8":"product_cat-joyeria","9":"product_tag-bulgari-serpenti-viper-ring-es","10":"pa_brand-bulgari-es","11":"pa_color-blanco","12":"pa_grade-grado-2","14":"first","15":"outofstock","16":"shipping-taxable","17":"product-type-simple"},"_links":{"self":[{"href":"https:\/\/handbag-sense.com\/es\/wp-json\/wp\/v2\/product\/17142","targetHints":{"allow":["GET"]}}],"collection":[{"href":"https:\/\/handbag-sense.com\/es\/wp-json\/wp\/v2\/product"}],"about":[{"href":"https:\/\/handbag-sense.com\/es\/wp-json\/wp\/v2\/types\/product"}],"wp:featuredmedia":[{"embeddable":true,"href":"https:\/\/handbag-sense.com\/es\/wp-json\/wp\/v2\/media\/16790"}],"wp:attachment":[{"href":"https:\/\/handbag-sense.com\/es\/wp-json\/wp\/v2\/media?parent=17142"}],"wp:term":[{"taxonomy":"product_brand","embeddable":true,"href":"https:\/\/handbag-sense.com\/es\/wp-json\/wp\/v2\/product_brand?post=17142"},{"taxonomy":"product_cat","embeddable":true,"href":"https:\/\/handbag-sense.com\/es\/wp-json\/wp\/v2\/product_cat?post=17142"},{"taxonomy":"product_tag","embeddable":true,"href":"https:\/\/handbag-sense.com\/es\/wp-json\/wp\/v2\/product_tag?post=17142"}],"curies":[{"name":"wp","href":"https:\/\/api.w.org\/{rel}","templated":true}]}}