{"id":17138,"date":"2024-12-10T13:06:21","date_gmt":"2024-12-10T12:06:21","guid":{"rendered":"https:\/\/handbag-sense.com\/?post_type=product&#038;p=17138"},"modified":"2025-06-20T15:18:20","modified_gmt":"2025-06-20T13:18:20","slug":"cartier-juste-un-clou-ring","status":"publish","type":"product","link":"https:\/\/handbag-sense.com\/es\/producto\/cartier-juste-un-clou-ring\/","title":{"rendered":"Juste un Clou Ring"},"content":{"rendered":"<div class=\"c-columns-m-1 c-columns-2 c-columns-gap-s\">\n<div><strong>Color:<\/strong> <strong>Elementos de metal<\/strong> amarillo<br \/>\n: Oro amarillo<\/div>\n<div><strong>Grado:<\/strong> 2 <img decoding=\"async\" class=\"info_box alignnone size-medium wp-image-885\" title=\"Informaci\u00f3n\" role=\"img\" src=\"https:\/\/handbag-sense.com\/wp-content\/uploads\/2023\/05\/info_icon.svg\" alt=\"Cuadro de informaci\u00f3n\" width=\"15\" height=\"15\"><br \/>\n<strong>Talla:<\/strong> 48<\/div>\n<\/div>\n<p><strong>Incluye:<\/strong> Bolsa para el polvo, caja, recibo original<\/p>\n","protected":false},"excerpt":{"rendered":"<p>El<strong> anillo Cartier Juste un Clou<\/strong> en el modelo peque\u00f1o, elaborado en oro amarillo de 18 quilates en la talla 48, est\u00e1 como nuevo y sin signos de desgaste. Esta ic\u00f3nica pieza de joyer\u00eda combina un dise\u00f1o moderno con una elegancia atemporal. Se ofrece como un juego completo, que incluye el estuche y la caja originales de Cartier, el certificado y la factura original, perfecto para los amantes de la joyer\u00eda exclusiva o como regalo especial.  <\/p>\n","protected":false},"featured_media":16793,"template":"","meta":[],"product_brand":[2415],"product_cat":[1822,1853],"product_tag":[2207],"class_list":{"0":"post-17138","1":"product","2":"type-product","3":"status-publish","4":"has-post-thumbnail","6":"product_brand-cartier-es","7":"product_cat-accesorio","8":"product_cat-joyeria","9":"product_tag-cartier-juste-un-clou-ring-es","10":"pa_brand-cartier-es","11":"pa_color-amarillo","12":"pa_grade-grado-3","14":"first","15":"instock","16":"shipping-taxable","17":"purchasable","18":"product-type-simple"},"_links":{"self":[{"href":"https:\/\/handbag-sense.com\/es\/wp-json\/wp\/v2\/product\/17138","targetHints":{"allow":["GET"]}}],"collection":[{"href":"https:\/\/handbag-sense.com\/es\/wp-json\/wp\/v2\/product"}],"about":[{"href":"https:\/\/handbag-sense.com\/es\/wp-json\/wp\/v2\/types\/product"}],"wp:featuredmedia":[{"embeddable":true,"href":"https:\/\/handbag-sense.com\/es\/wp-json\/wp\/v2\/media\/16793"}],"wp:attachment":[{"href":"https:\/\/handbag-sense.com\/es\/wp-json\/wp\/v2\/media?parent=17138"}],"wp:term":[{"taxonomy":"product_brand","embeddable":true,"href":"https:\/\/handbag-sense.com\/es\/wp-json\/wp\/v2\/product_brand?post=17138"},{"taxonomy":"product_cat","embeddable":true,"href":"https:\/\/handbag-sense.com\/es\/wp-json\/wp\/v2\/product_cat?post=17138"},{"taxonomy":"product_tag","embeddable":true,"href":"https:\/\/handbag-sense.com\/es\/wp-json\/wp\/v2\/product_tag?post=17138"}],"curies":[{"name":"wp","href":"https:\/\/api.w.org\/{rel}","templated":true}]}}