{"id":16706,"date":"2024-11-21T12:51:18","date_gmt":"2024-11-21T11:51:18","guid":{"rendered":"https:\/\/handbag-sense.com\/?post_type=product&#038;p=16706"},"modified":"2025-06-20T15:19:20","modified_gmt":"2025-06-20T13:19:20","slug":"hermes-kelly-25-cocodrilo-mimosa","status":"publish","type":"product","link":"https:\/\/handbag-sense.com\/es\/producto\/hermes-kelly-25-cocodrilo-mimosa\/","title":{"rendered":"Kelly 25 Cocodrilo Mimosa Shiny"},"content":{"rendered":"<div class=\"c-columns-m-1 c-columns-2 c-columns-gap-s\">\n<div><strong>Material:<\/strong> Piel de cocodrilo<\/div>\n<div><strong>Color:<\/strong> Mimosa<br \/>\n<strong>Elementos met\u00e1licos:<\/strong> Herrajes de Paladio<br \/>\n<strong>Material interior:<\/strong> Piel<\/div>\n<div><strong>Grado:<\/strong> 1 <img decoding=\"async\" class=\"info_box alignnone size-medium wp-image-885\" title=\"Informaci\u00f3n\" role=\"img\" src=\"https:\/\/handbag-sense.com\/wp-content\/uploads\/2023\/05\/info_icon.svg\" alt=\"Cuadro de informaci\u00f3n\" width=\"15\" height=\"15\" \/><br \/>\n<strong>A\u00f1o de producci\u00f3n \/ Sello:<\/strong> 2022 \/ U<br \/>\n<strong>Tama\u00f1o:<\/strong> 25 x 19 x 9 cm<br \/>\n<strong>Env\u00edo:<\/strong> A todo el mundo<\/div>\n<\/div>\n<p><strong>Incluye:<\/strong> Recibo original, certificado Cites, bolsa guardapolvo, correa, clochette, cerradura, llaves, impermeable, fieltro, folleto, caja<\/p>\n","protected":false},"excerpt":{"rendered":"<p><strong>Hermes Kelly 25 Cocodrilo Mimosa Brillante con Herrajes de Paladio.<\/strong> Sum\u00e9rgete en el mundo de la exclusividad con el raro <strong>Herm\u00e8s Alligator Kelly 25<\/strong> en el encantador color Mimosa, hecho a mano con piel de cocodrilo brillante y adornado con herrajes de paladio, \u00a1una verdadera joya para los coleccionistas! Esta <strong>exclusiva Mimosa de cocodrilo Kelly de Herm\u00e8s<\/strong> establece nuevos est\u00e1ndares de lujo. Los herrajes plateados complementan la elegancia del color Mimosa, y cada detalle de este <strong>bolso Kelly 25<\/strong> da fe de la m\u00e1s alta artesan\u00eda.<\/p>\n<p>Esta hermosa Kelly 25 Mimosa en estilo Sellier es absolutamente nueva y nunca se usa, viene con el recibo original de 2022. Se incluyen el certificado Cites, la correa, la clochette, la cerradura, las llaves, la bolsa para el polvo de Herm\u00e8s y la caja naranja.<\/p>\n<p>Ya sea como inversi\u00f3n o como una pieza llamativa, este <strong>Alligator Kelly 25<\/strong> enriquecer\u00e1 significativamente no solo su guardarropa, sino tambi\u00e9n su pasi\u00f3n por la moda exclusiva. \u00a1Aprovecha esta rareza y haz una declaraci\u00f3n con una verdadera obra maestra de Herm\u00e8s!<\/p>\n","protected":false},"featured_media":18326,"template":"","meta":[],"product_brand":[2433],"product_cat":[1813,1818,1838],"product_tag":[2171,2337],"class_list":{"0":"post-16706","1":"product","2":"type-product","3":"status-publish","4":"has-post-thumbnail","6":"product_brand-hermes-es","7":"product_cat-bolso","8":"product_cat-bolso-pequeno","9":"product_cat-bolso-de-noche","10":"product_tag-hermes-kelly-mimosa-es","11":"product_tag-kelly-25-mimosa-es","12":"pa_brand-hermes-es","13":"pa_color-amarillo","14":"pa_grade-grado-1","15":"pa_hermes-models-kelly-es","16":"pa_material-cuero","17":"pa_material-cuero-exotico","19":"first","20":"outofstock","21":"shipping-taxable","22":"product-type-simple"},"_links":{"self":[{"href":"https:\/\/handbag-sense.com\/es\/wp-json\/wp\/v2\/product\/16706","targetHints":{"allow":["GET"]}}],"collection":[{"href":"https:\/\/handbag-sense.com\/es\/wp-json\/wp\/v2\/product"}],"about":[{"href":"https:\/\/handbag-sense.com\/es\/wp-json\/wp\/v2\/types\/product"}],"wp:featuredmedia":[{"embeddable":true,"href":"https:\/\/handbag-sense.com\/es\/wp-json\/wp\/v2\/media\/18326"}],"wp:attachment":[{"href":"https:\/\/handbag-sense.com\/es\/wp-json\/wp\/v2\/media?parent=16706"}],"wp:term":[{"taxonomy":"product_brand","embeddable":true,"href":"https:\/\/handbag-sense.com\/es\/wp-json\/wp\/v2\/product_brand?post=16706"},{"taxonomy":"product_cat","embeddable":true,"href":"https:\/\/handbag-sense.com\/es\/wp-json\/wp\/v2\/product_cat?post=16706"},{"taxonomy":"product_tag","embeddable":true,"href":"https:\/\/handbag-sense.com\/es\/wp-json\/wp\/v2\/product_tag?post=16706"}],"curies":[{"name":"wp","href":"https:\/\/api.w.org\/{rel}","templated":true}]}}