{"id":16696,"date":"2024-11-15T12:24:58","date_gmt":"2024-11-15T11:24:58","guid":{"rendered":"https:\/\/handbag-sense.com\/?post_type=product&#038;p=16696"},"modified":"2025-06-20T15:19:35","modified_gmt":"2025-06-20T13:19:35","slug":"hermes-constance-mini-alligator-shiny-amethyst","status":"publish","type":"product","link":"https:\/\/handbag-sense.com\/es\/producto\/hermes-constance-mini-alligator-shiny-amethyst\/","title":{"rendered":"Constance Mini Caim\u00e1n Amatista Brillante"},"content":{"rendered":"<div class=\"c-columns-m-1 c-columns-2 c-columns-gap-s\">\n<div><strong>Material:<\/strong> Cocodrilo Color brillante<br \/>\n<strong>:<\/strong> Amatista<br \/>\n<strong>Elementos met\u00e1licos:<\/strong> Oro Herrajes<br \/>\n<strong>Material interior:<\/strong> Cuero<\/div>\n<div><strong>Grado:<\/strong> 1 <img decoding=\"async\" class=\"info_box alignnone size-medium wp-image-885\" title=\"Informaci\u00f3n\" role=\"img\" src=\"https:\/\/handbag-sense.com\/wp-content\/uploads\/2023\/05\/info_icon.svg\" alt=\"Cuadro de informaci\u00f3n\" width=\"15\" height=\"15\"><br \/>\n<strong>a\u00f1o \/ Sello:<\/strong> 2024 \/ U<br \/>\n<strong>Tama\u00f1o:<\/strong> 18,5 x 15 x 4,5 cm<br \/>\n<strong>Env\u00edo:<\/strong> a todo el mundo<\/div>\n<\/div>\n<p><strong>Incluye:<\/strong> Recibo original, cites, bolsa para el polvo, fieltro, folleto, caja<\/p>\n","protected":false},"excerpt":{"rendered":"<p><strong>Herm\u00e8s Constance Mini Alligator Amatista brillante con herrajes dorados. <\/strong>Descubra el m\u00e1ximo lujo con el <strong>Herm\u00e8s Constance Mini<\/strong> en amatista brillante, hecho a mano con exquisita piel de cocodrilo, complementado con herrajes dorados. El <strong>Herm\u00e8s Mini Constance<\/strong> es el ep\u00edtome del estilo y la clase, haciendo una verdadera declaraci\u00f3n en el mundo de la moda.  Ya sea para ocasiones especiales o como compa\u00f1ero de todos los d\u00edas, este bolso pone acentos inconfundibles. Este magn\u00edfico <strong>Constance Mini<\/strong> es absolutamente nuevo y nunca se ha usado, viene con el recibo original de 2024. Se incluyen la bolsa para el polvo de Herm\u00e8s y la caja naranja.<\/p>\n","protected":false},"featured_media":18293,"template":"","meta":[],"product_brand":[2433],"product_cat":[1813,1818,1840,1838],"product_tag":[2338,2339],"class_list":{"0":"post-16696","1":"product","2":"type-product","3":"status-publish","4":"has-post-thumbnail","6":"product_brand-hermes-es","7":"product_cat-bolso","8":"product_cat-bolso-pequeno","9":"product_cat-clutch-pochette","10":"product_cat-bolso-de-noche","11":"product_tag-hermes-constance-mini-es","12":"product_tag-mini-caiman-de-constance","13":"pa_brand-hermes-es","14":"pa_color-lila-es","15":"pa_grade-grado-1","16":"pa_hermes-models-constance-es","17":"pa_material-cuero","18":"pa_material-cuero-exotico","20":"first","21":"instock","22":"shipping-taxable","23":"purchasable","24":"product-type-simple"},"_links":{"self":[{"href":"https:\/\/handbag-sense.com\/es\/wp-json\/wp\/v2\/product\/16696","targetHints":{"allow":["GET"]}}],"collection":[{"href":"https:\/\/handbag-sense.com\/es\/wp-json\/wp\/v2\/product"}],"about":[{"href":"https:\/\/handbag-sense.com\/es\/wp-json\/wp\/v2\/types\/product"}],"wp:featuredmedia":[{"embeddable":true,"href":"https:\/\/handbag-sense.com\/es\/wp-json\/wp\/v2\/media\/18293"}],"wp:attachment":[{"href":"https:\/\/handbag-sense.com\/es\/wp-json\/wp\/v2\/media?parent=16696"}],"wp:term":[{"taxonomy":"product_brand","embeddable":true,"href":"https:\/\/handbag-sense.com\/es\/wp-json\/wp\/v2\/product_brand?post=16696"},{"taxonomy":"product_cat","embeddable":true,"href":"https:\/\/handbag-sense.com\/es\/wp-json\/wp\/v2\/product_cat?post=16696"},{"taxonomy":"product_tag","embeddable":true,"href":"https:\/\/handbag-sense.com\/es\/wp-json\/wp\/v2\/product_tag?post=16696"}],"curies":[{"name":"wp","href":"https:\/\/api.w.org\/{rel}","templated":true}]}}