{"id":16498,"date":"2024-10-29T17:01:51","date_gmt":"2024-10-29T16:01:51","guid":{"rendered":"https:\/\/handbag-sense.com\/?post_type=product&#038;p=16498"},"modified":"2025-12-09T14:59:04","modified_gmt":"2025-12-09T13:59:04","slug":"hermes-kelly-28-togo-negro","status":"publish","type":"product","link":"https:\/\/handbag-sense.com\/es\/producto\/hermes-kelly-28-togo-negro\/","title":{"rendered":"Kelly 28 Togo Negro"},"content":{"rendered":"<div class=\"c-columns-m-1 c-columns-2 c-columns-gap-s\">\n<div><strong>Material:<\/strong> Cuero Togo<br \/>\n<strong>Color: <\/strong>Negro<br \/>\n<strong>Elementos met\u00e1licos:<\/strong> Herrajes Dorados<br \/>\n<strong>Material interior:<\/strong> Cuero<\/div>\n<div><strong>Grado: <\/strong> 1 <img decoding=\"async\" class=\"info_box alignnone size-medium wp-image-885\" title=\"Informaci\u00f3n\" role=\"img\" src=\"https:\/\/handbag-sense.com\/wp-content\/uploads\/2023\/05\/info_icon.svg\" alt=\"Cuadro de informaci\u00f3n\" width=\"15\" height=\"15\" \/><br \/>\n<strong>A\u00f1o de producci\u00f3n \/ Sello:<\/strong> 2024 \/ W<br \/>\n<strong>Tama\u00f1o:<\/strong> 28 x 20 x 10 cm<br \/>\n<strong>Env\u00edo:<\/strong> A todo el mundo<\/div>\n<\/div>\n<p><strong>Incluye:<\/strong> Recibo original, bolsa guardapolvo, correa, clochette, cerradura, llaves, fieltro, folleto, caja<\/p>\n","protected":false},"excerpt":{"rendered":"<p data-start=\"4143\" data-end=\"4220\"><strong data-start=\"4143\" data-end=\"4218\">Herm\u00e8s Kelly 28 Togo Negro con Herrajes Dorados \u2013 Nueva (Sello W)<\/strong><\/p>\n<p data-start=\"4222\" data-end=\"4856\">Esta <strong data-start=\"4227\" data-end=\"4245\">Kelly 28 Negro<\/strong> est\u00e1 confeccionada en el emblem\u00e1tico estilo Retourne, ofreciendo una silueta suave y ligeramente redondeada sin perder la estructura cl\u00e1sica de la l\u00ednea Kelly. Elaborada en cuero <strong data-start=\"4425\" data-end=\"4433\">Togo<\/strong>, flexible y de grano fino, en el eterno negro de Herm\u00e8s y combinada con herrajes dorados, representa una expresi\u00f3n impecable del lujo discreto. Totalmente <strong data-start=\"4589\" data-end=\"4612\">nueva y nunca usada<\/strong>, lleva el <strong data-start=\"4623\" data-end=\"4649\">sello Herm\u00e8s W de 2024<\/strong> y se entrega como un set completo: clochette, candado con dos llaves, correa, dust bag, la ic\u00f3nica caja naranja y el recibo Herm\u00e8s original de 2024.<\/p>\n<p data-start=\"4858\" data-end=\"5262\">Dise\u00f1ada para quienes buscan versatilidad y elegancia, la <strong data-start=\"4916\" data-end=\"4934\">Kelly 28 Black<\/strong> ofrece un tama\u00f1o ideal para el d\u00eda a d\u00eda y al mismo tiempo un porte refinado para ocasiones especiales. Gracias a su correa ajustable, puede llevarse c\u00f3modamente cruzada, lo que aumenta su funcionalidad. El acabado Retourne aporta suavidad y comodidad, mientras que los herrajes dorados a\u00f1aden un contraste c\u00e1lido y distintivo.<\/p>\n<p data-start=\"5264\" data-end=\"5617\">El modelo <strong data-start=\"5274\" data-end=\"5306\">Kelly 28 Black Gold Hardware<\/strong> es altamente valorado entre coleccionistas y se considera una destacada <strong data-start=\"5379\" data-end=\"5404\">luxury investment bag<\/strong>, gracias a su estabilidad de valor y a su constante demanda. Su combinaci\u00f3n cl\u00e1sica y su condici\u00f3n impecable la convierten en una <strong data-start=\"5535\" data-end=\"5562\">rare collectible Herm\u00e8s<\/strong>, ideal para quienes buscan piezas ic\u00f3nicas con legado.<\/p>\n<p data-start=\"5619\" data-end=\"5836\">La <strong data-start=\"5622\" data-end=\"5643\">Kelly 28 Retourne<\/strong> encarna la excelencia artesanal de la maison. Esta pieza nueva no solo es un accesorio sofisticado, sino tambi\u00e9n una inversi\u00f3n s\u00f3lida en uno de los dise\u00f1os m\u00e1s emblem\u00e1ticos del mundo del lujo.<\/p>\n","protected":false},"featured_media":18431,"template":"","meta":[],"product_brand":[2433],"product_cat":[1813,1860,1820],"product_tag":[2007,2006],"class_list":{"0":"post-16498","1":"product","2":"type-product","3":"status-publish","4":"has-post-thumbnail","6":"product_brand-hermes-es","7":"product_cat-bolso","8":"product_cat-bandolera","9":"product_cat-bolso-cruzado","10":"product_tag-hermes-kelly-28-es","11":"product_tag-kelly-28-negro","12":"pa_brand-hermes-es","13":"pa_color-negro","14":"pa_grade-grado-1","15":"pa_hermes-models-kelly-es","16":"pa_material-cuero","18":"first","19":"outofstock","20":"shipping-taxable","21":"product-type-simple"},"_links":{"self":[{"href":"https:\/\/handbag-sense.com\/es\/wp-json\/wp\/v2\/product\/16498","targetHints":{"allow":["GET"]}}],"collection":[{"href":"https:\/\/handbag-sense.com\/es\/wp-json\/wp\/v2\/product"}],"about":[{"href":"https:\/\/handbag-sense.com\/es\/wp-json\/wp\/v2\/types\/product"}],"wp:featuredmedia":[{"embeddable":true,"href":"https:\/\/handbag-sense.com\/es\/wp-json\/wp\/v2\/media\/18431"}],"wp:attachment":[{"href":"https:\/\/handbag-sense.com\/es\/wp-json\/wp\/v2\/media?parent=16498"}],"wp:term":[{"taxonomy":"product_brand","embeddable":true,"href":"https:\/\/handbag-sense.com\/es\/wp-json\/wp\/v2\/product_brand?post=16498"},{"taxonomy":"product_cat","embeddable":true,"href":"https:\/\/handbag-sense.com\/es\/wp-json\/wp\/v2\/product_cat?post=16498"},{"taxonomy":"product_tag","embeddable":true,"href":"https:\/\/handbag-sense.com\/es\/wp-json\/wp\/v2\/product_tag?post=16498"}],"curies":[{"name":"wp","href":"https:\/\/api.w.org\/{rel}","templated":true}]}}