{"id":15756,"date":"2024-10-14T18:43:17","date_gmt":"2024-10-14T16:43:17","guid":{"rendered":"https:\/\/handbag-sense.com\/?post_type=product&#038;p=15756"},"modified":"2025-06-20T15:24:08","modified_gmt":"2025-06-20T13:24:08","slug":"hermes-birkin-35-togo-gold-2","status":"publish","type":"product","link":"https:\/\/handbag-sense.com\/es\/producto\/hermes-birkin-35-togo-gold-2\/","title":{"rendered":"Birkin 35 Togo Oro"},"content":{"rendered":"<div class=\"c-columns-m-1 c-columns-2 c-columns-gap-s\">\n<div><strong>Material:<\/strong> Cuero Togo Color<br \/>\n<strong>:<\/strong> Dorado<br \/>\n<strong>Elementos met\u00e1licos:<\/strong> Paladio Herrajes<br \/>\n<strong>Material interior:<\/strong> Cuero<\/div>\n<div><strong>Grado: <\/strong>1 <img decoding=\"async\" class=\"info_box alignnone size-medium wp-image-885\" title=\"Informaci\u00f3n\" role=\"img\" src=\"https:\/\/handbag-sense.com\/wp-content\/uploads\/2023\/05\/info_icon.svg\" alt=\"Cuadro de informaci\u00f3n\" width=\"15\" height=\"15\"><br \/>\n<strong>A\u00f1o de producci\u00f3n \/ Sello:<\/strong> 2024 \/ W<br \/>\n<strong>Tama\u00f1o: <\/strong>35 x 25 x 18 cm<br \/>\n<strong>Env\u00edo: A<\/strong> todo el mundo<\/div>\n<\/div>\n<p><strong>Incluye:<\/strong> Factura, bolsa guardapolvo, clochette, llaves, cerradura, fieltro, cuadernillo, caja<\/p>\n","protected":false},"excerpt":{"rendered":"<p><strong>Herm\u00e8s Birkin 35 Togo Gold con herrajes de paladio<\/strong>. Este ic\u00f3nico bolso Birkin 35 est\u00e1 hecho a mano en piel de Togo en color dorado y refinado con herrajes de paladio.  Como s\u00edmbolo atemporal de la excelencia de la moda, el Birkin es considerado un icono en el mundo de los bolsos de lujo, representando una elegancia y clase sin igual. En la entrega se incluyen una clochette, un candado acompa\u00f1ado de dos llaves, la caracter\u00edstica bolsa guardapolvo de Herm\u00e8s y la ic\u00f3nica caja naranja. El <strong>Herm\u00e8s Birkin Gold<\/strong> est\u00e1 en un estado completamente nuevo y sin usar, y se incluye la factura original de 2024.<\/p>\n<p>&nbsp;<\/p>\n","protected":false},"featured_media":18428,"template":"","meta":[],"product_brand":[2433],"product_cat":[1813],"product_tag":[1952,1892,1895,1893],"class_list":{"0":"post-15756","1":"product","2":"type-product","3":"status-publish","4":"has-post-thumbnail","6":"product_brand-hermes-es","7":"product_cat-bolso","8":"product_tag-birkin-35-oro","9":"product_tag-birkin-35-togo-es","10":"product_tag-bolso-birkin-hermes","11":"product_tag-hermes-birkin-35-es","12":"pa_brand-hermes-es","13":"pa_color-oro","14":"pa_grade-grado-1","15":"pa_hermes-models-birkin-es","16":"pa_material-cuero","18":"first","19":"outofstock","20":"sold-individually","21":"product-type-simple"},"_links":{"self":[{"href":"https:\/\/handbag-sense.com\/es\/wp-json\/wp\/v2\/product\/15756","targetHints":{"allow":["GET"]}}],"collection":[{"href":"https:\/\/handbag-sense.com\/es\/wp-json\/wp\/v2\/product"}],"about":[{"href":"https:\/\/handbag-sense.com\/es\/wp-json\/wp\/v2\/types\/product"}],"wp:featuredmedia":[{"embeddable":true,"href":"https:\/\/handbag-sense.com\/es\/wp-json\/wp\/v2\/media\/18428"}],"wp:attachment":[{"href":"https:\/\/handbag-sense.com\/es\/wp-json\/wp\/v2\/media?parent=15756"}],"wp:term":[{"taxonomy":"product_brand","embeddable":true,"href":"https:\/\/handbag-sense.com\/es\/wp-json\/wp\/v2\/product_brand?post=15756"},{"taxonomy":"product_cat","embeddable":true,"href":"https:\/\/handbag-sense.com\/es\/wp-json\/wp\/v2\/product_cat?post=15756"},{"taxonomy":"product_tag","embeddable":true,"href":"https:\/\/handbag-sense.com\/es\/wp-json\/wp\/v2\/product_tag?post=15756"}],"curies":[{"name":"wp","href":"https:\/\/api.w.org\/{rel}","templated":true}]}}