{"id":15553,"date":"2024-10-07T17:52:06","date_gmt":"2024-10-07T15:52:06","guid":{"rendered":"https:\/\/handbag-sense.com\/?post_type=product&#038;p=15553"},"modified":"2025-06-20T15:24:16","modified_gmt":"2025-06-20T13:24:16","slug":"hermes-bride-a-brac-neceser-cosmetico-orange-feu","status":"publish","type":"product","link":"https:\/\/handbag-sense.com\/es\/producto\/hermes-bride-a-brac-neceser-cosmetico-orange-feu\/","title":{"rendered":"Bolso de Cosm\u00e9ticos Novia A Brac Naranja Feu"},"content":{"rendered":"<div class=\"c-columns-m-1 c-columns-2 c-columns-gap-s\">\n<div><strong>Material:<\/strong> Tejido<br \/>\n de algod\u00f3n<strong>Color:<\/strong> Naranja Feu<br \/>\n<strong>Elementos met\u00e1licos:<\/strong> Paladio Herrajes<br \/>\n<strong>Material interior:<\/strong> Tela<\/div>\n<div><strong>Grado:<\/strong> 1 <img decoding=\"async\" class=\"info_box alignnone size-medium wp-image-885\" title=\"Informaci\u00f3n\" role=\"img\" src=\"https:\/\/handbag-sense.com\/wp-content\/uploads\/2023\/05\/info_icon.svg\" alt=\"Cuadro de informaci\u00f3n\" width=\"15\" height=\"15\"><br \/>\n<strong>A\u00f1o de producci\u00f3n \/ Sello:<\/strong> 2024 \/ W<br \/>\n<strong>Tama\u00f1o:<\/strong> 25 x 21 x 14 cm<br \/>\n<strong>Env\u00edo: A<\/strong> todo el mundo<\/div>\n<\/div>\n","protected":false},"excerpt":{"rendered":"<p><strong>Herm\u00e8s Novia A Brac Bolsa de Cosm\u00e9ticos Naranja Feu.<\/strong>  Descubre el neceser Bride-\u00e0-Brac en el vibrante color Orange Feu, un modelo grande que combina a la perfecci\u00f3n estilo y funcionalidad. Este neceser, confeccionado en tejido de algod\u00f3n naranja de alta calidad, presenta un elegante bordado en \"H\" en la parte delantera. El forro resistente a la suciedad con un tejido con patr\u00f3n de espiga protege el contenido y facilita la limpieza. Con tres pr\u00e1cticos bolsillos internos, el bolso ofrece un amplio espacio para mantener tus art\u00edculos de tocador organizados y al alcance de la mano. Una caracter\u00edstica especial es el asa vers\u00e1til, que se puede acoplar al neceser de varias maneras, lo que le permite colgarlo c\u00f3modamente en el ba\u00f1o. Ideal para viajes o uso diario.<\/p>\n","protected":false},"featured_media":15132,"template":"","meta":[],"product_brand":[2433],"product_cat":[1818,1840,1822,1849],"product_tag":[2092],"class_list":{"0":"post-15553","1":"product","2":"type-product","3":"status-publish","4":"has-post-thumbnail","6":"product_brand-hermes-es","7":"product_cat-bolso-pequeno","8":"product_cat-clutch-pochette","9":"product_cat-accesorio","10":"product_cat-otras-categorias","11":"product_tag-hermes-novia-a-brac","12":"pa_brand-hermes-es","13":"pa_color-naranja","14":"pa_grade-grado-1","15":"pa_hermes-models-otros-modelos","16":"pa_material-tejido","18":"first","19":"outofstock","20":"sold-individually","21":"product-type-simple"},"_links":{"self":[{"href":"https:\/\/handbag-sense.com\/es\/wp-json\/wp\/v2\/product\/15553","targetHints":{"allow":["GET"]}}],"collection":[{"href":"https:\/\/handbag-sense.com\/es\/wp-json\/wp\/v2\/product"}],"about":[{"href":"https:\/\/handbag-sense.com\/es\/wp-json\/wp\/v2\/types\/product"}],"wp:featuredmedia":[{"embeddable":true,"href":"https:\/\/handbag-sense.com\/es\/wp-json\/wp\/v2\/media\/15132"}],"wp:attachment":[{"href":"https:\/\/handbag-sense.com\/es\/wp-json\/wp\/v2\/media?parent=15553"}],"wp:term":[{"taxonomy":"product_brand","embeddable":true,"href":"https:\/\/handbag-sense.com\/es\/wp-json\/wp\/v2\/product_brand?post=15553"},{"taxonomy":"product_cat","embeddable":true,"href":"https:\/\/handbag-sense.com\/es\/wp-json\/wp\/v2\/product_cat?post=15553"},{"taxonomy":"product_tag","embeddable":true,"href":"https:\/\/handbag-sense.com\/es\/wp-json\/wp\/v2\/product_tag?post=15553"}],"curies":[{"name":"wp","href":"https:\/\/api.w.org\/{rel}","templated":true}]}}