{"id":15511,"date":"2024-10-07T17:23:16","date_gmt":"2024-10-07T15:23:16","guid":{"rendered":"https:\/\/handbag-sense.com\/?post_type=product&#038;p=15511"},"modified":"2025-06-20T15:24:22","modified_gmt":"2025-06-20T13:24:22","slug":"hermes-evelyne-16-clemence-negro","status":"publish","type":"product","link":"https:\/\/handbag-sense.com\/es\/producto\/hermes-evelyne-16-clemence-negro\/","title":{"rendered":"Evelyne 16 Clemence Negro"},"content":{"rendered":"<div class=\"c-columns-m-1 c-columns-2 c-columns-gap-s\">\n<div><strong>Material:<\/strong> Piel Clemence<br \/>\n<strong>Color:<\/strong> Rouge H<br \/>\n<strong>Elementos met\u00e1licos:<\/strong> Oro Herrajes<br \/>\n<strong>Material interior:<\/strong> Piel natural<\/div>\n<div><strong>Grado: <\/strong> 1 <img decoding=\"async\" class=\"info_box alignnone size-medium wp-image-885\" title=\"Informaci\u00f3n\" role=\"img\" src=\"https:\/\/handbag-sense.com\/wp-content\/uploads\/2023\/05\/info_icon.svg\" alt=\"Cuadro de informaci\u00f3n\" width=\"15\" height=\"15\" \/><br \/>\n<strong>A\u00f1o de producci\u00f3n \/ Sello:<\/strong> 2024 \/ W<br \/>\n<strong>Tama\u00f1o:<\/strong> 16 x 18 x 5 cm<br \/>\n<strong>Env\u00edo:<\/strong> A todo el mundo<\/div>\n<\/div>\n<p><strong>Incluye:<\/strong> Recibo original, bolsa para el polvo, correa, caja<\/p>\n","protected":false},"excerpt":{"rendered":"<p><strong>Herm\u00e8s Evelyne 16 Clemence Negro con Herrajes de Oro.<\/strong> Este elegante Mini Evelyne en color negro est\u00e1 hecho a mano de cuero Taurillon Clemence estructurado con herrajes dorados. El bolso tiene costuras tonales, un cord\u00f3n y un Herm\u00e8s H-Oval perforado en la parte delantera. El bolso se abre con una correa cruzada a un interior de cuero natural. Est\u00e1 equipado con una correa extra\u00edble para el hombro\/cruz hecha de lona y cuero en color negro. \u00a1Este es un hermoso bolso de mensajer\u00eda de Herm\u00e8s, ideal para las necesidades diarias! La bolsa es absolutamente nueva.<\/p>\n","protected":false},"featured_media":18425,"template":"","meta":[],"product_brand":[2433],"product_cat":[1860,1818],"product_tag":[2345,2342,2343],"class_list":{"0":"post-15511","1":"product","2":"type-product","3":"status-publish","4":"has-post-thumbnail","6":"product_brand-hermes-es","7":"product_cat-bandolera","8":"product_cat-bolso-pequeno","9":"product_tag-hermes-evely-negro","10":"product_tag-hermes-evelyne-16-es","11":"product_tag-hermes-evelyne-mini-es","12":"pa_brand-hermes-es","13":"pa_color-negro","14":"pa_grade-grado-1","15":"pa_hermes-models-evelyne-es","16":"pa_material-cuero","18":"first","19":"outofstock","20":"shipping-taxable","21":"purchasable","22":"product-type-simple"},"_links":{"self":[{"href":"https:\/\/handbag-sense.com\/es\/wp-json\/wp\/v2\/product\/15511","targetHints":{"allow":["GET"]}}],"collection":[{"href":"https:\/\/handbag-sense.com\/es\/wp-json\/wp\/v2\/product"}],"about":[{"href":"https:\/\/handbag-sense.com\/es\/wp-json\/wp\/v2\/types\/product"}],"wp:featuredmedia":[{"embeddable":true,"href":"https:\/\/handbag-sense.com\/es\/wp-json\/wp\/v2\/media\/18425"}],"wp:attachment":[{"href":"https:\/\/handbag-sense.com\/es\/wp-json\/wp\/v2\/media?parent=15511"}],"wp:term":[{"taxonomy":"product_brand","embeddable":true,"href":"https:\/\/handbag-sense.com\/es\/wp-json\/wp\/v2\/product_brand?post=15511"},{"taxonomy":"product_cat","embeddable":true,"href":"https:\/\/handbag-sense.com\/es\/wp-json\/wp\/v2\/product_cat?post=15511"},{"taxonomy":"product_tag","embeddable":true,"href":"https:\/\/handbag-sense.com\/es\/wp-json\/wp\/v2\/product_tag?post=15511"}],"curies":[{"name":"wp","href":"https:\/\/api.w.org\/{rel}","templated":true}]}}