{"id":15390,"date":"2024-10-07T16:09:20","date_gmt":"2024-10-07T14:09:20","guid":{"rendered":"https:\/\/handbag-sense.com\/?post_type=product&#038;p=15390"},"modified":"2025-06-20T15:24:24","modified_gmt":"2025-06-20T13:24:24","slug":"hermes-kelly-32-epsom-negra","status":"publish","type":"product","link":"https:\/\/handbag-sense.com\/es\/producto\/hermes-kelly-32-epsom-negra\/","title":{"rendered":"Herm\u00e8s Kelly 32 Epsom Negro"},"content":{"rendered":"<div class=\"c-columns-m-1 c-columns-2 c-columns-gap-s\">\n<div><strong>Material:<\/strong> Cuero<br \/>\n Epsom<strong>Color:<\/strong> Negro<br \/>\n<strong>Elementos met\u00e1licos:<\/strong> Paladio Herrajes<br \/>\n<strong>Material interior:<\/strong> Cuero<\/div>\n<div><strong>Grado:<\/strong> 3 <img decoding=\"async\" class=\"info_box alignnone size-medium wp-image-885\" title=\"Informaci\u00f3n\" role=\"img\" src=\"https:\/\/handbag-sense.com\/wp-content\/uploads\/2023\/05\/info_icon.svg\" alt=\"Cuadro de informaci\u00f3n\" width=\"15\" height=\"15\"><br \/>\n<strong>A\u00f1o de producci\u00f3n \/ Sello: <\/strong>2016 \/ X<br \/>\n<strong>Tama\u00f1o:<\/strong> 32 x 23 x 10,5 cm<br \/>\n<strong>Env\u00edo:<\/strong> A todo el mundo<\/div>\n<\/div>\n<p><strong>Incluye:<\/strong> Recibo original, bolsa guardapolvo, correa, clochette, cerradura, llaves, caja Herm\u00e8s<\/p>\n","protected":false},"excerpt":{"rendered":"<p><strong>Herm\u00e8s Kelly 32 Epsom Negro con Herrajes de Paladio.  <\/strong>El Kelly 32 Sellier est\u00e1 hecho a mano con cuero Epsom negro cl\u00e1sico y adornado con herrajes de paladio. Ya sea que lo combines con jeans o tacones altos y vestidos, este bolso Kelly es la m\u00e1xima declaraci\u00f3n de moda. Tambi\u00e9n se puede llevar elegantemente como bandolera.  <\/p>\n<p>La bolsa ha sido cuidadosamente usada y est\u00e1 en muy buenas condiciones, con ligeros ara\u00f1azos visibles en los herrajes. Incluye una cerradura, dos llaves, la correa de hombro original, la bolsa para el polvo original y la factura original de 2016. El bolso Kelly de Herm\u00e8s es una pieza ic\u00f3nica que ha personificado la elegancia y la clase durante d\u00e9cadas.  <\/p>\n","protected":false},"featured_media":15369,"template":"","meta":[],"product_brand":[2433],"product_cat":[1813],"product_tag":[1919,1918],"class_list":{"0":"post-15390","1":"product","2":"type-product","3":"status-publish","4":"has-post-thumbnail","6":"product_brand-hermes-es","7":"product_cat-bolso","8":"product_tag-hermes-kelly-32-es","9":"product_tag-hermes-kelly-sellier-es","10":"pa_brand-hermes-es","11":"pa_color-negro","12":"pa_grade-grado-3","13":"pa_hermes-models-kelly-es","14":"pa_material-cuero","16":"first","17":"outofstock","18":"sold-individually","19":"shipping-taxable","20":"product-type-simple"},"_links":{"self":[{"href":"https:\/\/handbag-sense.com\/es\/wp-json\/wp\/v2\/product\/15390","targetHints":{"allow":["GET"]}}],"collection":[{"href":"https:\/\/handbag-sense.com\/es\/wp-json\/wp\/v2\/product"}],"about":[{"href":"https:\/\/handbag-sense.com\/es\/wp-json\/wp\/v2\/types\/product"}],"wp:featuredmedia":[{"embeddable":true,"href":"https:\/\/handbag-sense.com\/es\/wp-json\/wp\/v2\/media\/15369"}],"wp:attachment":[{"href":"https:\/\/handbag-sense.com\/es\/wp-json\/wp\/v2\/media?parent=15390"}],"wp:term":[{"taxonomy":"product_brand","embeddable":true,"href":"https:\/\/handbag-sense.com\/es\/wp-json\/wp\/v2\/product_brand?post=15390"},{"taxonomy":"product_cat","embeddable":true,"href":"https:\/\/handbag-sense.com\/es\/wp-json\/wp\/v2\/product_cat?post=15390"},{"taxonomy":"product_tag","embeddable":true,"href":"https:\/\/handbag-sense.com\/es\/wp-json\/wp\/v2\/product_tag?post=15390"}],"curies":[{"name":"wp","href":"https:\/\/api.w.org\/{rel}","templated":true}]}}