{"id":15231,"date":"2024-09-25T17:29:22","date_gmt":"2024-09-25T15:29:22","guid":{"rendered":"https:\/\/handbag-sense.com\/?post_type=product&#038;p=15231"},"modified":"2025-06-20T15:24:39","modified_gmt":"2025-06-20T13:24:39","slug":"hermes-kelly-25-togo-gold","status":"publish","type":"product","link":"https:\/\/handbag-sense.com\/es\/producto\/hermes-kelly-25-togo-gold\/","title":{"rendered":"Kelly 25 Togo Oro"},"content":{"rendered":"<div class=\"c-columns-m-1 c-columns-2 c-columns-gap-s\">\n<div><strong>Material:<\/strong> Cuero Togo Color<br \/>\n<strong>:<\/strong> Oro<br \/>\n<strong>Elementos met\u00e1licos:<\/strong> Oro Herrajes<br \/>\n<strong>Material interior:<\/strong> Cuero<\/div>\n<div><strong>Grado: <\/strong> 1 <img decoding=\"async\" class=\"info_box alignnone size-medium wp-image-885\" title=\"Informaci\u00f3n\" role=\"img\" src=\"https:\/\/handbag-sense.com\/wp-content\/uploads\/2023\/05\/info_icon.svg\" alt=\"Cuadro de informaci\u00f3n\" width=\"15\" height=\"15\"><br \/>\n<strong>A\u00f1o de producci\u00f3n \/ Sello:<\/strong> 2024 \/ B<br \/>\n<strong>Tama\u00f1o:<\/strong> 25 x 19 x 9 cm<br \/>\n<strong>Env\u00edo:<\/strong> A todo el mundo<\/div>\n<\/div>\n<p><strong>Incluye:<\/strong> Recibo original, bolsa guardapolvo, correa, clochette, cerradura, llaves, fieltro, folleto, caja<\/p>\n","protected":false},"excerpt":{"rendered":"<p><strong>Herm\u00e8s Kelly 25 Togo Oro con Herrajes de Oro.<\/strong> El <strong>Herm\u00e8s Kelly 25 Retourne<\/strong> en Togo Gold con herrajes dorados es una obra maestra atemporal. Confeccionado a mano con lujosa piel de Togo en el ic\u00f3nico tono dorado, este bolso se acent\u00faa con elegantes herrajes dorados. Incluye todos los accesorios originales: clochette, cerradura, dos llaves, la bandolera original, caja y la factura de compra de 2024. Su dise\u00f1o vers\u00e1til permite llevarlo con estilo como bandolera, lo que lo hace perfecto para diversas ocasiones. El Kelly est\u00e1 en condiciones nuevas y sin usar, con el sello del a\u00f1o B. El <strong>Kelly 25 en Togo Gold<\/strong> es m\u00e1s que un accesorio, es una inversi\u00f3n de por vida en elegancia y estilo.    <\/p>\n","protected":false},"featured_media":18452,"template":"","meta":[],"product_brand":[2433],"product_cat":[1813],"product_tag":[2005,2330],"class_list":{"0":"post-15231","1":"product","2":"type-product","3":"status-publish","4":"has-post-thumbnail","6":"product_brand-hermes-es","7":"product_cat-bolso","8":"product_tag-hermes-kelly-25-es","9":"product_tag-kelly-25-oro","10":"pa_brand-hermes-es","11":"pa_color-oro","12":"pa_grade-grado-1","13":"pa_hermes-models-kelly-es","14":"pa_material-cuero","16":"first","17":"outofstock","18":"shipping-taxable","19":"product-type-simple"},"_links":{"self":[{"href":"https:\/\/handbag-sense.com\/es\/wp-json\/wp\/v2\/product\/15231","targetHints":{"allow":["GET"]}}],"collection":[{"href":"https:\/\/handbag-sense.com\/es\/wp-json\/wp\/v2\/product"}],"about":[{"href":"https:\/\/handbag-sense.com\/es\/wp-json\/wp\/v2\/types\/product"}],"wp:featuredmedia":[{"embeddable":true,"href":"https:\/\/handbag-sense.com\/es\/wp-json\/wp\/v2\/media\/18452"}],"wp:attachment":[{"href":"https:\/\/handbag-sense.com\/es\/wp-json\/wp\/v2\/media?parent=15231"}],"wp:term":[{"taxonomy":"product_brand","embeddable":true,"href":"https:\/\/handbag-sense.com\/es\/wp-json\/wp\/v2\/product_brand?post=15231"},{"taxonomy":"product_cat","embeddable":true,"href":"https:\/\/handbag-sense.com\/es\/wp-json\/wp\/v2\/product_cat?post=15231"},{"taxonomy":"product_tag","embeddable":true,"href":"https:\/\/handbag-sense.com\/es\/wp-json\/wp\/v2\/product_tag?post=15231"}],"curies":[{"name":"wp","href":"https:\/\/api.w.org\/{rel}","templated":true}]}}