{"id":15081,"date":"2024-09-24T21:58:21","date_gmt":"2024-09-24T19:58:21","guid":{"rendered":"https:\/\/handbag-sense.com\/?post_type=product&#038;p=15081"},"modified":"2025-06-20T15:24:42","modified_gmt":"2025-06-20T13:24:42","slug":"hermes-birkin-30-negra-togo","status":"publish","type":"product","link":"https:\/\/handbag-sense.com\/es\/producto\/hermes-birkin-30-negra-togo\/","title":{"rendered":"Birkin 30 Negro Togo"},"content":{"rendered":"<div class=\"c-columns-m-1 c-columns-2 c-columns-gap-s\">\n<div><strong>Material:<\/strong> Cuero Togo Color<br \/>\n<strong>:<\/strong> Negro<br \/>\n<strong>Elementos met\u00e1licos:<\/strong> Paladio Herrajes<br \/>\n<strong>Material interior:<\/strong> Cuero<\/div>\n<div><strong>Grado: <\/strong>3 <img decoding=\"async\" class=\"info_box alignnone size-medium wp-image-885\" title=\"Informaci\u00f3n\" role=\"img\" src=\"https:\/\/handbag-sense.com\/wp-content\/uploads\/2023\/05\/info_icon.svg\" alt=\"Cuadro de informaci\u00f3n\" width=\"15\" height=\"15\"><br \/>\n<strong>A\u00f1o de producci\u00f3n \/ Sello:<\/strong> 2017 \/ A<br \/>\n<strong>Tama\u00f1o:<\/strong> 30 x 22 x 16 cm<br \/>\n<strong>Env\u00edo:<\/strong> A todo el mundo<\/div>\n<\/div>\n<p><strong>Incluye:<\/strong> Recibo original, clochette, llaves, cerradura, caja, bolsa guardapolvo, chubasquero<\/p>\n","protected":false},"excerpt":{"rendered":"<p><strong>Herm\u00e8s Birkin 30 Negro Togo con Herrajes de Paladio<\/strong>. Eleva tu estilo con este ic\u00f3nico Birkin 30 de Herm\u00e8s, hecho a mano en piel de Togo en negro cl\u00e1sico, acabado con elegantes herrajes de paladio. Este bolso atemporal cuenta con asas de cuero enrolladas y un cierre de correa seguro, rematado con un refinado cierre giratorio de paladio. El codiciado Birkin 30 no solo es elegante, sino tambi\u00e9n muy pr\u00e1ctico, ya que ofrece un amplio espacio para todos sus elementos esenciales diarios. Es el compa\u00f1ero perfecto para ocasiones profesionales, a\u00f1adiendo un toque de lujo a cualquier atuendo. La bolsa est\u00e1 en excelentes condiciones; Algunas pegatinas protectoras todav\u00eda est\u00e1n en el hardware. El paquete incluye el recibo original, la bolsa para el polvo de Herm\u00e8s, la funda de cuero, el juego de llaves y la caja de Herm\u00e8s. Este <strong>Birkin 30<\/strong> es m\u00e1s que un simple accesorio: encarna un gusto exquisito y un lujo funcional.       <\/p>\n<p>&nbsp;<\/p>\n","protected":false},"featured_media":18422,"template":"","meta":[],"product_brand":[2433],"product_cat":[1813],"product_tag":[1899,1905,1897],"class_list":{"0":"post-15081","1":"product","2":"type-product","3":"status-publish","4":"has-post-thumbnail","6":"product_brand-hermes-es","7":"product_cat-bolso","8":"product_tag-birkin-30-negro","9":"product_tag-birkin-30-togo-es","10":"product_tag-hermes-birkin-30-es","11":"pa_brand-hermes-es","12":"pa_color-negro","13":"pa_color-azul","14":"pa_grade-grado-4","15":"pa_hermes-models-birkin-es","16":"pa_material-cuero","18":"first","19":"outofstock","20":"shipping-taxable","21":"product-type-simple"},"_links":{"self":[{"href":"https:\/\/handbag-sense.com\/es\/wp-json\/wp\/v2\/product\/15081","targetHints":{"allow":["GET"]}}],"collection":[{"href":"https:\/\/handbag-sense.com\/es\/wp-json\/wp\/v2\/product"}],"about":[{"href":"https:\/\/handbag-sense.com\/es\/wp-json\/wp\/v2\/types\/product"}],"wp:featuredmedia":[{"embeddable":true,"href":"https:\/\/handbag-sense.com\/es\/wp-json\/wp\/v2\/media\/18422"}],"wp:attachment":[{"href":"https:\/\/handbag-sense.com\/es\/wp-json\/wp\/v2\/media?parent=15081"}],"wp:term":[{"taxonomy":"product_brand","embeddable":true,"href":"https:\/\/handbag-sense.com\/es\/wp-json\/wp\/v2\/product_brand?post=15081"},{"taxonomy":"product_cat","embeddable":true,"href":"https:\/\/handbag-sense.com\/es\/wp-json\/wp\/v2\/product_cat?post=15081"},{"taxonomy":"product_tag","embeddable":true,"href":"https:\/\/handbag-sense.com\/es\/wp-json\/wp\/v2\/product_tag?post=15081"}],"curies":[{"name":"wp","href":"https:\/\/api.w.org\/{rel}","templated":true}]}}